{"id":855,"date":"2020-08-31T16:18:20","date_gmt":"2020-08-31T14:18:20","guid":{"rendered":"https:\/\/dl-nordwest.com\/?page_id=855"},"modified":"2024-02-05T03:01:35","modified_gmt":"2024-02-05T02:01:35","slug":"vortraege-digitalfunk","status":"publish","type":"page","link":"https:\/\/dl-nordwest.com\/index.php\/anleitungen\/vortraege-digitalfunk\/","title":{"rendered":"Vortr\u00e4ge Digitalfunk"},"content":{"rendered":"\n<p>Diese Vortr\u00e4ge sind nat\u00fcrlich zum Eigenstudium, als auch zum Vortrag in eurem Ortsverband gedacht. Bitte seid so fair und \u00e4ndert sie nicht ab. Das erstellen ist eine Menge Arbeit, deswegen w\u00fcrde ich mich freuen, wenn alles Orginal bleibt.<\/p>\n\n\n\n<p>Es handelt sich jeweils um die Grundlagen, also eher f\u00fcr Anf\u00e4nger als f\u00fcr Fortgeschrittene gedacht.<\/p>\n\n\n<div class=\"sdm_download_item \"><div class=\"sdm_download_item_top\"><div class=\"sdm_download_thumbnail\"><\/div><div class=\"sdm_download_title\">1.) Digitalfunk Grundlagen by DK5BS<\/div><\/div><div style=\"clear:both;\"><\/div><div class=\"sdm_download_description\"><\/div><div class=\"sdm_download_link\"><span class=\"sdm_download_button\"><a href=\"https:\/\/dl-nordwest.com\/?sdm_process_download=1&#038;download_id=837\" class=\"sdm_download blue\" title=\"1.) Digitalfunk Grundlagen by DK5BS\" target=\"_blank\">Jetzt herunterladen!<\/a><\/span><\/div><\/div><div class=\"sdm_clear_float\"><\/div>\n\n<div class=\"sdm_download_item \"><div class=\"sdm_download_item_top\"><div class=\"sdm_download_thumbnail\"><\/div><div class=\"sdm_download_title\">2.) C4FM-Grundlagen-Netze-und-Geraete<\/div><\/div><div style=\"clear:both;\"><\/div><div class=\"sdm_download_description\"><\/div><div class=\"sdm_download_link\"><span class=\"sdm_download_button\"><a href=\"https:\/\/dl-nordwest.com\/?sdm_process_download=1&#038;download_id=842\" class=\"sdm_download blue\" title=\"2.) C4FM-Grundlagen-Netze-und-Geraete\" target=\"_blank\">Jetzt herunterladen!<\/a><\/span><\/div><\/div><div class=\"sdm_clear_float\"><\/div>\n\n<div class=\"sdm_download_item \"><div class=\"sdm_download_item_top\"><div class=\"sdm_download_thumbnail\"><\/div><div class=\"sdm_download_title\">3.) D-STAR-Grundlagen-Netze-und-Geraete<\/div><\/div><div style=\"clear:both;\"><\/div><div class=\"sdm_download_description\"><\/div><div class=\"sdm_download_link\"><span class=\"sdm_download_button\"><a href=\"https:\/\/dl-nordwest.com\/?sdm_process_download=1&#038;download_id=843\" class=\"sdm_download blue\" title=\"3.) D-STAR-Grundlagen-Netze-und-Geraete\" target=\"_blank\">Jetzt herunterladen!<\/a><\/span><\/div><\/div><div class=\"sdm_clear_float\"><\/div>\n\n<div class=\"sdm_download_item \"><div class=\"sdm_download_item_top\"><div class=\"sdm_download_thumbnail\"><\/div><div class=\"sdm_download_title\">4.) DMR-Grundlagen-Netze-und-Geraete<\/div><\/div><div style=\"clear:both;\"><\/div><div class=\"sdm_download_description\"><\/div><div class=\"sdm_download_link\"><span class=\"sdm_download_button\"><a href=\"https:\/\/dl-nordwest.com\/?sdm_process_download=1&#038;download_id=844\" class=\"sdm_download blue\" title=\"4.) DMR-Grundlagen-Netze-und-Geraete\" target=\"_blank\">Jetzt herunterladen!<\/a><\/span><\/div><\/div><div class=\"sdm_clear_float\"><\/div>\n\n<div class=\"sdm_download_item \"><div class=\"sdm_download_item_top\"><div class=\"sdm_download_thumbnail\"><\/div><div class=\"sdm_download_title\">5.) DL-Nordwest &#8211; Aufbau und Struktur<\/div><\/div><div style=\"clear:both;\"><\/div><div class=\"sdm_download_description\"><\/div><div class=\"sdm_download_link\"><span class=\"sdm_download_button\"><a href=\"https:\/\/dl-nordwest.com\/?sdm_process_download=1&#038;download_id=973\" class=\"sdm_download blue\" title=\"5.) DL-Nordwest &#8211; Aufbau und Struktur\" target=\"_self\">Jetzt herunterladen!<\/a><\/span><\/div><\/div><div class=\"sdm_clear_float\"><\/div>\n\n<div class=\"sdm_download_item \"><div class=\"sdm_download_item_top\"><div class=\"sdm_download_thumbnail\"><\/div><div class=\"sdm_download_title\">6.) DMR &#8211; Der Codeplug<\/div><\/div><div style=\"clear:both;\"><\/div><div class=\"sdm_download_description\"><\/div><div class=\"sdm_download_link\"><span class=\"sdm_download_button\"><a href=\"https:\/\/dl-nordwest.com\/?sdm_process_download=1&#038;download_id=850\" class=\"sdm_download blue\" title=\"6.) DMR &#8211; Der Codeplug\" target=\"_blank\">Jetzt herunterladen!<\/a><\/span><\/div><\/div><div class=\"sdm_clear_float\"><\/div>","protected":false},"excerpt":{"rendered":"<p>Diese Vortr\u00e4ge sind nat\u00fcrlich zum Eigenstudium, als auch zum Vortrag in eurem Ortsverband gedacht. Bitte seid so fair und \u00e4ndert sie nicht ab. Das erstellen ist eine Menge Arbeit, deswegen w\u00fcrde ich mich freuen, wenn alles Orginal bleibt. Es handelt sich jeweils um die Grundlagen, also eher f\u00fcr Anf\u00e4nger als f\u00fcr Fortgeschrittene gedacht.<\/p>\n","protected":false},"author":2,"featured_media":3619,"parent":56,"menu_order":10,"comment_status":"closed","ping_status":"closed","template":"","meta":{"rop_custom_images_group":[],"rop_custom_messages_group":[],"rop_publish_now":"initial","rop_publish_now_accounts":[],"rop_publish_now_history":[],"rop_publish_now_status":"pending","footnotes":""},"class_list":["post-855","page","type-page","status-publish","has-post-thumbnail","hentry"],"_links":{"self":[{"href":"https:\/\/dl-nordwest.com\/index.php\/wp-json\/wp\/v2\/pages\/855","targetHints":{"allow":["GET"]}}],"collection":[{"href":"https:\/\/dl-nordwest.com\/index.php\/wp-json\/wp\/v2\/pages"}],"about":[{"href":"https:\/\/dl-nordwest.com\/index.php\/wp-json\/wp\/v2\/types\/page"}],"author":[{"embeddable":true,"href":"https:\/\/dl-nordwest.com\/index.php\/wp-json\/wp\/v2\/users\/2"}],"replies":[{"embeddable":true,"href":"https:\/\/dl-nordwest.com\/index.php\/wp-json\/wp\/v2\/comments?post=855"}],"version-history":[{"count":0,"href":"https:\/\/dl-nordwest.com\/index.php\/wp-json\/wp\/v2\/pages\/855\/revisions"}],"up":[{"embeddable":true,"href":"https:\/\/dl-nordwest.com\/index.php\/wp-json\/wp\/v2\/pages\/56"}],"wp:featuredmedia":[{"embeddable":true,"href":"https:\/\/dl-nordwest.com\/index.php\/wp-json\/wp\/v2\/media\/3619"}],"wp:attachment":[{"href":"https:\/\/dl-nordwest.com\/index.php\/wp-json\/wp\/v2\/media?parent=855"}],"curies":[{"name":"wp","href":"https:\/\/api.w.org\/{rel}","templated":true}]}}