{"id":8118,"date":"2026-02-04T01:59:11","date_gmt":"2026-02-04T00:59:11","guid":{"rendered":"https:\/\/dl-nordwest.com\/?page_id=8118"},"modified":"2026-02-04T01:59:12","modified_gmt":"2026-02-04T00:59:12","slug":"optimale-mic-gain-einstellung-fuer-dein-digitalfunkgeraet","status":"publish","type":"page","link":"https:\/\/dl-nordwest.com\/index.php\/optimale-mic-gain-einstellung-fuer-dein-digitalfunkgeraet\/","title":{"rendered":"Optimale Mic-Gain-Einstellung f\u00fcr dein Digitalfunkger\u00e4t"},"content":{"rendered":"\n<p>In der folgenden \u00dcbersichtstabelle haben wir die optimalen Mic-Gain-Einstellungen f\u00fcr verschiedene am Markt erh\u00e4ltliche Digitalfunkger\u00e4te f\u00fcr euch zusammengefasst.<\/p>\n\n\n<h2 id=\"tablepress-17-name\" class=\"tablepress-table-name tablepress-table-name-id-17\">Mic Gain Einstellung Digitale Ger\u00e4te<\/h2>\n\n<table id=\"tablepress-17\" class=\"tablepress tablepress-id-17 tbody-has-connected-cells\" aria-labelledby=\"tablepress-17-name\">\n<thead>\n<tr class=\"row-1\">\n\t<th colspan=\"2\" class=\"column-1\">Ger\u00e4te Typ<\/th><th class=\"column-3\">Digital<\/th><th class=\"column-4\">FM<\/th>\n<\/tr>\n<\/thead>\n<tbody class=\"row-striping row-hover\">\n<tr class=\"row-2\">\n\t<td rowspan=\"13\" class=\"column-1\">YAESU<\/td><td class=\"column-2\">FT-70 D<\/td><td class=\"column-3\">2<\/td><td class=\"column-4\">9<\/td>\n<\/tr>\n<tr class=\"row-3\">\n\t<td class=\"column-2\">FT1XD<\/td><td class=\"column-3\">5<\/td><td class=\"column-4\">5<\/td>\n<\/tr>\n<tr class=\"row-4\">\n\t<td class=\"column-2\">FT2D<\/td><td class=\"column-3\">2<\/td><td class=\"column-4\">8<\/td>\n<\/tr>\n<tr class=\"row-5\">\n\t<td class=\"column-2\">FT3D<\/td><td class=\"column-3\">4<\/td><td class=\"column-4\">4<\/td>\n<\/tr>\n<tr class=\"row-6\">\n\t<td class=\"column-2\">FT5D<\/td><td class=\"column-3\">4<\/td><td class=\"column-4\">4<\/td>\n<\/tr>\n<tr class=\"row-7\">\n\t<td class=\"column-2\">FTM-100D<\/td><td class=\"column-3\">normal<\/td><td class=\"column-4\">normal<\/td>\n<\/tr>\n<tr class=\"row-8\">\n\t<td class=\"column-2\">FTM-200D<\/td><td class=\"column-3\">normal<\/td><td class=\"column-4\">normal<\/td>\n<\/tr>\n<tr class=\"row-9\">\n\t<td class=\"column-2\">FTM-300D<\/td><td class=\"column-3\">normal<\/td><td class=\"column-4\">normal<\/td>\n<\/tr>\n<tr class=\"row-10\">\n\t<td class=\"column-2\">FTM-400D<\/td><td class=\"column-3\">normal<\/td><td class=\"column-4\">normal<\/td>\n<\/tr>\n<tr class=\"row-11\">\n\t<td class=\"column-2\">FTM-500D<\/td><td class=\"column-3\">normal<\/td><td class=\"column-4\">normal<\/td>\n<\/tr>\n<tr class=\"row-12\">\n\t<td class=\"column-2\">FTM-510D<\/td><td class=\"column-3\">normal<\/td><td class=\"column-4\">normal<\/td>\n<\/tr>\n<tr class=\"row-13\">\n\t<td class=\"column-2\">FT-991 (A)<\/td><td class=\"column-3\">40-50<\/td><td class=\"column-4\">80<\/td>\n<\/tr>\n<tr class=\"row-14\">\n\t<td class=\"column-2\">FTX-1 Series<\/td><td class=\"column-3\">40<\/td><td class=\"column-4\"><\/td>\n<\/tr>\n<tr class=\"row-15\">\n\t<td rowspan=\"7\" class=\"column-1\">Icom<\/td><td class=\"column-2\">ID-51<\/td><td class=\"column-3\">2<\/td><td class=\"column-4\"><\/td>\n<\/tr>\n<tr class=\"row-16\">\n\t<td class=\"column-2\">ID-52<\/td><td class=\"column-3\">2<\/td><td class=\"column-4\"><\/td>\n<\/tr>\n<tr class=\"row-17\">\n\t<td class=\"column-2\">ID-4100D<\/td><td class=\"column-3\">2<\/td><td class=\"column-4\"><\/td>\n<\/tr>\n<tr class=\"row-18\">\n\t<td class=\"column-2\">ID-5100D<\/td><td class=\"column-3\">2<\/td><td class=\"column-4\"><\/td>\n<\/tr>\n<tr class=\"row-19\">\n\t<td class=\"column-2\">IC-705<\/td><td class=\"column-3\">20<\/td><td class=\"column-4\"><\/td>\n<\/tr>\n<tr class=\"row-20\">\n\t<td class=\"column-2\">IC-7100<\/td><td class=\"column-3\">20-30<\/td><td class=\"column-4\">80-100<\/td>\n<\/tr>\n<tr class=\"row-21\">\n\t<td class=\"column-2\">IC-9700<\/td><td class=\"column-3\">16<\/td><td class=\"column-4\"><\/td>\n<\/tr>\n<tr class=\"row-22\">\n\t<td class=\"column-1\">DMR Ger\u00e4te<\/td><td class=\"column-2\">AnyTone 868\/878<\/td><td class=\"column-3\">1-2<\/td><td class=\"column-4\"><\/td>\n<\/tr>\n<tr class=\"row-23\">\n\t<td class=\"column-1\"><\/td><td class=\"column-2\">GD77 Firmware (auch auf Retevis)<\/td><td class=\"column-3\">-6 dB<\/td><td class=\"column-4\"><\/td>\n<\/tr>\n<\/tbody>\n<\/table>\n<!-- #tablepress-17 from cache -->\n\n\n\n<div style=\"height:40px\" aria-hidden=\"true\" class=\"wp-block-spacer\"><\/div>\n\n\n\n<p>Wie ihr zu den jeweiligen Einstellungen gelangt, k\u00f6nnt ihr dem Handbuch eures Funkger\u00e4tes entnehmen, das ihr in unserer <a href=\"https:\/\/dl-nordwest.com\/index.php\/anleitungen\/\" target=\"_blank\" rel=\"noreferrer noopener\">Downloadsektion<\/a> herunterladen k\u00f6nnt.<\/p>\n\n\n<div class=\"wp-caption alignnone\" style=\"width:670px;\"><div class=\"browser-shot \"><a href=\"https:\/\/dl-nordwest.com\/index.php\/anleitungen\/\"  target=\"_blank\"><img loading=\"lazy\" decoding=\"async\" src=\"https:\/\/s0.wp.com\/mshots\/v1\/https%3A%2F%2Fdl-nordwest.com%2Findex.php%2Fanleitungen%2F?w=660&#038;h=450\" alt=\"Screenshot von dl-nordwest.com\" width=\"660\" height=\"450\" class=\"\" \/><\/a><\/div><p class=\"wp-caption-text\">DL-Nordwest Downloads<\/p><\/div>\n\n\n\n<div style=\"height:40px\" aria-hidden=\"true\" class=\"wp-block-spacer\"><\/div>\n\n\n\n<p>Abschlie\u00dfend findet ihr hier noch unseren Beitrag mit weiteren Hinweisen und Tipps.<\/p>\n\n\n<div class=\"display-posts-listing\"><div class=\"listing-item\"><a class=\"image\" href=\"https:\/\/dl-nordwest.com\/index.php\/2024\/06\/23\/bruellend-laut-so-stellt-ihr-das-mic-gain-richtig-ein\/\"><img loading=\"lazy\" decoding=\"async\" width=\"660\" height=\"406\" src=\"https:\/\/dl-nordwest.com\/wp-content\/uploads\/2024\/06\/micgain_title.jpg\" class=\"attachment-large size-large wp-post-image\" alt=\"\" srcset=\"https:\/\/dl-nordwest.com\/wp-content\/uploads\/2024\/06\/micgain_title.jpg 968w, https:\/\/dl-nordwest.com\/wp-content\/uploads\/2024\/06\/micgain_title-300x184.jpg 300w, https:\/\/dl-nordwest.com\/wp-content\/uploads\/2024\/06\/micgain_title-768x472.jpg 768w\" sizes=\"auto, (max-width: 660px) 100vw, 660px\" \/><\/a> <a class=\"title\" href=\"https:\/\/dl-nordwest.com\/index.php\/2024\/06\/23\/bruellend-laut-so-stellt-ihr-das-mic-gain-richtig-ein\/\">Br\u00fcllend laut!! So stellt ihr das Mic Gain richtig ein<\/a><\/div><\/div>\n\n\n\n<div style=\"height:100px\" aria-hidden=\"true\" class=\"wp-block-spacer\"><\/div>\n\n\n\n<div class=\"wp-block-group\"><div class=\"wp-block-group__inner-container is-layout-constrained wp-block-group-is-layout-constrained\">\n<div class=\"wp-block-group\"><div class=\"wp-block-group__inner-container is-layout-constrained wp-block-group-is-layout-constrained\">\n<div class=\"wp-block-group ticss-9f26972e has-bright-blue-background-color has-background\"><div class=\"wp-block-group__inner-container is-layout-constrained wp-block-group-is-layout-constrained\">\n<p class=\"ticss-197aaafd\"><em>M\u00f6chtest du das <strong>DL-Nordwest <\/strong>Projekt unterst\u00fctzen? Dann freuen wir uns \u00fcber deinen Gastbeitrag, das Teilen unserer Inhalte oder eine (kleine) Spende <\/em>\ud83e\udd11<em> Vielen Dank f\u00fcr deine Unterst\u00fctzung! <\/em>\ud83d\ude18<\/p>\n\n\n<style>\r\n        .wpedon-container .wpedon-select,\r\n        .wpedon-container .wpedon-input {\r\n            width: 170px;\r\n            min-width: 170px;\r\n            max-width: 170px;\r\n        }\r\n    <\/style><div class='wpedon-container wpedon-align-left'><form target='_blank' action='https:\/\/www.paypal.com\/cgi-bin\/webscr' method='post' class='wpedon-form'><input type='hidden' name='cmd' value='_donations' \/><input type='hidden' name='business' value='sysop@dl-nordwest.com' \/><input type='hidden' name='currency_code' value='EUR' \/><input type='hidden' name='notify_url' value='https:\/\/dl-nordwest.com\/wp-admin\/admin-post.php?action=add_wpedon_button_ipn'><input type='hidden' name='lc' value='de_DE'><input type='hidden' name='bn' value='WPPlugin_SP'><input type='hidden' name='return' value='' \/><input type='hidden' name='cancel_return' value='' \/><input class='wpedon_paypalbuttonimage' type='image' src='https:\/\/www.paypalobjects.com\/webstatic\/en_US\/btn\/btn_donate_pp_142x27.png' border='0' name='submit' alt='Make your payments with PayPal. It is free, secure, effective.' style='border: none;'><img alt='' border='0' style='border:none;display:none;' src='https:\/\/www.paypal.com\/de_DE\/i\/scr\/pixel.gif' width='1' height='1'><input type='hidden' name='amount' id='amount_90d12401447fec93e5cf9ee7091a9e78' value='' \/><input type='hidden' name='price' id='price_90d12401447fec93e5cf9ee7091a9e78' value='' \/><input type='hidden' name='item_number' value='' \/><input type='hidden' name='item_name' value='Spende' \/><input type='hidden' name='name' value='Spende' \/><input type='hidden' name='custom' value='1577'><input type='hidden' name='no_shipping' value='1'><input type='hidden' name='no_note' value='1'><input type='hidden' name='currency_code' value='EUR'><\/form><\/div>\n<\/div><\/div>\n<\/div><\/div>\n<\/div><\/div>\n","protected":false},"excerpt":{"rendered":"<p>In der folgenden \u00dcbersichtstabelle haben wir die optimalen Mic-Gain-Einstellungen f\u00fcr verschiedene am Markt erh\u00e4ltliche Digitalfunkger\u00e4te f\u00fcr euch zusammengefasst. Wie ihr zu den jeweiligen Einstellungen gelangt, k\u00f6nnt ihr dem Handbuch eures Funkger\u00e4tes entnehmen, das ihr in unserer Downloadsektion herunterladen k\u00f6nnt. Abschlie\u00dfend findet ihr hier noch unseren Beitrag mit weiteren Hinweisen und Tipps.<\/p>\n","protected":false},"author":1,"featured_media":0,"parent":0,"menu_order":0,"comment_status":"closed","ping_status":"closed","template":"","meta":{"footnotes":""},"class_list":["post-8118","page","type-page","status-publish","hentry"],"_links":{"self":[{"href":"https:\/\/dl-nordwest.com\/index.php\/wp-json\/wp\/v2\/pages\/8118","targetHints":{"allow":["GET"]}}],"collection":[{"href":"https:\/\/dl-nordwest.com\/index.php\/wp-json\/wp\/v2\/pages"}],"about":[{"href":"https:\/\/dl-nordwest.com\/index.php\/wp-json\/wp\/v2\/types\/page"}],"author":[{"embeddable":true,"href":"https:\/\/dl-nordwest.com\/index.php\/wp-json\/wp\/v2\/users\/1"}],"replies":[{"embeddable":true,"href":"https:\/\/dl-nordwest.com\/index.php\/wp-json\/wp\/v2\/comments?post=8118"}],"version-history":[{"count":2,"href":"https:\/\/dl-nordwest.com\/index.php\/wp-json\/wp\/v2\/pages\/8118\/revisions"}],"predecessor-version":[{"id":8120,"href":"https:\/\/dl-nordwest.com\/index.php\/wp-json\/wp\/v2\/pages\/8118\/revisions\/8120"}],"wp:attachment":[{"href":"https:\/\/dl-nordwest.com\/index.php\/wp-json\/wp\/v2\/media?parent=8118"}],"curies":[{"name":"wp","href":"https:\/\/api.w.org\/{rel}","templated":true}]}}