{"id":7308,"date":"2025-06-22T07:33:24","date_gmt":"2025-06-22T05:33:24","guid":{"rendered":"https:\/\/dl-nordwest.com\/?page_id=7308"},"modified":"2025-06-22T07:33:25","modified_gmt":"2025-06-22T05:33:25","slug":"aioc","status":"publish","type":"page","link":"https:\/\/dl-nordwest.com\/index.php\/aioc\/","title":{"rendered":"AIOC"},"content":{"rendered":"\n<p><strong>Beitr\u00e4ge zum All-In-One-Cable<\/strong><\/p>\n\n\n<ul class=\"wp-block-latest-posts__list has-dates wp-block-latest-posts\"><li><div class=\"wp-block-latest-posts__featured-image alignleft\"><a href=\"https:\/\/dl-nordwest.com\/index.php\/2024\/11\/17\/aprs-togo-qrv-mit-aprsdroid-aioc-und-handfunkgeraet\/\" aria-label=\"APRS ToGo: QRV mit APRSdroid, AIOC und Handfunkger\u00e4t\"><img loading=\"lazy\" decoding=\"async\" width=\"300\" height=\"184\" src=\"https:\/\/dl-nordwest.com\/wp-content\/uploads\/2024\/11\/aioc-aprsdorid_title2-300x184.jpg\" class=\"attachment-medium size-medium wp-post-image\" alt=\"\" style=\"\" srcset=\"https:\/\/dl-nordwest.com\/wp-content\/uploads\/2024\/11\/aioc-aprsdorid_title2-300x184.jpg 300w, https:\/\/dl-nordwest.com\/wp-content\/uploads\/2024\/11\/aioc-aprsdorid_title2-768x472.jpg 768w, https:\/\/dl-nordwest.com\/wp-content\/uploads\/2024\/11\/aioc-aprsdorid_title2-825x510.jpg 825w, https:\/\/dl-nordwest.com\/wp-content\/uploads\/2024\/11\/aioc-aprsdorid_title2.jpg 968w\" sizes=\"auto, (max-width: 300px) 100vw, 300px\" \/><\/a><\/div><a class=\"wp-block-latest-posts__post-title\" href=\"https:\/\/dl-nordwest.com\/index.php\/2024\/11\/17\/aprs-togo-qrv-mit-aprsdroid-aioc-und-handfunkgeraet\/\">APRS ToGo: QRV mit APRSdroid, AIOC und Handfunkger\u00e4t<\/a><time datetime=\"2024-11-17T09:30:00+01:00\" class=\"wp-block-latest-posts__post-date\">17. November 2024<\/time><\/li>\n<li><div class=\"wp-block-latest-posts__featured-image alignleft\"><a href=\"https:\/\/dl-nordwest.com\/index.php\/2024\/11\/03\/echolink-node-mit-aioc-unter-windows\/\" aria-label=\"EchoLink Node mit AIOC unter Windows\"><img loading=\"lazy\" decoding=\"async\" width=\"300\" height=\"184\" src=\"https:\/\/dl-nordwest.com\/wp-content\/uploads\/2024\/10\/aioc-el_title-1-300x184.jpg\" class=\"attachment-medium size-medium wp-post-image\" alt=\"\" style=\"\" srcset=\"https:\/\/dl-nordwest.com\/wp-content\/uploads\/2024\/10\/aioc-el_title-1-300x184.jpg 300w, https:\/\/dl-nordwest.com\/wp-content\/uploads\/2024\/10\/aioc-el_title-1-768x472.jpg 768w, https:\/\/dl-nordwest.com\/wp-content\/uploads\/2024\/10\/aioc-el_title-1-825x510.jpg 825w, https:\/\/dl-nordwest.com\/wp-content\/uploads\/2024\/10\/aioc-el_title-1.jpg 968w\" sizes=\"auto, (max-width: 300px) 100vw, 300px\" \/><\/a><\/div><a class=\"wp-block-latest-posts__post-title\" href=\"https:\/\/dl-nordwest.com\/index.php\/2024\/11\/03\/echolink-node-mit-aioc-unter-windows\/\">EchoLink Node mit AIOC unter Windows<\/a><time datetime=\"2024-11-03T09:30:00+01:00\" class=\"wp-block-latest-posts__post-date\">3. November 2024<\/time><\/li>\n<li><div class=\"wp-block-latest-posts__featured-image alignleft\"><a href=\"https:\/\/dl-nordwest.com\/index.php\/2024\/09\/22\/aioc-der-wunderadapter-fuer-handfunkgeraete-teil-4-fehlersuche\/\" aria-label=\"AIOC \u2013 Der Wunderadapter f\u00fcr Handfunkger\u00e4te \u2013 Teil 4 (Fehlersuche)\"><img loading=\"lazy\" decoding=\"async\" width=\"300\" height=\"184\" src=\"https:\/\/dl-nordwest.com\/wp-content\/uploads\/2024\/09\/aioc_title4-300x184.jpg\" class=\"attachment-medium size-medium wp-post-image\" alt=\"\" style=\"\" srcset=\"https:\/\/dl-nordwest.com\/wp-content\/uploads\/2024\/09\/aioc_title4-300x184.jpg 300w, https:\/\/dl-nordwest.com\/wp-content\/uploads\/2024\/09\/aioc_title4-768x472.jpg 768w, https:\/\/dl-nordwest.com\/wp-content\/uploads\/2024\/09\/aioc_title4-825x510.jpg 825w, https:\/\/dl-nordwest.com\/wp-content\/uploads\/2024\/09\/aioc_title4.jpg 968w\" sizes=\"auto, (max-width: 300px) 100vw, 300px\" \/><\/a><\/div><a class=\"wp-block-latest-posts__post-title\" href=\"https:\/\/dl-nordwest.com\/index.php\/2024\/09\/22\/aioc-der-wunderadapter-fuer-handfunkgeraete-teil-4-fehlersuche\/\">AIOC \u2013 Der Wunderadapter f\u00fcr Handfunkger\u00e4te \u2013 Teil 4 (Fehlersuche)<\/a><time datetime=\"2024-09-22T09:30:00+02:00\" class=\"wp-block-latest-posts__post-date\">22. September 2024<\/time><\/li>\n<li><div class=\"wp-block-latest-posts__featured-image alignleft\"><a href=\"https:\/\/dl-nordwest.com\/index.php\/2024\/08\/04\/aioc-der-wunderadapter-fuer-handfunkgeraete-teil-3-loetarbeiten-und-gehaeuse\/\" aria-label=\"AIOC \u2013 Der Wunderadapter f\u00fcr Handfunkger\u00e4te \u2013 Teil 3 (L\u00f6tarbeiten und Geh\u00e4use)\"><img loading=\"lazy\" decoding=\"async\" width=\"300\" height=\"184\" src=\"https:\/\/dl-nordwest.com\/wp-content\/uploads\/2024\/08\/aioc_title3-300x184.jpg\" class=\"attachment-medium size-medium wp-post-image\" alt=\"\" style=\"\" srcset=\"https:\/\/dl-nordwest.com\/wp-content\/uploads\/2024\/08\/aioc_title3-300x184.jpg 300w, https:\/\/dl-nordwest.com\/wp-content\/uploads\/2024\/08\/aioc_title3-768x472.jpg 768w, https:\/\/dl-nordwest.com\/wp-content\/uploads\/2024\/08\/aioc_title3-825x510.jpg 825w, https:\/\/dl-nordwest.com\/wp-content\/uploads\/2024\/08\/aioc_title3.jpg 968w\" sizes=\"auto, (max-width: 300px) 100vw, 300px\" \/><\/a><\/div><a class=\"wp-block-latest-posts__post-title\" href=\"https:\/\/dl-nordwest.com\/index.php\/2024\/08\/04\/aioc-der-wunderadapter-fuer-handfunkgeraete-teil-3-loetarbeiten-und-gehaeuse\/\">AIOC \u2013 Der Wunderadapter f\u00fcr Handfunkger\u00e4te \u2013 Teil 3 (L\u00f6tarbeiten und Geh\u00e4use)<\/a><time datetime=\"2024-08-04T09:30:00+02:00\" class=\"wp-block-latest-posts__post-date\">4. August 2024<\/time><\/li>\n<li><div class=\"wp-block-latest-posts__featured-image alignleft\"><a href=\"https:\/\/dl-nordwest.com\/index.php\/2024\/07\/28\/aioc-der-wunderadapter-fuer-handfunkgeraete-teil-2-aufspielen-der-firmware\/\" aria-label=\"AIOC \u2013 Der Wunderadapter f\u00fcr Handfunkger\u00e4te \u2013 Teil 2 (Aufspielen der Firmware)\"><img loading=\"lazy\" decoding=\"async\" width=\"300\" height=\"184\" src=\"https:\/\/dl-nordwest.com\/wp-content\/uploads\/2024\/07\/aioc_title2-300x184.jpg\" class=\"attachment-medium size-medium wp-post-image\" alt=\"\" style=\"\" srcset=\"https:\/\/dl-nordwest.com\/wp-content\/uploads\/2024\/07\/aioc_title2-300x184.jpg 300w, https:\/\/dl-nordwest.com\/wp-content\/uploads\/2024\/07\/aioc_title2-768x472.jpg 768w, https:\/\/dl-nordwest.com\/wp-content\/uploads\/2024\/07\/aioc_title2-825x510.jpg 825w, https:\/\/dl-nordwest.com\/wp-content\/uploads\/2024\/07\/aioc_title2.jpg 968w\" sizes=\"auto, (max-width: 300px) 100vw, 300px\" \/><\/a><\/div><a class=\"wp-block-latest-posts__post-title\" href=\"https:\/\/dl-nordwest.com\/index.php\/2024\/07\/28\/aioc-der-wunderadapter-fuer-handfunkgeraete-teil-2-aufspielen-der-firmware\/\">AIOC \u2013 Der Wunderadapter f\u00fcr Handfunkger\u00e4te \u2013 Teil 2 (Aufspielen der Firmware)<\/a><time datetime=\"2024-07-28T09:30:00+02:00\" class=\"wp-block-latest-posts__post-date\">28. Juli 2024<\/time><\/li>\n<li><div class=\"wp-block-latest-posts__featured-image alignleft\"><a href=\"https:\/\/dl-nordwest.com\/index.php\/2024\/07\/21\/aioc-der-wunderadapter-fuer-handfunkgeraete-teil-1-einfuehrung-und-bestellung\/\" aria-label=\"AIOC &#8211; Der Wunderadapter f\u00fcr Handfunkger\u00e4te &#8211; Teil 1 (Einf\u00fchrung und Bestellung)\"><img loading=\"lazy\" decoding=\"async\" width=\"300\" height=\"184\" src=\"https:\/\/dl-nordwest.com\/wp-content\/uploads\/2024\/03\/aioc_title-300x184.jpg\" class=\"attachment-medium size-medium wp-post-image\" alt=\"\" style=\"\" srcset=\"https:\/\/dl-nordwest.com\/wp-content\/uploads\/2024\/03\/aioc_title-300x184.jpg 300w, https:\/\/dl-nordwest.com\/wp-content\/uploads\/2024\/03\/aioc_title-768x472.jpg 768w, https:\/\/dl-nordwest.com\/wp-content\/uploads\/2024\/03\/aioc_title-825x510.jpg 825w, https:\/\/dl-nordwest.com\/wp-content\/uploads\/2024\/03\/aioc_title.jpg 968w\" sizes=\"auto, (max-width: 300px) 100vw, 300px\" \/><\/a><\/div><a class=\"wp-block-latest-posts__post-title\" href=\"https:\/\/dl-nordwest.com\/index.php\/2024\/07\/21\/aioc-der-wunderadapter-fuer-handfunkgeraete-teil-1-einfuehrung-und-bestellung\/\">AIOC &#8211; Der Wunderadapter f\u00fcr Handfunkger\u00e4te &#8211; Teil 1 (Einf\u00fchrung und Bestellung)<\/a><time datetime=\"2024-07-21T09:30:00+02:00\" class=\"wp-block-latest-posts__post-date\">21. Juli 2024<\/time><\/li>\n<\/ul>","protected":false},"excerpt":{"rendered":"<p>Beitr\u00e4ge zum All-In-One-Cable<\/p>\n","protected":false},"author":1,"featured_media":0,"parent":0,"menu_order":0,"comment_status":"closed","ping_status":"closed","template":"","meta":{"footnotes":""},"class_list":["post-7308","page","type-page","status-publish","hentry"],"_links":{"self":[{"href":"https:\/\/dl-nordwest.com\/index.php\/wp-json\/wp\/v2\/pages\/7308","targetHints":{"allow":["GET"]}}],"collection":[{"href":"https:\/\/dl-nordwest.com\/index.php\/wp-json\/wp\/v2\/pages"}],"about":[{"href":"https:\/\/dl-nordwest.com\/index.php\/wp-json\/wp\/v2\/types\/page"}],"author":[{"embeddable":true,"href":"https:\/\/dl-nordwest.com\/index.php\/wp-json\/wp\/v2\/users\/1"}],"replies":[{"embeddable":true,"href":"https:\/\/dl-nordwest.com\/index.php\/wp-json\/wp\/v2\/comments?post=7308"}],"version-history":[{"count":1,"href":"https:\/\/dl-nordwest.com\/index.php\/wp-json\/wp\/v2\/pages\/7308\/revisions"}],"predecessor-version":[{"id":7309,"href":"https:\/\/dl-nordwest.com\/index.php\/wp-json\/wp\/v2\/pages\/7308\/revisions\/7309"}],"wp:attachment":[{"href":"https:\/\/dl-nordwest.com\/index.php\/wp-json\/wp\/v2\/media?parent=7308"}],"curies":[{"name":"wp","href":"https:\/\/api.w.org\/{rel}","templated":true}]}}