{"id":7305,"date":"2025-06-22T07:30:09","date_gmt":"2025-06-22T05:30:09","guid":{"rendered":"https:\/\/dl-nordwest.com\/?page_id=7305"},"modified":"2025-06-22T07:30:09","modified_gmt":"2025-06-22T05:30:09","slug":"zubehoer-2","status":"publish","type":"page","link":"https:\/\/dl-nordwest.com\/index.php\/zubehoer-2\/","title":{"rendered":"Zubeh\u00f6r"},"content":{"rendered":"\n<p><strong>Beitr\u00e4ge zu praktischem Zubeh\u00f6r f\u00fcr den Amateurfunkbetrieb<\/strong><\/p>\n\n\n<ul class=\"wp-block-latest-posts__list has-dates wp-block-latest-posts\"><li><div class=\"wp-block-latest-posts__featured-image alignleft\"><a href=\"https:\/\/dl-nordwest.com\/index.php\/2026\/02\/28\/einsatz-des-usb-handmikrofons-qx-18b-mit-bluedv-peanut-echolink-und-jitsi-meet-unter-windows\/\" aria-label=\"Einsatz des USB-Handmikrofons QX-18B mit BlueDV, Peanut, FreeDV, EchoLink und Jitsi Meet unter Windows\"><img loading=\"lazy\" decoding=\"async\" width=\"300\" height=\"184\" src=\"https:\/\/dl-nordwest.com\/wp-content\/uploads\/2026\/02\/qx-18b-bluedv_title-300x184.jpg\" class=\"attachment-medium size-medium wp-post-image\" alt=\"\" style=\"\" srcset=\"https:\/\/dl-nordwest.com\/wp-content\/uploads\/2026\/02\/qx-18b-bluedv_title-300x184.jpg 300w, https:\/\/dl-nordwest.com\/wp-content\/uploads\/2026\/02\/qx-18b-bluedv_title-768x472.jpg 768w, https:\/\/dl-nordwest.com\/wp-content\/uploads\/2026\/02\/qx-18b-bluedv_title-825x510.jpg 825w, https:\/\/dl-nordwest.com\/wp-content\/uploads\/2026\/02\/qx-18b-bluedv_title.jpg 968w\" sizes=\"auto, (max-width: 300px) 100vw, 300px\" \/><\/a><\/div><a class=\"wp-block-latest-posts__post-title\" href=\"https:\/\/dl-nordwest.com\/index.php\/2026\/02\/28\/einsatz-des-usb-handmikrofons-qx-18b-mit-bluedv-peanut-echolink-und-jitsi-meet-unter-windows\/\">Einsatz des USB-Handmikrofons QX-18B mit BlueDV, Peanut, FreeDV, EchoLink und Jitsi Meet unter Windows<\/a><time datetime=\"2026-02-28T09:30:00+01:00\" class=\"wp-block-latest-posts__post-date\">28. Februar 2026<\/time><\/li>\n<li><div class=\"wp-block-latest-posts__featured-image alignleft\"><a href=\"https:\/\/dl-nordwest.com\/index.php\/2026\/02\/24\/usb-handmikrofon-mit-jay-trx-link-app-unter-windows-nutzen\/\" aria-label=\"USB-Handmikrofon mit JaY-TrX-Link App unter Windows nutzen\"><img loading=\"lazy\" decoding=\"async\" width=\"300\" height=\"184\" src=\"https:\/\/dl-nordwest.com\/wp-content\/uploads\/2026\/02\/qx-18b-jaytrx_title-300x184.jpg\" class=\"attachment-medium size-medium wp-post-image\" alt=\"\" style=\"\" srcset=\"https:\/\/dl-nordwest.com\/wp-content\/uploads\/2026\/02\/qx-18b-jaytrx_title-300x184.jpg 300w, https:\/\/dl-nordwest.com\/wp-content\/uploads\/2026\/02\/qx-18b-jaytrx_title-768x472.jpg 768w, https:\/\/dl-nordwest.com\/wp-content\/uploads\/2026\/02\/qx-18b-jaytrx_title-825x510.jpg 825w, https:\/\/dl-nordwest.com\/wp-content\/uploads\/2026\/02\/qx-18b-jaytrx_title.jpg 968w\" sizes=\"auto, (max-width: 300px) 100vw, 300px\" \/><\/a><\/div><a class=\"wp-block-latest-posts__post-title\" href=\"https:\/\/dl-nordwest.com\/index.php\/2026\/02\/24\/usb-handmikrofon-mit-jay-trx-link-app-unter-windows-nutzen\/\">USB-Handmikrofon mit JaY-TrX-Link App unter Windows nutzen<\/a><time datetime=\"2026-02-24T06:30:41+01:00\" class=\"wp-block-latest-posts__post-date\">24. Februar 2026<\/time><\/li>\n<li><div class=\"wp-block-latest-posts__featured-image alignleft\"><a href=\"https:\/\/dl-nordwest.com\/index.php\/2026\/02\/08\/aeltere-funkgeraete-unterwegs-mit-der-powerbank-nachladen\/\" aria-label=\"\u00c4ltere Funkger\u00e4te unterwegs mit der Powerbank nachladen\"><img loading=\"lazy\" decoding=\"async\" width=\"300\" height=\"184\" src=\"https:\/\/dl-nordwest.com\/wp-content\/uploads\/2026\/02\/usbc-pd_title-1-300x184.jpg\" class=\"attachment-medium size-medium wp-post-image\" alt=\"\" style=\"\" srcset=\"https:\/\/dl-nordwest.com\/wp-content\/uploads\/2026\/02\/usbc-pd_title-1-300x184.jpg 300w, https:\/\/dl-nordwest.com\/wp-content\/uploads\/2026\/02\/usbc-pd_title-1-768x472.jpg 768w, https:\/\/dl-nordwest.com\/wp-content\/uploads\/2026\/02\/usbc-pd_title-1-825x510.jpg 825w, https:\/\/dl-nordwest.com\/wp-content\/uploads\/2026\/02\/usbc-pd_title-1.jpg 968w\" sizes=\"auto, (max-width: 300px) 100vw, 300px\" \/><\/a><\/div><a class=\"wp-block-latest-posts__post-title\" href=\"https:\/\/dl-nordwest.com\/index.php\/2026\/02\/08\/aeltere-funkgeraete-unterwegs-mit-der-powerbank-nachladen\/\">\u00c4ltere Funkger\u00e4te unterwegs mit der Powerbank nachladen<\/a><time datetime=\"2026-02-08T09:30:00+01:00\" class=\"wp-block-latest-posts__post-date\">8. Februar 2026<\/time><\/li>\n<li><div class=\"wp-block-latest-posts__featured-image alignleft\"><a href=\"https:\/\/dl-nordwest.com\/index.php\/2026\/01\/25\/3d-druck-im-amateurfunk-selbst-konstruiertes-5-v-netzteilgehaeuse\/\" aria-label=\"3D-Druck im Amateurfunk: Selbst konstruiertes 5-V-Netzteilgeh\u00e4use\"><img loading=\"lazy\" decoding=\"async\" width=\"300\" height=\"184\" src=\"https:\/\/dl-nordwest.com\/wp-content\/uploads\/2026\/01\/3d-5dc_title-1-300x184.jpg\" class=\"attachment-medium size-medium wp-post-image\" alt=\"\" style=\"\" srcset=\"https:\/\/dl-nordwest.com\/wp-content\/uploads\/2026\/01\/3d-5dc_title-1-300x184.jpg 300w, https:\/\/dl-nordwest.com\/wp-content\/uploads\/2026\/01\/3d-5dc_title-1-768x472.jpg 768w, https:\/\/dl-nordwest.com\/wp-content\/uploads\/2026\/01\/3d-5dc_title-1-825x510.jpg 825w, https:\/\/dl-nordwest.com\/wp-content\/uploads\/2026\/01\/3d-5dc_title-1.jpg 968w\" sizes=\"auto, (max-width: 300px) 100vw, 300px\" \/><\/a><\/div><a class=\"wp-block-latest-posts__post-title\" href=\"https:\/\/dl-nordwest.com\/index.php\/2026\/01\/25\/3d-druck-im-amateurfunk-selbst-konstruiertes-5-v-netzteilgehaeuse\/\">3D-Druck im Amateurfunk: Selbst konstruiertes 5-V-Netzteilgeh\u00e4use<\/a><time datetime=\"2026-01-25T09:30:00+01:00\" class=\"wp-block-latest-posts__post-date\">25. Januar 2026<\/time><\/li>\n<li><div class=\"wp-block-latest-posts__featured-image alignleft\"><a href=\"https:\/\/dl-nordwest.com\/index.php\/2025\/09\/21\/tipp-guenstiges-datenkabel-fuer-yaesu-geraete\/\" aria-label=\"Tipp: G\u00fcnstiges Datenkabel f\u00fcr Yaesu-Ger\u00e4te\"><img loading=\"lazy\" decoding=\"async\" width=\"300\" height=\"184\" src=\"https:\/\/dl-nordwest.com\/wp-content\/uploads\/2025\/07\/yaesu-kabel_title-300x184.jpg\" class=\"attachment-medium size-medium wp-post-image\" alt=\"\" style=\"\" srcset=\"https:\/\/dl-nordwest.com\/wp-content\/uploads\/2025\/07\/yaesu-kabel_title-300x184.jpg 300w, https:\/\/dl-nordwest.com\/wp-content\/uploads\/2025\/07\/yaesu-kabel_title-768x472.jpg 768w, https:\/\/dl-nordwest.com\/wp-content\/uploads\/2025\/07\/yaesu-kabel_title-825x510.jpg 825w, https:\/\/dl-nordwest.com\/wp-content\/uploads\/2025\/07\/yaesu-kabel_title.jpg 968w\" sizes=\"auto, (max-width: 300px) 100vw, 300px\" \/><\/a><\/div><a class=\"wp-block-latest-posts__post-title\" href=\"https:\/\/dl-nordwest.com\/index.php\/2025\/09\/21\/tipp-guenstiges-datenkabel-fuer-yaesu-geraete\/\">Tipp: G\u00fcnstiges Datenkabel f\u00fcr Yaesu-Ger\u00e4te<\/a><time datetime=\"2025-09-21T09:30:00+02:00\" class=\"wp-block-latest-posts__post-date\">21. September 2025<\/time><\/li>\n<li><div class=\"wp-block-latest-posts__featured-image alignleft\"><a href=\"https:\/\/dl-nordwest.com\/index.php\/2025\/03\/16\/hamclock-update-2025\/\" aria-label=\"HamClock &#8211; Update 2025\"><img loading=\"lazy\" decoding=\"async\" width=\"300\" height=\"184\" src=\"https:\/\/dl-nordwest.com\/wp-content\/uploads\/2025\/03\/hamclock25_title-300x184.jpg\" class=\"attachment-medium size-medium wp-post-image\" alt=\"\" style=\"\" srcset=\"https:\/\/dl-nordwest.com\/wp-content\/uploads\/2025\/03\/hamclock25_title-300x184.jpg 300w, https:\/\/dl-nordwest.com\/wp-content\/uploads\/2025\/03\/hamclock25_title-768x472.jpg 768w, https:\/\/dl-nordwest.com\/wp-content\/uploads\/2025\/03\/hamclock25_title-825x510.jpg 825w, https:\/\/dl-nordwest.com\/wp-content\/uploads\/2025\/03\/hamclock25_title.jpg 968w\" sizes=\"auto, (max-width: 300px) 100vw, 300px\" \/><\/a><\/div><a class=\"wp-block-latest-posts__post-title\" href=\"https:\/\/dl-nordwest.com\/index.php\/2025\/03\/16\/hamclock-update-2025\/\">HamClock &#8211; Update 2025<\/a><time datetime=\"2025-03-16T09:30:00+01:00\" class=\"wp-block-latest-posts__post-date\">16. M\u00e4rz 2025<\/time><\/li>\n<li><div class=\"wp-block-latest-posts__featured-image alignleft\"><a href=\"https:\/\/dl-nordwest.com\/index.php\/2024\/10\/27\/handsfree-bausatz-v2-freisprecheinrichtung-fuer-funkgeraete\/\" aria-label=\"HandsFree Bausatz v2 &#8211;  Freisprecheinrichtung f\u00fcr Funkger\u00e4te\"><img loading=\"lazy\" decoding=\"async\" width=\"300\" height=\"184\" src=\"https:\/\/dl-nordwest.com\/wp-content\/uploads\/2024\/10\/handsfree_title-300x184.jpg\" class=\"attachment-medium size-medium wp-post-image\" alt=\"\" style=\"\" srcset=\"https:\/\/dl-nordwest.com\/wp-content\/uploads\/2024\/10\/handsfree_title-300x184.jpg 300w, https:\/\/dl-nordwest.com\/wp-content\/uploads\/2024\/10\/handsfree_title-768x472.jpg 768w, https:\/\/dl-nordwest.com\/wp-content\/uploads\/2024\/10\/handsfree_title-825x510.jpg 825w, https:\/\/dl-nordwest.com\/wp-content\/uploads\/2024\/10\/handsfree_title.jpg 968w\" sizes=\"auto, (max-width: 300px) 100vw, 300px\" \/><\/a><\/div><a class=\"wp-block-latest-posts__post-title\" href=\"https:\/\/dl-nordwest.com\/index.php\/2024\/10\/27\/handsfree-bausatz-v2-freisprecheinrichtung-fuer-funkgeraete\/\">HandsFree Bausatz v2 &#8211;  Freisprecheinrichtung f\u00fcr Funkger\u00e4te<\/a><time datetime=\"2024-10-27T09:30:00+01:00\" class=\"wp-block-latest-posts__post-date\">27. Oktober 2024<\/time><\/li>\n<li><div class=\"wp-block-latest-posts__featured-image alignleft\"><a href=\"https:\/\/dl-nordwest.com\/index.php\/2024\/09\/22\/aioc-der-wunderadapter-fuer-handfunkgeraete-teil-4-fehlersuche\/\" aria-label=\"AIOC \u2013 Der Wunderadapter f\u00fcr Handfunkger\u00e4te \u2013 Teil 4 (Fehlersuche)\"><img loading=\"lazy\" decoding=\"async\" width=\"300\" height=\"184\" src=\"https:\/\/dl-nordwest.com\/wp-content\/uploads\/2024\/09\/aioc_title4-300x184.jpg\" class=\"attachment-medium size-medium wp-post-image\" alt=\"\" style=\"\" srcset=\"https:\/\/dl-nordwest.com\/wp-content\/uploads\/2024\/09\/aioc_title4-300x184.jpg 300w, https:\/\/dl-nordwest.com\/wp-content\/uploads\/2024\/09\/aioc_title4-768x472.jpg 768w, https:\/\/dl-nordwest.com\/wp-content\/uploads\/2024\/09\/aioc_title4-825x510.jpg 825w, https:\/\/dl-nordwest.com\/wp-content\/uploads\/2024\/09\/aioc_title4.jpg 968w\" sizes=\"auto, (max-width: 300px) 100vw, 300px\" \/><\/a><\/div><a class=\"wp-block-latest-posts__post-title\" href=\"https:\/\/dl-nordwest.com\/index.php\/2024\/09\/22\/aioc-der-wunderadapter-fuer-handfunkgeraete-teil-4-fehlersuche\/\">AIOC \u2013 Der Wunderadapter f\u00fcr Handfunkger\u00e4te \u2013 Teil 4 (Fehlersuche)<\/a><time datetime=\"2024-09-22T09:30:00+02:00\" class=\"wp-block-latest-posts__post-date\">22. September 2024<\/time><\/li>\n<li><div class=\"wp-block-latest-posts__featured-image alignleft\"><a href=\"https:\/\/dl-nordwest.com\/index.php\/2024\/08\/04\/aioc-der-wunderadapter-fuer-handfunkgeraete-teil-3-loetarbeiten-und-gehaeuse\/\" aria-label=\"AIOC \u2013 Der Wunderadapter f\u00fcr Handfunkger\u00e4te \u2013 Teil 3 (L\u00f6tarbeiten und Geh\u00e4use)\"><img loading=\"lazy\" decoding=\"async\" width=\"300\" height=\"184\" src=\"https:\/\/dl-nordwest.com\/wp-content\/uploads\/2024\/08\/aioc_title3-300x184.jpg\" class=\"attachment-medium size-medium wp-post-image\" alt=\"\" style=\"\" srcset=\"https:\/\/dl-nordwest.com\/wp-content\/uploads\/2024\/08\/aioc_title3-300x184.jpg 300w, https:\/\/dl-nordwest.com\/wp-content\/uploads\/2024\/08\/aioc_title3-768x472.jpg 768w, https:\/\/dl-nordwest.com\/wp-content\/uploads\/2024\/08\/aioc_title3-825x510.jpg 825w, https:\/\/dl-nordwest.com\/wp-content\/uploads\/2024\/08\/aioc_title3.jpg 968w\" sizes=\"auto, (max-width: 300px) 100vw, 300px\" \/><\/a><\/div><a class=\"wp-block-latest-posts__post-title\" href=\"https:\/\/dl-nordwest.com\/index.php\/2024\/08\/04\/aioc-der-wunderadapter-fuer-handfunkgeraete-teil-3-loetarbeiten-und-gehaeuse\/\">AIOC \u2013 Der Wunderadapter f\u00fcr Handfunkger\u00e4te \u2013 Teil 3 (L\u00f6tarbeiten und Geh\u00e4use)<\/a><time datetime=\"2024-08-04T09:30:00+02:00\" class=\"wp-block-latest-posts__post-date\">4. August 2024<\/time><\/li>\n<li><div class=\"wp-block-latest-posts__featured-image alignleft\"><a href=\"https:\/\/dl-nordwest.com\/index.php\/2024\/07\/28\/aioc-der-wunderadapter-fuer-handfunkgeraete-teil-2-aufspielen-der-firmware\/\" aria-label=\"AIOC \u2013 Der Wunderadapter f\u00fcr Handfunkger\u00e4te \u2013 Teil 2 (Aufspielen der Firmware)\"><img loading=\"lazy\" decoding=\"async\" width=\"300\" height=\"184\" src=\"https:\/\/dl-nordwest.com\/wp-content\/uploads\/2024\/07\/aioc_title2-300x184.jpg\" class=\"attachment-medium size-medium wp-post-image\" alt=\"\" style=\"\" srcset=\"https:\/\/dl-nordwest.com\/wp-content\/uploads\/2024\/07\/aioc_title2-300x184.jpg 300w, https:\/\/dl-nordwest.com\/wp-content\/uploads\/2024\/07\/aioc_title2-768x472.jpg 768w, https:\/\/dl-nordwest.com\/wp-content\/uploads\/2024\/07\/aioc_title2-825x510.jpg 825w, https:\/\/dl-nordwest.com\/wp-content\/uploads\/2024\/07\/aioc_title2.jpg 968w\" sizes=\"auto, (max-width: 300px) 100vw, 300px\" \/><\/a><\/div><a class=\"wp-block-latest-posts__post-title\" href=\"https:\/\/dl-nordwest.com\/index.php\/2024\/07\/28\/aioc-der-wunderadapter-fuer-handfunkgeraete-teil-2-aufspielen-der-firmware\/\">AIOC \u2013 Der Wunderadapter f\u00fcr Handfunkger\u00e4te \u2013 Teil 2 (Aufspielen der Firmware)<\/a><time datetime=\"2024-07-28T09:30:00+02:00\" class=\"wp-block-latest-posts__post-date\">28. Juli 2024<\/time><\/li>\n<li><div class=\"wp-block-latest-posts__featured-image alignleft\"><a href=\"https:\/\/dl-nordwest.com\/index.php\/2024\/07\/21\/aioc-der-wunderadapter-fuer-handfunkgeraete-teil-1-einfuehrung-und-bestellung\/\" aria-label=\"AIOC &#8211; Der Wunderadapter f\u00fcr Handfunkger\u00e4te &#8211; Teil 1 (Einf\u00fchrung und Bestellung)\"><img loading=\"lazy\" decoding=\"async\" width=\"300\" height=\"184\" src=\"https:\/\/dl-nordwest.com\/wp-content\/uploads\/2024\/03\/aioc_title-300x184.jpg\" class=\"attachment-medium size-medium wp-post-image\" alt=\"\" style=\"\" srcset=\"https:\/\/dl-nordwest.com\/wp-content\/uploads\/2024\/03\/aioc_title-300x184.jpg 300w, https:\/\/dl-nordwest.com\/wp-content\/uploads\/2024\/03\/aioc_title-768x472.jpg 768w, https:\/\/dl-nordwest.com\/wp-content\/uploads\/2024\/03\/aioc_title-825x510.jpg 825w, https:\/\/dl-nordwest.com\/wp-content\/uploads\/2024\/03\/aioc_title.jpg 968w\" sizes=\"auto, (max-width: 300px) 100vw, 300px\" \/><\/a><\/div><a class=\"wp-block-latest-posts__post-title\" href=\"https:\/\/dl-nordwest.com\/index.php\/2024\/07\/21\/aioc-der-wunderadapter-fuer-handfunkgeraete-teil-1-einfuehrung-und-bestellung\/\">AIOC &#8211; Der Wunderadapter f\u00fcr Handfunkger\u00e4te &#8211; Teil 1 (Einf\u00fchrung und Bestellung)<\/a><time datetime=\"2024-07-21T09:30:00+02:00\" class=\"wp-block-latest-posts__post-date\">21. Juli 2024<\/time><\/li>\n<li><div class=\"wp-block-latest-posts__featured-image alignleft\"><a href=\"https:\/\/dl-nordwest.com\/index.php\/2020\/04\/15\/ham-clock-von-elwood-downey-wbooew\/\" aria-label=\"Ham Clock von Elwood Downey, WB\u00d8OEW\"><img loading=\"lazy\" decoding=\"async\" width=\"300\" height=\"184\" src=\"https:\/\/dl-nordwest.com\/wp-content\/uploads\/2024\/01\/ham-clock_title-300x184.jpg\" class=\"attachment-medium size-medium wp-post-image\" alt=\"\" style=\"\" srcset=\"https:\/\/dl-nordwest.com\/wp-content\/uploads\/2024\/01\/ham-clock_title-300x184.jpg 300w, https:\/\/dl-nordwest.com\/wp-content\/uploads\/2024\/01\/ham-clock_title-768x472.jpg 768w, https:\/\/dl-nordwest.com\/wp-content\/uploads\/2024\/01\/ham-clock_title-825x510.jpg 825w, https:\/\/dl-nordwest.com\/wp-content\/uploads\/2024\/01\/ham-clock_title.jpg 968w\" sizes=\"auto, (max-width: 300px) 100vw, 300px\" \/><\/a><\/div><a class=\"wp-block-latest-posts__post-title\" href=\"https:\/\/dl-nordwest.com\/index.php\/2020\/04\/15\/ham-clock-von-elwood-downey-wbooew\/\">Ham Clock von Elwood Downey, WB\u00d8OEW<\/a><time datetime=\"2020-04-15T13:20:43+02:00\" class=\"wp-block-latest-posts__post-date\">15. April 2020<\/time><\/li>\n<li><div class=\"wp-block-latest-posts__featured-image alignleft\"><a href=\"https:\/\/dl-nordwest.com\/index.php\/2020\/03\/22\/nanovna-meine-erfahrungen\/\" aria-label=\"NanoVNA &#8211; Erfahrungsbericht\"><img loading=\"lazy\" decoding=\"async\" width=\"300\" height=\"184\" src=\"https:\/\/dl-nordwest.com\/wp-content\/uploads\/2024\/01\/nano-vna_title-300x184.jpg\" class=\"attachment-medium size-medium wp-post-image\" alt=\"\" style=\"\" srcset=\"https:\/\/dl-nordwest.com\/wp-content\/uploads\/2024\/01\/nano-vna_title-300x184.jpg 300w, https:\/\/dl-nordwest.com\/wp-content\/uploads\/2024\/01\/nano-vna_title-768x472.jpg 768w, https:\/\/dl-nordwest.com\/wp-content\/uploads\/2024\/01\/nano-vna_title-825x510.jpg 825w, https:\/\/dl-nordwest.com\/wp-content\/uploads\/2024\/01\/nano-vna_title.jpg 968w\" sizes=\"auto, (max-width: 300px) 100vw, 300px\" \/><\/a><\/div><a class=\"wp-block-latest-posts__post-title\" href=\"https:\/\/dl-nordwest.com\/index.php\/2020\/03\/22\/nanovna-meine-erfahrungen\/\">NanoVNA &#8211; Erfahrungsbericht<\/a><time datetime=\"2020-03-22T06:28:43+01:00\" class=\"wp-block-latest-posts__post-date\">22. M\u00e4rz 2020<\/time><\/li>\n<\/ul>","protected":false},"excerpt":{"rendered":"<p>Beitr\u00e4ge zu praktischem Zubeh\u00f6r f\u00fcr den Amateurfunkbetrieb<\/p>\n","protected":false},"author":1,"featured_media":0,"parent":0,"menu_order":0,"comment_status":"closed","ping_status":"closed","template":"","meta":{"footnotes":""},"class_list":["post-7305","page","type-page","status-publish","hentry"],"_links":{"self":[{"href":"https:\/\/dl-nordwest.com\/index.php\/wp-json\/wp\/v2\/pages\/7305","targetHints":{"allow":["GET"]}}],"collection":[{"href":"https:\/\/dl-nordwest.com\/index.php\/wp-json\/wp\/v2\/pages"}],"about":[{"href":"https:\/\/dl-nordwest.com\/index.php\/wp-json\/wp\/v2\/types\/page"}],"author":[{"embeddable":true,"href":"https:\/\/dl-nordwest.com\/index.php\/wp-json\/wp\/v2\/users\/1"}],"replies":[{"embeddable":true,"href":"https:\/\/dl-nordwest.com\/index.php\/wp-json\/wp\/v2\/comments?post=7305"}],"version-history":[{"count":1,"href":"https:\/\/dl-nordwest.com\/index.php\/wp-json\/wp\/v2\/pages\/7305\/revisions"}],"predecessor-version":[{"id":7306,"href":"https:\/\/dl-nordwest.com\/index.php\/wp-json\/wp\/v2\/pages\/7305\/revisions\/7306"}],"wp:attachment":[{"href":"https:\/\/dl-nordwest.com\/index.php\/wp-json\/wp\/v2\/media?parent=7305"}],"curies":[{"name":"wp","href":"https:\/\/api.w.org\/{rel}","templated":true}]}}