{"id":7282,"date":"2025-06-22T07:00:46","date_gmt":"2025-06-22T05:00:46","guid":{"rendered":"https:\/\/dl-nordwest.com\/?page_id=7282"},"modified":"2025-09-16T05:41:07","modified_gmt":"2025-09-16T03:41:07","slug":"m17","status":"publish","type":"page","link":"https:\/\/dl-nordwest.com\/index.php\/m17\/","title":{"rendered":"M17 \u2013 Offener Standard f\u00fcr digitalen Sprech- und Datenfunk"},"content":{"rendered":"\n<p><em>Auf dieser Seite haben wir f\u00fcr euch eine Auswahl an interessanten Links zum M17-Projekt zusammengestellt. Ihr findet hier sowohl weiterf\u00fchrende Informationen als auch unsere eigenen Beitr\u00e4ge.<\/em><\/p>\n\n\n\n<div style=\"height:40px\" aria-hidden=\"true\" class=\"wp-block-spacer\"><\/div>\n\n\n\n<p class=\"ticss-2b82b880\"><strong>Weiterf\u00fchrende Links<\/strong><\/p>\n\n\n<div class=\"wp-caption alignnone\" style=\"width:670px;\"><div class=\"browser-shot \"><a href=\"https:\/\/m17project.org\/\"  target=\"_blank\"><img loading=\"lazy\" decoding=\"async\" src=\"https:\/\/s0.wp.com\/mshots\/v1\/https%3A%2F%2Fm17project.org%2F?w=660&#038;h=450\" alt=\"Screenshot von m17project.org\" width=\"660\" height=\"450\" class=\"\" \/><\/a><\/div><p class=\"wp-caption-text\">Offizielle M17 Projektseite<\/p><\/div>\n\n\n\n<div style=\"height:40px\" aria-hidden=\"true\" class=\"wp-block-spacer\"><\/div>\n\n\n\n<p class=\"ticss-c9d0f093\"><strong>Unsere Beitr\u00e4ge zu M17<\/strong><\/p>\n\n\n<ul class=\"wp-block-latest-posts__list has-dates wp-block-latest-posts\"><li><div class=\"wp-block-latest-posts__featured-image alignleft\"><a href=\"https:\/\/dl-nordwest.com\/index.php\/2026\/04\/12\/urf421-neue-echo-funktion-im-modul-z\/\" aria-label=\"URF421: Neue Echo-Funktion im Modul Z\"><img loading=\"lazy\" decoding=\"async\" width=\"300\" height=\"184\" src=\"https:\/\/dl-nordwest.com\/wp-content\/uploads\/2026\/04\/urf421-echo_title-1-300x184.jpg\" class=\"attachment-medium size-medium wp-post-image\" alt=\"\" style=\"\" srcset=\"https:\/\/dl-nordwest.com\/wp-content\/uploads\/2026\/04\/urf421-echo_title-1-300x184.jpg 300w, https:\/\/dl-nordwest.com\/wp-content\/uploads\/2026\/04\/urf421-echo_title-1-768x472.jpg 768w, https:\/\/dl-nordwest.com\/wp-content\/uploads\/2026\/04\/urf421-echo_title-1-825x510.jpg 825w, https:\/\/dl-nordwest.com\/wp-content\/uploads\/2026\/04\/urf421-echo_title-1.jpg 968w\" sizes=\"auto, (max-width: 300px) 100vw, 300px\" \/><\/a><\/div><a class=\"wp-block-latest-posts__post-title\" href=\"https:\/\/dl-nordwest.com\/index.php\/2026\/04\/12\/urf421-neue-echo-funktion-im-modul-z\/\">URF421: Neue Echo-Funktion im Modul Z<\/a><time datetime=\"2026-04-12T09:30:00+02:00\" class=\"wp-block-latest-posts__post-date\">12. April 2026<\/time><\/li>\n<li><div class=\"wp-block-latest-posts__featured-image alignleft\"><a href=\"https:\/\/dl-nordwest.com\/index.php\/2025\/11\/23\/linht-update-11-25-open-source-handfunkgeraet-mit-zukunftspotenzial\/\" aria-label=\"LinHT Update 11\/25 \u2013 Open-Source-Handfunkger\u00e4t mit Zukunftspotenzial\"><img loading=\"lazy\" decoding=\"async\" width=\"300\" height=\"184\" src=\"https:\/\/dl-nordwest.com\/wp-content\/uploads\/2025\/11\/linht-up2511_title-1-300x184.jpg\" class=\"attachment-medium size-medium wp-post-image\" alt=\"\" style=\"\" srcset=\"https:\/\/dl-nordwest.com\/wp-content\/uploads\/2025\/11\/linht-up2511_title-1-300x184.jpg 300w, https:\/\/dl-nordwest.com\/wp-content\/uploads\/2025\/11\/linht-up2511_title-1-768x472.jpg 768w, https:\/\/dl-nordwest.com\/wp-content\/uploads\/2025\/11\/linht-up2511_title-1-825x510.jpg 825w, https:\/\/dl-nordwest.com\/wp-content\/uploads\/2025\/11\/linht-up2511_title-1.jpg 968w\" sizes=\"auto, (max-width: 300px) 100vw, 300px\" \/><\/a><\/div><a class=\"wp-block-latest-posts__post-title\" href=\"https:\/\/dl-nordwest.com\/index.php\/2025\/11\/23\/linht-update-11-25-open-source-handfunkgeraet-mit-zukunftspotenzial\/\">LinHT Update 11\/25 \u2013 Open-Source-Handfunkger\u00e4t mit Zukunftspotenzial<\/a><time datetime=\"2025-11-23T09:30:00+01:00\" class=\"wp-block-latest-posts__post-date\">23. November 2025<\/time><\/li>\n<li><div class=\"wp-block-latest-posts__featured-image alignleft\"><a href=\"https:\/\/dl-nordwest.com\/index.php\/2025\/09\/28\/linht-open-source-handfunkgeraet-mit-zukunftspotenzial\/\" aria-label=\"LinHT \u2013 Open-Source-Handfunkger\u00e4t mit Zukunftspotenzial\"><img loading=\"lazy\" decoding=\"async\" width=\"300\" height=\"184\" src=\"https:\/\/dl-nordwest.com\/wp-content\/uploads\/2025\/09\/linht_title-300x184.jpg\" class=\"attachment-medium size-medium wp-post-image\" alt=\"\" style=\"\" srcset=\"https:\/\/dl-nordwest.com\/wp-content\/uploads\/2025\/09\/linht_title-300x184.jpg 300w, https:\/\/dl-nordwest.com\/wp-content\/uploads\/2025\/09\/linht_title-768x472.jpg 768w, https:\/\/dl-nordwest.com\/wp-content\/uploads\/2025\/09\/linht_title-825x510.jpg 825w, https:\/\/dl-nordwest.com\/wp-content\/uploads\/2025\/09\/linht_title.jpg 968w\" sizes=\"auto, (max-width: 300px) 100vw, 300px\" \/><\/a><\/div><a class=\"wp-block-latest-posts__post-title\" href=\"https:\/\/dl-nordwest.com\/index.php\/2025\/09\/28\/linht-open-source-handfunkgeraet-mit-zukunftspotenzial\/\">LinHT \u2013 Open-Source-Handfunkger\u00e4t mit Zukunftspotenzial<\/a><time datetime=\"2025-09-28T09:30:00+02:00\" class=\"wp-block-latest-posts__post-date\">28. September 2025<\/time><\/li>\n<li><div class=\"wp-block-latest-posts__featured-image alignleft\"><a href=\"https:\/\/dl-nordwest.com\/index.php\/2025\/07\/14\/raus-was-keine-miete-zahlt-m17-nicht-laenger-teil-von-mmdvm\/\" aria-label=\"Raus, was keine Miete zahlt: M17 nicht l\u00e4nger Teil von MMDVM\"><img loading=\"lazy\" decoding=\"async\" width=\"300\" height=\"184\" src=\"https:\/\/dl-nordwest.com\/wp-content\/uploads\/2025\/07\/m17-mmdvm-support_title-300x184.jpg\" class=\"attachment-medium size-medium wp-post-image\" alt=\"\" style=\"\" srcset=\"https:\/\/dl-nordwest.com\/wp-content\/uploads\/2025\/07\/m17-mmdvm-support_title-300x184.jpg 300w, https:\/\/dl-nordwest.com\/wp-content\/uploads\/2025\/07\/m17-mmdvm-support_title-768x472.jpg 768w, https:\/\/dl-nordwest.com\/wp-content\/uploads\/2025\/07\/m17-mmdvm-support_title-825x510.jpg 825w, https:\/\/dl-nordwest.com\/wp-content\/uploads\/2025\/07\/m17-mmdvm-support_title.jpg 968w\" sizes=\"auto, (max-width: 300px) 100vw, 300px\" \/><\/a><\/div><a class=\"wp-block-latest-posts__post-title\" href=\"https:\/\/dl-nordwest.com\/index.php\/2025\/07\/14\/raus-was-keine-miete-zahlt-m17-nicht-laenger-teil-von-mmdvm\/\">Raus, was keine Miete zahlt: M17 nicht l\u00e4nger Teil von MMDVM<\/a><time datetime=\"2025-07-14T09:00:00+02:00\" class=\"wp-block-latest-posts__post-date\">14. Juli 2025<\/time><\/li>\n<li><div class=\"wp-block-latest-posts__featured-image alignleft\"><a href=\"https:\/\/dl-nordwest.com\/index.php\/2025\/06\/15\/so-bringst-du-m17-in-dein-openwebrx\/\" aria-label=\"So bringst du M17 in dein OpenWebRX+\"><img loading=\"lazy\" decoding=\"async\" width=\"300\" height=\"184\" src=\"https:\/\/dl-nordwest.com\/wp-content\/uploads\/2025\/06\/m17-owrxp_title-300x184.jpg\" class=\"attachment-medium size-medium wp-post-image\" alt=\"\" style=\"\" srcset=\"https:\/\/dl-nordwest.com\/wp-content\/uploads\/2025\/06\/m17-owrxp_title-300x184.jpg 300w, https:\/\/dl-nordwest.com\/wp-content\/uploads\/2025\/06\/m17-owrxp_title-768x472.jpg 768w, https:\/\/dl-nordwest.com\/wp-content\/uploads\/2025\/06\/m17-owrxp_title-825x510.jpg 825w, https:\/\/dl-nordwest.com\/wp-content\/uploads\/2025\/06\/m17-owrxp_title.jpg 968w\" sizes=\"auto, (max-width: 300px) 100vw, 300px\" \/><\/a><\/div><a class=\"wp-block-latest-posts__post-title\" href=\"https:\/\/dl-nordwest.com\/index.php\/2025\/06\/15\/so-bringst-du-m17-in-dein-openwebrx\/\">So bringst du M17 in dein OpenWebRX+<\/a><time datetime=\"2025-06-15T09:30:00+02:00\" class=\"wp-block-latest-posts__post-date\">15. Juni 2025<\/time><\/li>\n<li><div class=\"wp-block-latest-posts__featured-image alignleft\"><a href=\"https:\/\/dl-nordwest.com\/index.php\/2025\/06\/08\/m17-so-werdet-ihr-qrv-teil-2-software\/\" aria-label=\"M17: So werdet ihr QRV \u2013 Teil 2 (Hardware\/Software)\"><img loading=\"lazy\" decoding=\"async\" width=\"300\" height=\"184\" src=\"https:\/\/dl-nordwest.com\/wp-content\/uploads\/2025\/06\/m17-teil2_title-300x184.jpg\" class=\"attachment-medium size-medium wp-post-image\" alt=\"\" style=\"\" srcset=\"https:\/\/dl-nordwest.com\/wp-content\/uploads\/2025\/06\/m17-teil2_title-300x184.jpg 300w, https:\/\/dl-nordwest.com\/wp-content\/uploads\/2025\/06\/m17-teil2_title-768x472.jpg 768w, https:\/\/dl-nordwest.com\/wp-content\/uploads\/2025\/06\/m17-teil2_title-825x510.jpg 825w, https:\/\/dl-nordwest.com\/wp-content\/uploads\/2025\/06\/m17-teil2_title.jpg 968w\" sizes=\"auto, (max-width: 300px) 100vw, 300px\" \/><\/a><\/div><a class=\"wp-block-latest-posts__post-title\" href=\"https:\/\/dl-nordwest.com\/index.php\/2025\/06\/08\/m17-so-werdet-ihr-qrv-teil-2-software\/\">M17: So werdet ihr QRV \u2013 Teil 2 (Hardware\/Software)<\/a><time datetime=\"2025-06-08T09:30:00+02:00\" class=\"wp-block-latest-posts__post-date\">8. Juni 2025<\/time><\/li>\n<li><div class=\"wp-block-latest-posts__featured-image alignleft\"><a href=\"https:\/\/dl-nordwest.com\/index.php\/2025\/03\/23\/modifikation-eines-tyt-md380-retevis-rt3-fuer-m17-erfahrungsbericht\/\" aria-label=\"Modifikation eines TYT MD380 \/ Retevis RT3 f\u00fcr M17 \u2013 Erfahrungsbericht\"><img loading=\"lazy\" decoding=\"async\" width=\"300\" height=\"184\" src=\"https:\/\/dl-nordwest.com\/wp-content\/uploads\/2025\/03\/m17_md380-mod_title-1-300x184.jpg\" class=\"attachment-medium size-medium wp-post-image\" alt=\"\" style=\"\" srcset=\"https:\/\/dl-nordwest.com\/wp-content\/uploads\/2025\/03\/m17_md380-mod_title-1-300x184.jpg 300w, https:\/\/dl-nordwest.com\/wp-content\/uploads\/2025\/03\/m17_md380-mod_title-1-768x472.jpg 768w, https:\/\/dl-nordwest.com\/wp-content\/uploads\/2025\/03\/m17_md380-mod_title-1-825x510.jpg 825w, https:\/\/dl-nordwest.com\/wp-content\/uploads\/2025\/03\/m17_md380-mod_title-1.jpg 968w\" sizes=\"auto, (max-width: 300px) 100vw, 300px\" \/><\/a><\/div><a class=\"wp-block-latest-posts__post-title\" href=\"https:\/\/dl-nordwest.com\/index.php\/2025\/03\/23\/modifikation-eines-tyt-md380-retevis-rt3-fuer-m17-erfahrungsbericht\/\">Modifikation eines TYT MD380 \/ Retevis RT3 f\u00fcr M17 \u2013 Erfahrungsbericht<\/a><time datetime=\"2025-03-23T09:30:00+01:00\" class=\"wp-block-latest-posts__post-date\">23. M\u00e4rz 2025<\/time><\/li>\n<li><div class=\"wp-block-latest-posts__featured-image alignleft\"><a href=\"https:\/\/dl-nordwest.com\/index.php\/2025\/03\/02\/neue-generation-von-digitalfunk-hotspots-kuendigt-sich-an\/\" aria-label=\"Neue Generation von Digitalfunk-Hotspots k\u00fcndigt sich an\"><img loading=\"lazy\" decoding=\"async\" width=\"300\" height=\"184\" src=\"https:\/\/dl-nordwest.com\/wp-content\/uploads\/2025\/02\/cc1200_title-300x184.jpg\" class=\"attachment-medium size-medium wp-post-image\" alt=\"\" style=\"\" srcset=\"https:\/\/dl-nordwest.com\/wp-content\/uploads\/2025\/02\/cc1200_title-300x184.jpg 300w, https:\/\/dl-nordwest.com\/wp-content\/uploads\/2025\/02\/cc1200_title-768x472.jpg 768w, https:\/\/dl-nordwest.com\/wp-content\/uploads\/2025\/02\/cc1200_title-825x510.jpg 825w, https:\/\/dl-nordwest.com\/wp-content\/uploads\/2025\/02\/cc1200_title.jpg 968w\" sizes=\"auto, (max-width: 300px) 100vw, 300px\" \/><\/a><\/div><a class=\"wp-block-latest-posts__post-title\" href=\"https:\/\/dl-nordwest.com\/index.php\/2025\/03\/02\/neue-generation-von-digitalfunk-hotspots-kuendigt-sich-an\/\">Neue Generation von Digitalfunk-Hotspots k\u00fcndigt sich an<\/a><time datetime=\"2025-03-02T09:30:00+01:00\" class=\"wp-block-latest-posts__post-date\">2. M\u00e4rz 2025<\/time><\/li>\n<li><div class=\"wp-block-latest-posts__featured-image alignleft\"><a href=\"https:\/\/dl-nordwest.com\/index.php\/2025\/01\/19\/m17-so-werdet-ihr-qrv-teil-1-funkgeraet\/\" aria-label=\"M17: So werdet ihr QRV &#8211; Teil 1 (Funkger\u00e4t)\"><img loading=\"lazy\" decoding=\"async\" width=\"300\" height=\"184\" src=\"https:\/\/dl-nordwest.com\/wp-content\/uploads\/2025\/01\/m17-start1_title-1-300x184.jpg\" class=\"attachment-medium size-medium wp-post-image\" alt=\"\" style=\"\" srcset=\"https:\/\/dl-nordwest.com\/wp-content\/uploads\/2025\/01\/m17-start1_title-1-300x184.jpg 300w, https:\/\/dl-nordwest.com\/wp-content\/uploads\/2025\/01\/m17-start1_title-1-768x472.jpg 768w, https:\/\/dl-nordwest.com\/wp-content\/uploads\/2025\/01\/m17-start1_title-1-825x510.jpg 825w, https:\/\/dl-nordwest.com\/wp-content\/uploads\/2025\/01\/m17-start1_title-1.jpg 968w\" sizes=\"auto, (max-width: 300px) 100vw, 300px\" \/><\/a><\/div><a class=\"wp-block-latest-posts__post-title\" href=\"https:\/\/dl-nordwest.com\/index.php\/2025\/01\/19\/m17-so-werdet-ihr-qrv-teil-1-funkgeraet\/\">M17: So werdet ihr QRV &#8211; Teil 1 (Funkger\u00e4t)<\/a><time datetime=\"2025-01-19T09:30:00+01:00\" class=\"wp-block-latest-posts__post-date\">19. Januar 2025<\/time><\/li>\n<li><div class=\"wp-block-latest-posts__featured-image alignleft\"><a href=\"https:\/\/dl-nordwest.com\/index.php\/2025\/01\/15\/m17-urf421-unter-wpsd-als-host-eintragen\/\" aria-label=\"M17: URF421 unter WPSD als Host eintragen\"><img loading=\"lazy\" decoding=\"async\" width=\"300\" height=\"184\" src=\"https:\/\/dl-nordwest.com\/wp-content\/uploads\/2025\/01\/m17-addurf_title-300x184.jpg\" class=\"attachment-medium size-medium wp-post-image\" alt=\"\" style=\"\" srcset=\"https:\/\/dl-nordwest.com\/wp-content\/uploads\/2025\/01\/m17-addurf_title-300x184.jpg 300w, https:\/\/dl-nordwest.com\/wp-content\/uploads\/2025\/01\/m17-addurf_title-768x472.jpg 768w, https:\/\/dl-nordwest.com\/wp-content\/uploads\/2025\/01\/m17-addurf_title-825x510.jpg 825w, https:\/\/dl-nordwest.com\/wp-content\/uploads\/2025\/01\/m17-addurf_title.jpg 968w\" sizes=\"auto, (max-width: 300px) 100vw, 300px\" \/><\/a><\/div><a class=\"wp-block-latest-posts__post-title\" href=\"https:\/\/dl-nordwest.com\/index.php\/2025\/01\/15\/m17-urf421-unter-wpsd-als-host-eintragen\/\">M17: URF421 unter WPSD als Host eintragen<\/a><time datetime=\"2025-01-15T09:30:00+01:00\" class=\"wp-block-latest-posts__post-date\">15. Januar 2025<\/time><\/li>\n<li><div class=\"wp-block-latest-posts__featured-image alignleft\"><a href=\"https:\/\/dl-nordwest.com\/index.php\/2024\/12\/29\/urf-reflektor-dl-nordwest\/\" aria-label=\"URF-Reflektor DL-Nordwest\"><img loading=\"lazy\" decoding=\"async\" width=\"300\" height=\"184\" src=\"https:\/\/dl-nordwest.com\/wp-content\/uploads\/2024\/12\/urf421_title-300x184.jpg\" class=\"attachment-medium size-medium wp-post-image\" alt=\"\" style=\"\" srcset=\"https:\/\/dl-nordwest.com\/wp-content\/uploads\/2024\/12\/urf421_title-300x184.jpg 300w, https:\/\/dl-nordwest.com\/wp-content\/uploads\/2024\/12\/urf421_title-1024x630.jpg 1024w, https:\/\/dl-nordwest.com\/wp-content\/uploads\/2024\/12\/urf421_title-768x472.jpg 768w, https:\/\/dl-nordwest.com\/wp-content\/uploads\/2024\/12\/urf421_title-825x510.jpg 825w, https:\/\/dl-nordwest.com\/wp-content\/uploads\/2024\/12\/urf421_title.jpg 1210w\" sizes=\"auto, (max-width: 300px) 100vw, 300px\" \/><\/a><\/div><a class=\"wp-block-latest-posts__post-title\" href=\"https:\/\/dl-nordwest.com\/index.php\/2024\/12\/29\/urf-reflektor-dl-nordwest\/\">URF-Reflektor DL-Nordwest<\/a><time datetime=\"2024-12-29T09:30:00+01:00\" class=\"wp-block-latest-posts__post-date\">29. Dezember 2024<\/time><\/li>\n<\/ul>","protected":false},"excerpt":{"rendered":"<p>Auf dieser Seite haben wir f\u00fcr euch eine Auswahl an interessanten Links zum M17-Projekt zusammengestellt. Ihr findet hier sowohl weiterf\u00fchrende Informationen als auch unsere eigenen Beitr\u00e4ge. Weiterf\u00fchrende Links Unsere Beitr\u00e4ge zu M17<\/p>\n","protected":false},"author":1,"featured_media":7890,"parent":0,"menu_order":0,"comment_status":"closed","ping_status":"closed","template":"","meta":{"footnotes":""},"class_list":["post-7282","page","type-page","status-publish","has-post-thumbnail","hentry"],"_links":{"self":[{"href":"https:\/\/dl-nordwest.com\/index.php\/wp-json\/wp\/v2\/pages\/7282","targetHints":{"allow":["GET"]}}],"collection":[{"href":"https:\/\/dl-nordwest.com\/index.php\/wp-json\/wp\/v2\/pages"}],"about":[{"href":"https:\/\/dl-nordwest.com\/index.php\/wp-json\/wp\/v2\/types\/page"}],"author":[{"embeddable":true,"href":"https:\/\/dl-nordwest.com\/index.php\/wp-json\/wp\/v2\/users\/1"}],"replies":[{"embeddable":true,"href":"https:\/\/dl-nordwest.com\/index.php\/wp-json\/wp\/v2\/comments?post=7282"}],"version-history":[{"count":2,"href":"https:\/\/dl-nordwest.com\/index.php\/wp-json\/wp\/v2\/pages\/7282\/revisions"}],"predecessor-version":[{"id":7892,"href":"https:\/\/dl-nordwest.com\/index.php\/wp-json\/wp\/v2\/pages\/7282\/revisions\/7892"}],"wp:featuredmedia":[{"embeddable":true,"href":"https:\/\/dl-nordwest.com\/index.php\/wp-json\/wp\/v2\/media\/7890"}],"wp:attachment":[{"href":"https:\/\/dl-nordwest.com\/index.php\/wp-json\/wp\/v2\/media?parent=7282"}],"curies":[{"name":"wp","href":"https:\/\/api.w.org\/{rel}","templated":true}]}}