{"id":561,"date":"2020-05-08T05:50:23","date_gmt":"2020-05-08T03:50:23","guid":{"rendered":"https:\/\/dl-nordwest.com\/?page_id=561"},"modified":"2020-05-17T10:17:25","modified_gmt":"2020-05-17T08:17:25","slug":"peanut-transcoder","status":"publish","type":"page","link":"https:\/\/dl-nordwest.com\/index.php\/dl-nordwest\/die-technik\/peanut-transcoder\/","title":{"rendered":"PEANUT &#8211; Transcoder"},"content":{"rendered":"\n<p>Wir betreiben einen eigenen Transcoder f\u00fcr die Transcodierung der analogen Sprache in einen digitalen Datenstrom und umgekehrt. Die Hardware besteht aus einem <strong>Raspberry Pi 2 Model B<\/strong> mit AMBE-Chip auf einem <strong>DV3000<\/strong> Raspberry Pi-Hat von NW Digital Radio.<\/p>\n\n\n\n<p>Das Titelbild zeigt die Hardware mit ge\u00f6ffnetem Geh\u00e4use. Ein zus\u00e4tzlicher L\u00fcfter auf dem Geh\u00e4usedeckel sorgt f\u00fcr einen ausreichenden W\u00e4rme-Abtransport.<\/p>\n\n\n\n<u>Tech-Facts<\/u>\n<table class=\"wp-block-preformatted techtable\">\n <tr>\n  <th>Hardware:<\/th>\n  <td>Raspberry Pi 2 Model B<\/td>\n <\/tr>\n <tr>\n  <th>Zusatzhardware:<\/th>\n  <td>NW Digital Radio DV3000<\/td>\n <\/tr>\n <tr>\n  <th>Betriebssystem:<\/th>\n  <td>Raspbian Stretch<\/td>\n <\/tr>\n <tr>\n  <th>Software:<\/th>\n  <td>AMBEserverGPIO by G4KLX<\/td>\n <\/tr>\n <tr>\n  <th>Betriebsstandort:<\/th>\n  <td>Singapore<\/td>\n <\/tr>\n <tr>\n  <th>Dashboard:<\/th>\n  <td><a href=\"http:\/\/peanut.pa7lim.nl\/\" target=\"_blank\" rel=\"noopener noreferrer\">peanut.pa7lim.nl<\/a><\/td>\n <\/tr>\n<\/table>\n\n\n\n<p><\/p>\n","protected":false},"excerpt":{"rendered":"<p>Wir betreiben einen eigenen Transcoder f\u00fcr die Transcodierung der analogen Sprache in einen digitalen Datenstrom und umgekehrt. Die Hardware besteht aus einem Raspberry Pi 2 Model B mit AMBE-Chip auf einem DV3000 Raspberry Pi-Hat von NW Digital Radio.<\/p>\n","protected":false},"author":1,"featured_media":565,"parent":503,"menu_order":3,"comment_status":"closed","ping_status":"closed","template":"","meta":{"rop_custom_images_group":[],"rop_custom_messages_group":[],"rop_publish_now":"initial","rop_publish_now_accounts":[],"rop_publish_now_history":[],"rop_publish_now_status":"pending","footnotes":""},"class_list":["post-561","page","type-page","status-publish","has-post-thumbnail","hentry"],"_links":{"self":[{"href":"https:\/\/dl-nordwest.com\/index.php\/wp-json\/wp\/v2\/pages\/561","targetHints":{"allow":["GET"]}}],"collection":[{"href":"https:\/\/dl-nordwest.com\/index.php\/wp-json\/wp\/v2\/pages"}],"about":[{"href":"https:\/\/dl-nordwest.com\/index.php\/wp-json\/wp\/v2\/types\/page"}],"author":[{"embeddable":true,"href":"https:\/\/dl-nordwest.com\/index.php\/wp-json\/wp\/v2\/users\/1"}],"replies":[{"embeddable":true,"href":"https:\/\/dl-nordwest.com\/index.php\/wp-json\/wp\/v2\/comments?post=561"}],"version-history":[{"count":0,"href":"https:\/\/dl-nordwest.com\/index.php\/wp-json\/wp\/v2\/pages\/561\/revisions"}],"up":[{"embeddable":true,"href":"https:\/\/dl-nordwest.com\/index.php\/wp-json\/wp\/v2\/pages\/503"}],"wp:featuredmedia":[{"embeddable":true,"href":"https:\/\/dl-nordwest.com\/index.php\/wp-json\/wp\/v2\/media\/565"}],"wp:attachment":[{"href":"https:\/\/dl-nordwest.com\/index.php\/wp-json\/wp\/v2\/media?parent=561"}],"curies":[{"name":"wp","href":"https:\/\/api.w.org\/{rel}","templated":true}]}}