{"id":56,"date":"2020-03-15T09:14:09","date_gmt":"2020-03-15T08:14:09","guid":{"rendered":"http:\/\/192.168.1.155\/?p=56"},"modified":"2024-02-05T01:57:25","modified_gmt":"2024-02-05T00:57:25","slug":"anleitungen","status":"publish","type":"page","link":"https:\/\/dl-nordwest.com\/index.php\/anleitungen\/","title":{"rendered":"Downloads"},"content":{"rendered":"\n<h2 class=\"wp-block-heading\">Handb\u00fccher zu digitalen Funkger\u00e4ten<\/h2>\n\n\n<div class=\"child_pages child_pages-large\">\n<div id=\"child_page-670\" class=\"child_page\" style=\"width:50%; max-width:100%;\"><div class=\"child_page-container\"><div class=\"post_thumb\"><a href=\"https:\/\/dl-nordwest.com\/index.php\/anleitungen\/downloads-icom\/\"><img decoding=\"async\" src=\"https:\/\/dl-nordwest.com\/wp-content\/uploads\/2024\/02\/downloads_icom.jpg\" class=\"attachment-large size-large wp-post-image\" alt=\"\" srcset=\"https:\/\/dl-nordwest.com\/wp-content\/uploads\/2024\/02\/downloads_icom.jpg 968w, https:\/\/dl-nordwest.com\/wp-content\/uploads\/2024\/02\/downloads_icom-300x184.jpg 300w, https:\/\/dl-nordwest.com\/wp-content\/uploads\/2024\/02\/downloads_icom-768x472.jpg 768w\" sizes=\"(max-width: 660px) 100vw, 660px\" \/><\/a><\/div><div class=\"post_content\"><h4><a href=\"https:\/\/dl-nordwest.com\/index.php\/anleitungen\/downloads-icom\/\">Downloads - ICOM<\/a><\/h4><div class=\"post_excerpt\">Handb\u00fccher zu digitalen Funkger\u00e4ten der Firma ICOM<\/div><\/div><!-- .post_content  --><\/div><!-- .child_page-container --><\/div><!-- #child_page-670\" -->\n\n<div id=\"child_page-445\" class=\"child_page\" style=\"width:50%; max-width:100%;\"><div class=\"child_page-container\"><div class=\"post_thumb\"><a href=\"https:\/\/dl-nordwest.com\/index.php\/anleitungen\/downloads-kenwood\/\"><img decoding=\"async\" src=\"https:\/\/dl-nordwest.com\/wp-content\/uploads\/2024\/02\/downloads_kenwood.jpg\" class=\"attachment-large size-large wp-post-image\" alt=\"\" srcset=\"https:\/\/dl-nordwest.com\/wp-content\/uploads\/2024\/02\/downloads_kenwood.jpg 968w, https:\/\/dl-nordwest.com\/wp-content\/uploads\/2024\/02\/downloads_kenwood-300x184.jpg 300w, https:\/\/dl-nordwest.com\/wp-content\/uploads\/2024\/02\/downloads_kenwood-768x472.jpg 768w\" sizes=\"(max-width: 660px) 100vw, 660px\" \/><\/a><\/div><div class=\"post_content\"><h4><a href=\"https:\/\/dl-nordwest.com\/index.php\/anleitungen\/downloads-kenwood\/\">Downloads - KENWOOD<\/a><\/h4><div class=\"post_excerpt\">Handb\u00fccher zu digitalen Funkger\u00e4ten der Firma KENWOOD<\/div><\/div><!-- .post_content  --><\/div><!-- .child_page-container --><\/div><!-- #child_page-445\" -->\n\n<div id=\"child_page-429\" class=\"child_page\" style=\"width:50%; max-width:100%;\"><div class=\"child_page-container\"><div class=\"post_thumb\"><a href=\"https:\/\/dl-nordwest.com\/index.php\/anleitungen\/downloads-yaesu\/\"><img decoding=\"async\" src=\"https:\/\/dl-nordwest.com\/wp-content\/uploads\/2024\/02\/downloads_yaesu.jpg\" class=\"attachment-large size-large wp-post-image\" alt=\"\" srcset=\"https:\/\/dl-nordwest.com\/wp-content\/uploads\/2024\/02\/downloads_yaesu.jpg 968w, https:\/\/dl-nordwest.com\/wp-content\/uploads\/2024\/02\/downloads_yaesu-300x184.jpg 300w, https:\/\/dl-nordwest.com\/wp-content\/uploads\/2024\/02\/downloads_yaesu-768x472.jpg 768w\" sizes=\"(max-width: 660px) 100vw, 660px\" \/><\/a><\/div><div class=\"post_content\"><h4><a href=\"https:\/\/dl-nordwest.com\/index.php\/anleitungen\/downloads-yaesu\/\">Downloads - YAESU<\/a><\/h4><div class=\"post_excerpt\">Handb\u00fccher zu digitalen Funkger\u00e4ten der Firma YAESU<\/div><\/div><!-- .post_content  --><\/div><!-- .child_page-container --><\/div><!-- #child_page-429\" -->\n\n<div id=\"child_page-3937\" class=\"child_page\" style=\"width:50%; max-width:100%;\"><div class=\"child_page-container\"><div class=\"post_thumb\"><a href=\"https:\/\/dl-nordwest.com\/index.php\/anleitungen\/downloads-connect-systems\/\"><img decoding=\"async\" src=\"https:\/\/dl-nordwest.com\/wp-content\/uploads\/2024\/03\/downloads_cs-1024x1024.jpg\" class=\"attachment-large size-large wp-post-image\" alt=\"\" srcset=\"https:\/\/dl-nordwest.com\/wp-content\/uploads\/2024\/03\/downloads_cs-1024x1024.jpg 1024w, https:\/\/dl-nordwest.com\/wp-content\/uploads\/2024\/03\/downloads_cs-300x300.jpg 300w, https:\/\/dl-nordwest.com\/wp-content\/uploads\/2024\/03\/downloads_cs-150x150.jpg 150w, https:\/\/dl-nordwest.com\/wp-content\/uploads\/2024\/03\/downloads_cs-768x768.jpg 768w, https:\/\/dl-nordwest.com\/wp-content\/uploads\/2024\/03\/downloads_cs.jpg 1058w\" sizes=\"(max-width: 660px) 100vw, 660px\" \/><\/a><\/div><div class=\"post_content\"><h4><a href=\"https:\/\/dl-nordwest.com\/index.php\/anleitungen\/downloads-connect-systems\/\">Downloads - Connect Systems<\/a><\/h4><div class=\"post_excerpt\">Handb\u00fccher zu digitalen Funkger\u00e4ten der Firma Connect Systems Inc.<\/div><\/div><!-- .post_content  --><\/div><!-- .child_page-container --><\/div><!-- #child_page-3937\" -->\n\n<div id=\"child_page-740\" class=\"child_page\" style=\"width:50%; max-width:100%;\"><div class=\"child_page-container\"><div class=\"post_thumb\"><a href=\"https:\/\/dl-nordwest.com\/index.php\/anleitungen\/downloads-inrico\/\"><img decoding=\"async\" src=\"https:\/\/dl-nordwest.com\/wp-content\/uploads\/2024\/02\/downloads_inrico.jpg\" class=\"attachment-large size-large wp-post-image\" alt=\"\" srcset=\"https:\/\/dl-nordwest.com\/wp-content\/uploads\/2024\/02\/downloads_inrico.jpg 968w, https:\/\/dl-nordwest.com\/wp-content\/uploads\/2024\/02\/downloads_inrico-300x184.jpg 300w, https:\/\/dl-nordwest.com\/wp-content\/uploads\/2024\/02\/downloads_inrico-768x472.jpg 768w\" sizes=\"(max-width: 660px) 100vw, 660px\" \/><\/a><\/div><div class=\"post_content\"><h4><a href=\"https:\/\/dl-nordwest.com\/index.php\/anleitungen\/downloads-inrico\/\">Downloads - INRICO<\/a><\/h4><div class=\"post_excerpt\">Handb\u00fccher zu Ger\u00e4ten der Firma INRICO<\/div><\/div><!-- .post_content  --><\/div><!-- .child_page-container --><\/div><!-- #child_page-740\" -->\n\n<div id=\"child_page-855\" class=\"child_page\" style=\"width:50%; max-width:100%;\"><div class=\"child_page-container\"><div class=\"post_thumb\"><a href=\"https:\/\/dl-nordwest.com\/index.php\/anleitungen\/vortraege-digitalfunk\/\"><img decoding=\"async\" src=\"https:\/\/dl-nordwest.com\/wp-content\/uploads\/2024\/02\/downloads_vortraege-1.jpg\" class=\"attachment-large size-large wp-post-image\" alt=\"\" srcset=\"https:\/\/dl-nordwest.com\/wp-content\/uploads\/2024\/02\/downloads_vortraege-1.jpg 968w, https:\/\/dl-nordwest.com\/wp-content\/uploads\/2024\/02\/downloads_vortraege-1-300x184.jpg 300w, https:\/\/dl-nordwest.com\/wp-content\/uploads\/2024\/02\/downloads_vortraege-1-768x472.jpg 768w\" sizes=\"(max-width: 660px) 100vw, 660px\" \/><\/a><\/div><div class=\"post_content\"><h4><a href=\"https:\/\/dl-nordwest.com\/index.php\/anleitungen\/vortraege-digitalfunk\/\">Vortr\u00e4ge Digitalfunk<\/a><\/h4><div class=\"post_excerpt\">Diese Vortr\u00e4ge sind nat\u00fcrlich zum Eigenstudium, als auch zum Vortrag in eurem Ortsverband gedacht. Bitte seid so fair und \u00e4ndert sie nicht ab. Das erstellen ist eine Menge Arbeit, deswegen w\u00fcrde ich mich freuen, wenn alles Orginal bleibt. Es handelt sich jeweils um die Grundlagen, also eher f\u00fcr Anf\u00e4nger als f\u00fcr Fortgeschrittene gedacht.<\/div><\/div><!-- .post_content  --><\/div><!-- .child_page-container --><\/div><!-- #child_page-855\" -->\n<\/div>\n","protected":false},"excerpt":{"rendered":"<p>Handb\u00fccher zu digitalen Funkger\u00e4ten<\/p>\n","protected":false},"author":1,"featured_media":0,"parent":0,"menu_order":0,"comment_status":"closed","ping_status":"open","template":"","meta":{"rop_custom_images_group":[],"rop_custom_messages_group":[],"rop_publish_now":"initial","rop_publish_now_accounts":[],"rop_publish_now_history":[],"rop_publish_now_status":"pending","footnotes":""},"class_list":["post-56","page","type-page","status-publish","hentry"],"_links":{"self":[{"href":"https:\/\/dl-nordwest.com\/index.php\/wp-json\/wp\/v2\/pages\/56","targetHints":{"allow":["GET"]}}],"collection":[{"href":"https:\/\/dl-nordwest.com\/index.php\/wp-json\/wp\/v2\/pages"}],"about":[{"href":"https:\/\/dl-nordwest.com\/index.php\/wp-json\/wp\/v2\/types\/page"}],"author":[{"embeddable":true,"href":"https:\/\/dl-nordwest.com\/index.php\/wp-json\/wp\/v2\/users\/1"}],"replies":[{"embeddable":true,"href":"https:\/\/dl-nordwest.com\/index.php\/wp-json\/wp\/v2\/comments?post=56"}],"version-history":[{"count":0,"href":"https:\/\/dl-nordwest.com\/index.php\/wp-json\/wp\/v2\/pages\/56\/revisions"}],"wp:attachment":[{"href":"https:\/\/dl-nordwest.com\/index.php\/wp-json\/wp\/v2\/media?parent=56"}],"curies":[{"name":"wp","href":"https:\/\/api.w.org\/{rel}","templated":true}]}}