{"id":5101,"date":"2024-08-10T03:55:10","date_gmt":"2024-08-10T01:55:10","guid":{"rendered":"https:\/\/dl-nordwest.com\/?page_id=5101"},"modified":"2025-09-18T11:25:05","modified_gmt":"2025-09-18T09:25:05","slug":"meshtastic-ostfriesland","status":"publish","type":"page","link":"https:\/\/dl-nordwest.com\/index.php\/meshtastic-ostfriesland\/","title":{"rendered":"Meshtastic Nordwest"},"content":{"rendered":"\n<p><em>\u00dcbersicht der wichtigsten Einstellung und Links zur Teilnahme<\/em><\/p>\n\n\n\n<div style=\"height:40px\" aria-hidden=\"true\" class=\"wp-block-spacer\"><\/div>\n\n\n\n<div class=\"wp-block-group ticss-2d1621af has-white-color has-medium-pink-background-color has-text-color has-background has-link-color wp-elements-ffaca512f900070128192c694db3208f\"><div class=\"wp-block-group__inner-container is-layout-constrained wp-block-group-is-layout-constrained\">\n<p><strong>Update 03.07.2025<\/strong><\/p>\n\n\n\n<ul class=\"wp-block-list\">\n<li>Umstellung von LongMod auf Long<strong>Fast<\/strong>, siehe <em><a href=\"#LoraSettings\">LoRa Radio Einstellungen<\/a><\/em><\/li>\n\n\n\n<li>Umbenennung der Kan\u00e4le, siehe <em><a href=\"#ChatgruppenMshDLNW\">Chatgruppen<\/a><\/em><\/li>\n<\/ul>\n<\/div><\/div>\n\n\n\n<div style=\"height:100px\" aria-hidden=\"true\" class=\"wp-block-spacer\"><\/div>\n\n\n\n<p class=\"ticss-80ad6f4d\"><strong>Ausf\u00fchrlicher Artikel von DL-Nordwest<\/strong><\/p>\n\n\n<div class=\"display-posts-listing\"><div class=\"listing-item\"><a class=\"image\" href=\"https:\/\/dl-nordwest.com\/index.php\/2024\/08\/11\/wir-bauen-uns-eine-meshtastic-node\/\"><img loading=\"lazy\" decoding=\"async\" width=\"660\" height=\"406\" src=\"https:\/\/dl-nordwest.com\/wp-content\/uploads\/2024\/08\/meshtatstic_title.jpg\" class=\"attachment-large size-large wp-post-image\" alt=\"\" srcset=\"https:\/\/dl-nordwest.com\/wp-content\/uploads\/2024\/08\/meshtatstic_title.jpg 968w, https:\/\/dl-nordwest.com\/wp-content\/uploads\/2024\/08\/meshtatstic_title-300x184.jpg 300w, https:\/\/dl-nordwest.com\/wp-content\/uploads\/2024\/08\/meshtatstic_title-768x472.jpg 768w\" sizes=\"auto, (max-width: 660px) 100vw, 660px\" \/><\/a> <a class=\"title\" href=\"https:\/\/dl-nordwest.com\/index.php\/2024\/08\/11\/wir-bauen-uns-eine-meshtastic-node\/\">Wir bauen uns eine Meshtastic-Node<\/a><\/div><\/div>\n\n\n\n<div style=\"height:100px\" aria-hidden=\"true\" class=\"wp-block-spacer\"><\/div>\n\n\n\n<p class=\"ticss-80ad6f4d\"><strong>Meshtastic-Vortrag von J\u00fcrgen, DL8MA<\/strong><\/p>\n\n\n<div class=\"wp-caption alignnone\" style=\"width:670px;\"><div class=\"browser-shot \"><a href=\"https:\/\/treff.darc.de\/playback\/presentation\/2.3\/87e34c7a1b375e3c8cc94e9d0ae2ac54d41af2de-1756309263581\"  target=\"_blank\"><img loading=\"lazy\" decoding=\"async\" src=\"https:\/\/s0.wp.com\/mshots\/v1\/https%3A%2F%2Ftreff.darc.de%2Fplayback%2Fpresentation%2F2.3%2F87e34c7a1b375e3c8cc94e9d0ae2ac54d41af2de-1756309263581?w=660&#038;h=450\" alt=\"Screenshot von treff.darc.de\" width=\"660\" height=\"450\" class=\"\" \/><\/a><\/div><p class=\"wp-caption-text\">Meshtastic-Vortrag DL8MA (Notfunkreferat Distrikt P, W\u00fcrttemberg)<\/p><\/div>\n\n\n\n<div style=\"height:40px\" aria-hidden=\"true\" class=\"wp-block-spacer\"><\/div>\n\n\n\n<p class=\"ticss-80ad6f4d\"><strong>Leitfaden von Harald DG6BCW<\/strong><\/p>\n\n\n<div class=\"sdm_download_button_box_default\"><div class=\"sdm_download_link\"><a href=\"https:\/\/dl-nordwest.com\/?sdm_process_download=1&#038;download_id=5109\" class=\"sdm_download blue\" title=\"Meshtastic Nordwest &#8211; Leitfaden von DG6BCW\" target=&quot;_blank&quot;>Leitfaden Meshtastic Nordwest<\/a><\/div><\/div>\n\n\n<div style=\"height:100px\" aria-hidden=\"true\" class=\"wp-block-spacer\"><\/div>\n\n\n\n<p class=\"ticss-80ad6f4d\"><strong>Hardware<\/strong><\/p>\n\n\n\n<p class=\"ticss-3270bb19\">Auflistung kompatibler Meshtastic Hardware: <a href=\"https:\/\/meshtastic.org\/docs\/hardware\/devices\/\" target=\"_blank\" rel=\"noreferrer noopener\">https:\/\/meshtastic.org\/docs\/hardware\/devices\/<\/a>. <mark style=\"background-color:rgba(0, 0, 0, 0)\" class=\"has-inline-color has-medium-pink-color\"><strong>433 MHz <\/strong>Variante bestellen!<\/mark><\/p>\n\n\n\n<ul class=\"wp-block-list\">\n<li><a href=\"https:\/\/s.click.aliexpress.com\/e\/_DFFyX6F\" target=\"_blank\" rel=\"noreferrer noopener sponsored nofollow\">Heltec LoRa V3 bei Aliexpress<\/a><\/li>\n\n\n\n<li><a href=\"https:\/\/s.click.aliexpress.com\/e\/_DlNDpTN\" target=\"_blank\" rel=\"noreferrer noopener sponsored nofollow\">LILYGO T3-S3 bei Aliexpress<\/a><\/li>\n<\/ul>\n\n\n\n<div style=\"height:40px\" aria-hidden=\"true\" class=\"wp-block-spacer\"><\/div>\n\n\n\n<p class=\"ticss-80ad6f4d\"><strong>Firmware \/ Web-Flasher<\/strong><\/p>\n\n\n\n<p><mark style=\"background-color:rgba(0, 0, 0, 0)\" class=\"has-inline-color has-medium-pink-color\">Google Chrome oder Microsoft Edge Browser verwenden!<\/mark><\/p>\n\n\n<div class=\"wp-caption alignnone\" style=\"width:670px;\"><div class=\"browser-shot \"><a href=\"https:\/\/flasher.meshtastic.org\/\"  target=\"blank\"><img loading=\"lazy\" decoding=\"async\" src=\"https:\/\/s0.wp.com\/mshots\/v1\/https%3A%2F%2Fflasher.meshtastic.org%2F?w=660&#038;h=450\" alt=\"Screenshot von flasher.meshtastic.org\" width=\"660\" height=\"450\" class=\"\" \/><\/a><\/div><p class=\"wp-caption-text\">Meshtastic Web-Flasher<\/p><\/div>\n\n\n\n<div class=\"wp-block-group ticss-2d1621af has-white-color has-medium-pink-background-color has-text-color has-background has-link-color wp-elements-87ab9e5ea1080a1542e4bb3a310f220f\"><div class=\"wp-block-group__inner-container is-layout-constrained wp-block-group-is-layout-constrained\">\n<p>Um Probleme im Mesh-Netzwerk zu vermeiden, bitte die aktuelle <strong>Stable (Beta)<\/strong> Firmware verwenden!<\/p>\n<\/div><\/div>\n\n\n\n<div style=\"height:80px\" aria-hidden=\"true\" class=\"wp-block-spacer\"><\/div>\n\n\n\n<p class=\"ticss-80ad6f4d\" id=\"LoraSettings\"><strong>LoRa Radio Einstellungen<\/strong><\/p>\n\n\n\n<ul class=\"wp-block-list\">\n<li>LoRa Region: <strong>European Union 433mhz<\/strong><\/li>\n\n\n\n<li>Presets: <strong>Long Range &#8211; <mark style=\"background-color:rgba(0, 0, 0, 0)\" class=\"has-inline-color has-medium-pink-color\">Fast<\/mark><\/strong> <em>(seit 03.07.2025)<\/em><\/li>\n\n\n\n<li>Frequency Override: <strong>434,100 MHz<\/strong><\/li>\n\n\n\n<li>Bandwidth: <mark style=\"background-color:rgba(0, 0, 0, 0)\" class=\"has-inline-color has-medium-pink-color\"><strong>250 kHz<sup>*<\/sup><\/strong><\/mark><\/li>\n\n\n\n<li>Number of hops: <strong>6<\/strong><\/li>\n\n\n\n<li class=\"ticss-407e9c99\">Power: <strong>Maximale Leistung<\/strong> (22 dBm)<\/li>\n<\/ul>\n\n\n\n<p class=\"ticss-a4693480 has-small-font-size\"><em><mark style=\"background-color:rgba(0, 0, 0, 0)\" class=\"has-inline-color has-medium-pink-color\"><sup><strong>*<\/strong><\/sup>Laut DARC-Bandplan ist f\u00fcr Meshtastic mit Empfehlungscharakter lediglich eine maximale Bandbreite von max. 125 kHz vorgesehen.<\/mark><\/em><\/p>\n\n\n\n<div style=\"height:40px\" aria-hidden=\"true\" class=\"wp-block-spacer\"><\/div>\n\n\n\n<p class=\"ticss-c4972329\"><strong>Sonstige Einstellungen<\/strong><\/p>\n\n\n\n<ul class=\"wp-block-list\">\n<li>User Is Licensed (ham): Aktiviert<\/li>\n\n\n\n<li>User Long Name: <em>Rufzeichen-Locator-DOK<\/em>, z.B. <strong>DG1BGS-JO33NO-I09<\/strong><\/li>\n\n\n\n<li>User Short Name: <em>letzten drei Zeichen des Rufzeichens + laufende Nummer bei mehreren Nodes<\/em>, sonst leer, z.B. <strong>BGS1<\/strong><\/li>\n\n\n\n<li>Device Role: <strong>CLIENT<\/strong> (ggf. CLIENT_MUTE, s. <a href=\"https:\/\/meshtastic.org\/docs\/configuration\/radio\/device\/\" target=\"_blank\" rel=\"noreferrer noopener\">Doku<\/a>)<\/li>\n\n\n\n<li>Device LOCAL_ONLY: Aktiviert<\/li>\n\n\n\n<li>Device Node Info Broadcast Seconds: <strong>7200<\/strong><\/li>\n\n\n\n<li>Position Broadcast Interval: <strong>7200<\/strong>, Smart Broadcast: Aktiviert <u>oder<\/u> Fixed Position: Aktiviert (Ermittlung der eigenen GPS-Koordinaten z.B. mit Online-Tool <a href=\"https:\/\/www.gpskoordinaten.de\/gps-koordinaten-konverter\" target=\"_blank\" rel=\"noreferrer noopener\">www.gpskoordinaten.de\/gps-koordinaten-konverter<\/a>)<\/li>\n\n\n\n<li>Module Neighbor Info: Aktiviert, Update Interval: <strong>28800<\/strong>, Transmit Over LoRa: Aktiviert<\/li>\n<\/ul>\n\n\n\n<div style=\"height:100px\" aria-hidden=\"true\" class=\"wp-block-spacer\"><\/div>\n\n\n\n<p class=\"ticss-80ad6f4d\" id=\"ChatgruppenMshDLNW\"><strong>Chatgruppen<\/strong><\/p>\n\n\n\n<table id=\"tablepress-18\" class=\"tablepress tablepress-id-18 tbody-has-connected-cells\">\n<thead>\n<tr class=\"row-1\">\n\t<th class=\"column-1\">Kanal<\/th><th class=\"column-2\">Name<\/th>\n<\/tr>\n<\/thead>\n<tbody class=\"row-striping row-hover\">\n<tr class=\"row-2\">\n\t<td class=\"column-1\">0<\/td><td class=\"column-2\"><strong>Nordsee<\/strong><\/td>\n<\/tr>\n<tr class=\"row-3\">\n\t<td class=\"column-1\">1<\/td><td class=\"column-2\"><strong>Ostfriesld<\/strong><\/td>\n<\/tr>\n<tr class=\"row-4\">\n\t<td class=\"column-1\">2<\/td><td class=\"column-2\"><strong>Notfunk<\/strong><\/td>\n<\/tr>\n<tr class=\"row-5\">\n\t<td class=\"column-1\">3<\/td><td class=\"column-2\"><strong>DL-Nordwest<\/strong><\/td>\n<\/tr>\n<tr class=\"row-6\">\n\t<td class=\"column-1\">4<\/td><td class=\"column-2\"><strong>Oldenburg<\/strong><\/td>\n<\/tr>\n<tr class=\"row-7\">\n\t<td class=\"column-1\">5<\/td><td class=\"column-2\"><strong>Emsland<\/strong><\/td>\n<\/tr>\n<tr class=\"row-8\">\n\t<td class=\"column-1\">6<\/td><td class=\"column-2\"><\/td>\n<\/tr>\n<tr class=\"row-9\">\n\t<td class=\"column-1\">7<\/td><td class=\"column-2\"><\/td>\n<\/tr>\n<tr class=\"row-10\">\n\t<td colspan=\"2\" class=\"column-1\"><em>Stand: 03.07.2025<\/em><\/td>\n<\/tr>\n<\/tbody>\n<\/table>\n<!-- #tablepress-18 from cache -->\n\n\n<p class=\"ticss-d76af7e1\"><strong>Hinweise zum Prim\u00e4rkanal &#8222;0&#8220;<\/strong><\/p>\n\n\n\n<ul class=\"wp-block-list\">\n<li>Position aktiviert + Position Precision: <strong>15 (729 m)<\/strong><\/li>\n\n\n\n<li>Bitte zum chatten auf die anderen Kan\u00e4le ausweichen, z.B. <strong>DL-Nordwest<\/strong><\/li>\n<\/ul>\n\n\n\n<div style=\"height:40px\" aria-hidden=\"true\" class=\"wp-block-spacer\"><\/div>\n\n\n\n<p class=\"ticss-aab8e140\"><strong>Meshtastic Nordwest Blog von Marcus DM5MN<\/strong><\/p>\n\n\n<div class=\"wp-caption alignnone\" style=\"width:670px;\"><div class=\"browser-shot \"><a href=\"https:\/\/dm5mn.com\/?cat=2\"  target=\"blank\"><img loading=\"lazy\" decoding=\"async\" src=\"https:\/\/s0.wp.com\/mshots\/v1\/https%3A%2F%2Fdm5mn.com%2F%3Fcat%3D2?w=660&#038;h=450\" alt=\"Screenshot von dm5mn.com\" width=\"660\" height=\"450\" class=\"\" \/><\/a><\/div><p class=\"wp-caption-text\">Meshtastic Ostfriesland Blog von Marcus DM5MN<\/p><\/div>\n\n\n\n<div style=\"height:40px\" aria-hidden=\"true\" class=\"wp-block-spacer\"><\/div>\n\n\n\n<p class=\"ticss-aab8e140\"><strong>Weitere Links<\/strong><\/p>\n\n\n<div class=\"wp-caption alignnone\" style=\"width:670px;\"><div class=\"browser-shot \"><a href=\"https:\/\/meshtastic.org\/\"  target=\"blank\"><img loading=\"lazy\" decoding=\"async\" src=\"https:\/\/s0.wp.com\/mshots\/v1\/https%3A%2F%2Fmeshtastic.org%2F?w=660&#038;h=450\" alt=\"Screenshot von meshtastic.org\" width=\"660\" height=\"450\" class=\"\" \/><\/a><\/div><p class=\"wp-caption-text\">Offizielle Meshtastic-Seite<\/p><\/div>\n\n\n\n<hr class=\"wp-block-separator has-alpha-channel-opacity\"\/>\n\n\n\n<div class=\"wp-block-group has-light-gray-background-color has-background\"><div class=\"wp-block-group__inner-container is-layout-constrained wp-block-group-is-layout-constrained\">\n<p class=\"ticss-47e96262\"><em>Hier findet ihr weitere Beitr\u00e4ge \u00fcber Meshtastic:<\/em><\/p>\n\n\n<ul class=\"wp-block-latest-posts__list has-dates wp-block-latest-posts\"><li><div class=\"wp-block-latest-posts__featured-image alignleft\"><a href=\"https:\/\/dl-nordwest.com\/index.php\/2025\/09\/14\/contact-terminal-ui-fuer-meshtastic-nodes\/\" aria-label=\"Contact \u2013 Terminal-UI f\u00fcr Meshtastic-Nodes\"><img loading=\"lazy\" decoding=\"async\" width=\"300\" height=\"184\" src=\"https:\/\/dl-nordwest.com\/wp-content\/uploads\/2025\/07\/meshtastic-contact_title-300x184.jpg\" class=\"attachment-medium size-medium wp-post-image\" alt=\"\" style=\"\" srcset=\"https:\/\/dl-nordwest.com\/wp-content\/uploads\/2025\/07\/meshtastic-contact_title-300x184.jpg 300w, https:\/\/dl-nordwest.com\/wp-content\/uploads\/2025\/07\/meshtastic-contact_title-768x472.jpg 768w, https:\/\/dl-nordwest.com\/wp-content\/uploads\/2025\/07\/meshtastic-contact_title-825x510.jpg 825w, https:\/\/dl-nordwest.com\/wp-content\/uploads\/2025\/07\/meshtastic-contact_title.jpg 968w\" sizes=\"auto, (max-width: 300px) 100vw, 300px\" \/><\/a><\/div><a class=\"wp-block-latest-posts__post-title\" href=\"https:\/\/dl-nordwest.com\/index.php\/2025\/09\/14\/contact-terminal-ui-fuer-meshtastic-nodes\/\">Contact \u2013 Terminal-UI f\u00fcr Meshtastic-Nodes<\/a><time datetime=\"2025-09-14T09:30:00+02:00\" class=\"wp-block-latest-posts__post-date\">14. September 2025<\/time><\/li>\n<li><div class=\"wp-block-latest-posts__featured-image alignleft\"><a href=\"https:\/\/dl-nordwest.com\/index.php\/2025\/07\/20\/connect-nodeless-mqtt-client-fuer-meshtastic\/\" aria-label=\"Connect \u2013 Nodeless MQTT-Client f\u00fcr Meshtastic\"><img loading=\"lazy\" decoding=\"async\" width=\"300\" height=\"184\" src=\"https:\/\/dl-nordwest.com\/wp-content\/uploads\/2025\/07\/meshtastic_connect-title-300x184.jpg\" class=\"attachment-medium size-medium wp-post-image\" alt=\"\" style=\"\" srcset=\"https:\/\/dl-nordwest.com\/wp-content\/uploads\/2025\/07\/meshtastic_connect-title-300x184.jpg 300w, https:\/\/dl-nordwest.com\/wp-content\/uploads\/2025\/07\/meshtastic_connect-title-768x472.jpg 768w, https:\/\/dl-nordwest.com\/wp-content\/uploads\/2025\/07\/meshtastic_connect-title-825x510.jpg 825w, https:\/\/dl-nordwest.com\/wp-content\/uploads\/2025\/07\/meshtastic_connect-title.jpg 968w\" sizes=\"auto, (max-width: 300px) 100vw, 300px\" \/><\/a><\/div><a class=\"wp-block-latest-posts__post-title\" href=\"https:\/\/dl-nordwest.com\/index.php\/2025\/07\/20\/connect-nodeless-mqtt-client-fuer-meshtastic\/\">Connect \u2013 Nodeless MQTT-Client f\u00fcr Meshtastic<\/a><time datetime=\"2025-07-20T09:30:00+02:00\" class=\"wp-block-latest-posts__post-date\">20. Juli 2025<\/time><\/li>\n<li><div class=\"wp-block-latest-posts__featured-image alignleft\"><a href=\"https:\/\/dl-nordwest.com\/index.php\/2025\/03\/30\/meshtastic-ui-mesh-kommunikation-ohne-smartphone\/\" aria-label=\"Meshtastic UI &#8211; Mesh-Kommunikation ohne Smartphone\"><img loading=\"lazy\" decoding=\"async\" width=\"300\" height=\"184\" src=\"https:\/\/dl-nordwest.com\/wp-content\/uploads\/2025\/03\/meshtastic-ui_title-300x184.jpg\" class=\"attachment-medium size-medium wp-post-image\" alt=\"\" style=\"\" srcset=\"https:\/\/dl-nordwest.com\/wp-content\/uploads\/2025\/03\/meshtastic-ui_title-300x184.jpg 300w, https:\/\/dl-nordwest.com\/wp-content\/uploads\/2025\/03\/meshtastic-ui_title-768x472.jpg 768w, https:\/\/dl-nordwest.com\/wp-content\/uploads\/2025\/03\/meshtastic-ui_title-825x510.jpg 825w, https:\/\/dl-nordwest.com\/wp-content\/uploads\/2025\/03\/meshtastic-ui_title.jpg 968w\" sizes=\"auto, (max-width: 300px) 100vw, 300px\" \/><\/a><\/div><a class=\"wp-block-latest-posts__post-title\" href=\"https:\/\/dl-nordwest.com\/index.php\/2025\/03\/30\/meshtastic-ui-mesh-kommunikation-ohne-smartphone\/\">Meshtastic UI &#8211; Mesh-Kommunikation ohne Smartphone<\/a><time datetime=\"2025-03-30T09:30:00+02:00\" class=\"wp-block-latest-posts__post-date\">30. M\u00e4rz 2025<\/time><\/li>\n<li><div class=\"wp-block-latest-posts__featured-image alignleft\"><a href=\"https:\/\/dl-nordwest.com\/index.php\/2025\/02\/16\/meshtastic-firmware-direkt-ueber-die-linux-konsole-flashen-so-gehts\/\" aria-label=\"Meshtastic-Firmware direkt \u00fcber die Linux-Konsole flashen &#8211; So geht&#8217;s!\"><img loading=\"lazy\" decoding=\"async\" width=\"300\" height=\"184\" src=\"https:\/\/dl-nordwest.com\/wp-content\/uploads\/2025\/02\/mt-firmware-rmt_title-300x184.jpg\" class=\"attachment-medium size-medium wp-post-image\" alt=\"\" style=\"\" srcset=\"https:\/\/dl-nordwest.com\/wp-content\/uploads\/2025\/02\/mt-firmware-rmt_title-300x184.jpg 300w, https:\/\/dl-nordwest.com\/wp-content\/uploads\/2025\/02\/mt-firmware-rmt_title-768x472.jpg 768w, https:\/\/dl-nordwest.com\/wp-content\/uploads\/2025\/02\/mt-firmware-rmt_title-825x510.jpg 825w, https:\/\/dl-nordwest.com\/wp-content\/uploads\/2025\/02\/mt-firmware-rmt_title.jpg 968w\" sizes=\"auto, (max-width: 300px) 100vw, 300px\" \/><\/a><\/div><a class=\"wp-block-latest-posts__post-title\" href=\"https:\/\/dl-nordwest.com\/index.php\/2025\/02\/16\/meshtastic-firmware-direkt-ueber-die-linux-konsole-flashen-so-gehts\/\">Meshtastic-Firmware direkt \u00fcber die Linux-Konsole flashen &#8211; So geht&#8217;s!<\/a><time datetime=\"2025-02-16T09:30:00+01:00\" class=\"wp-block-latest-posts__post-date\">16. Februar 2025<\/time><\/li>\n<li><div class=\"wp-block-latest-posts__featured-image alignleft\"><a href=\"https:\/\/dl-nordwest.com\/index.php\/2025\/02\/02\/meshsense-so-behaltet-ihr-euer-meshtastic-netzwerk-im-blick\/\" aria-label=\"MeshSense &#8211; So behaltet Ihr euer Meshtastic-Netzwerk im Blick\"><img loading=\"lazy\" decoding=\"async\" width=\"300\" height=\"184\" src=\"https:\/\/dl-nordwest.com\/wp-content\/uploads\/2025\/01\/meshsense_title-300x184.jpg\" class=\"attachment-medium size-medium wp-post-image\" alt=\"\" style=\"\" srcset=\"https:\/\/dl-nordwest.com\/wp-content\/uploads\/2025\/01\/meshsense_title-300x184.jpg 300w, https:\/\/dl-nordwest.com\/wp-content\/uploads\/2025\/01\/meshsense_title-768x472.jpg 768w, https:\/\/dl-nordwest.com\/wp-content\/uploads\/2025\/01\/meshsense_title-825x510.jpg 825w, https:\/\/dl-nordwest.com\/wp-content\/uploads\/2025\/01\/meshsense_title.jpg 968w\" sizes=\"auto, (max-width: 300px) 100vw, 300px\" \/><\/a><\/div><a class=\"wp-block-latest-posts__post-title\" href=\"https:\/\/dl-nordwest.com\/index.php\/2025\/02\/02\/meshsense-so-behaltet-ihr-euer-meshtastic-netzwerk-im-blick\/\">MeshSense &#8211; So behaltet Ihr euer Meshtastic-Netzwerk im Blick<\/a><time datetime=\"2025-02-02T09:30:00+01:00\" class=\"wp-block-latest-posts__post-date\">2. Februar 2025<\/time><\/li>\n<\/ul><\/div><\/div>\n","protected":false},"excerpt":{"rendered":"<p>\u00dcbersicht der wichtigsten Einstellung und Links zur Teilnahme Update 03.07.2025 Ausf\u00fchrlicher Artikel von DL-Nordwest Meshtastic-Vortrag von J\u00fcrgen, DL8MA Leitfaden von Harald DG6BCW Hardware Auflistung kompatibler Meshtastic Hardware: https:\/\/meshtastic.org\/docs\/hardware\/devices\/. 433 MHz Variante bestellen! Firmware \/ Web-Flasher Google Chrome oder Microsoft Edge Browser verwenden! Um Probleme im Mesh-Netzwerk zu vermeiden, bitte die aktuelle Stable (Beta) Firmware verwenden! &hellip; <a href=\"https:\/\/dl-nordwest.com\/index.php\/2024\/08\/11\/wir-bauen-uns-eine-meshtastic-node\/\" class=\"more-link\"><span class=\"screen-reader-text\">Wir bauen uns eine Meshtastic-Node<\/span> weiterlesen<\/a><\/p>\n","protected":false},"author":1,"featured_media":0,"parent":0,"menu_order":0,"comment_status":"closed","ping_status":"closed","template":"","meta":{"footnotes":""},"class_list":["post-5101","page","type-page","status-publish","hentry"],"_links":{"self":[{"href":"https:\/\/dl-nordwest.com\/index.php\/wp-json\/wp\/v2\/pages\/5101","targetHints":{"allow":["GET"]}}],"collection":[{"href":"https:\/\/dl-nordwest.com\/index.php\/wp-json\/wp\/v2\/pages"}],"about":[{"href":"https:\/\/dl-nordwest.com\/index.php\/wp-json\/wp\/v2\/types\/page"}],"author":[{"embeddable":true,"href":"https:\/\/dl-nordwest.com\/index.php\/wp-json\/wp\/v2\/users\/1"}],"replies":[{"embeddable":true,"href":"https:\/\/dl-nordwest.com\/index.php\/wp-json\/wp\/v2\/comments?post=5101"}],"version-history":[{"count":12,"href":"https:\/\/dl-nordwest.com\/index.php\/wp-json\/wp\/v2\/pages\/5101\/revisions"}],"predecessor-version":[{"id":7897,"href":"https:\/\/dl-nordwest.com\/index.php\/wp-json\/wp\/v2\/pages\/5101\/revisions\/7897"}],"wp:attachment":[{"href":"https:\/\/dl-nordwest.com\/index.php\/wp-json\/wp\/v2\/media?parent=5101"}],"curies":[{"name":"wp","href":"https:\/\/api.w.org\/{rel}","templated":true}]}}