{"id":503,"date":"2020-05-08T08:54:23","date_gmt":"2020-05-08T06:54:23","guid":{"rendered":"https:\/\/dl-nordwest.com\/?page_id=503"},"modified":"2023-04-18T09:52:33","modified_gmt":"2023-04-18T07:52:33","slug":"die-technik","status":"publish","type":"page","link":"https:\/\/dl-nordwest.com\/index.php\/dl-nordwest\/die-technik\/","title":{"rendered":"Die Technik"},"content":{"rendered":"\n<figure class=\"wp-block-image size-full\"><img loading=\"lazy\" decoding=\"async\" width=\"529\" height=\"208\" src=\"https:\/\/dl-nordwest.com\/wp-content\/uploads\/2023\/03\/DLNW-logo-neu.gif\" alt=\"\" class=\"wp-image-1522\"\/><\/figure>\n\n\n\n<h3 class=\"wp-block-heading\">Technische Umsetzung zu diesem Projekt<\/h3>\n\n\n\n<p><\/p>\n\n\n\n<p>Wir hatten in den Anf\u00e4ngen ja mit einigen Raspberry Pi\u00b4s gearbeitet.<\/p>\n\n\n\n<p>Mit zunehmenden Clients und auch steigendem Betrieb, kamen die jedoch genau wie unsere Internetverbindungen an ihre Leistungsgrenzen.<\/p>\n\n\n\n<p>Deswegen sind wir im ersten Halbjahr 2022 mit allem was m\u00f6glich war auf diverse Server umgezogen, die wir angemietet haben. Die Standorte aller Server sind in Deutschland. Nat\u00fcrlich mussten auch diverse Kleinigkeiten f\u00fcr die User ge\u00e4ndert werden, wie z.B. die Dashboard Adressen. Hierbei gab es allerdings keine Probleme, da wir das eine Zeitlang parallel laufen lassen konnten.<\/p>\n\n\n\n<p>Also der YSF Reflector, der XLX Reflector und auch der Webserver wurden inklusive NXDN und APCO25 ausgelagert. Der Peanut Transcoder sowie alle anderen AMBE Transcoding Chips, die wir auch nach und nach angeschafft haben, stehen noch privat, weil die gelegentlich mal private Betreuung brauchen und man sie ja nicht ins Rechenzentrum bringen kann. Seit unserer Umstellung l\u00e4uft das System deutlich stabiler.<\/p>\n\n\n\n<p>Die Technischen Daten der beiden Server sind jeweils<\/p>\n\n\n\n<p>CPU Cores 4<\/p>\n\n\n\n<p>RAM 8 GB RAM<\/p>\n\n\n\n<p>Speicherplatz 120 GB SSD<\/p>\n\n\n\n<p>Backup Speicher 12 GB<\/p>\n\n\n\n<p>Nat\u00fcrlich sind auch die Download Geschwindigkeit und Stabilit\u00e4t unserer Homepage endlich im professionellen Bereich gelandet. Wer uns bei den Kosten f\u00fcr diesen Aufwand helfen m\u00f6chte kann dies gerne \u00fcber den Spenden Button auf den verschiedenen Seiten tun. Schon jetzt vielen Dank daf\u00fcr!<\/p>\n","protected":false},"excerpt":{"rendered":"<p>Technische Umsetzung zu diesem Projekt Wir hatten in den Anf\u00e4ngen ja mit einigen Raspberry Pi\u00b4s gearbeitet. Mit zunehmenden Clients und auch steigendem Betrieb, kamen die jedoch genau wie unsere Internetverbindungen an ihre Leistungsgrenzen. Deswegen sind wir im ersten Halbjahr 2022 mit allem was m\u00f6glich war auf diverse Server umgezogen, die wir angemietet haben. Die Standorte &hellip; <a href=\"https:\/\/dl-nordwest.com\/index.php\/dl-nordwest\/die-technik\/\" class=\"more-link\"><span class=\"screen-reader-text\">Die Technik<\/span> weiterlesen<\/a><\/p>\n","protected":false},"author":1,"featured_media":0,"parent":492,"menu_order":3,"comment_status":"closed","ping_status":"closed","template":"","meta":{"footnotes":""},"class_list":["post-503","page","type-page","status-publish","hentry"],"_links":{"self":[{"href":"https:\/\/dl-nordwest.com\/index.php\/wp-json\/wp\/v2\/pages\/503","targetHints":{"allow":["GET"]}}],"collection":[{"href":"https:\/\/dl-nordwest.com\/index.php\/wp-json\/wp\/v2\/pages"}],"about":[{"href":"https:\/\/dl-nordwest.com\/index.php\/wp-json\/wp\/v2\/types\/page"}],"author":[{"embeddable":true,"href":"https:\/\/dl-nordwest.com\/index.php\/wp-json\/wp\/v2\/users\/1"}],"replies":[{"embeddable":true,"href":"https:\/\/dl-nordwest.com\/index.php\/wp-json\/wp\/v2\/comments?post=503"}],"version-history":[{"count":0,"href":"https:\/\/dl-nordwest.com\/index.php\/wp-json\/wp\/v2\/pages\/503\/revisions"}],"up":[{"embeddable":true,"href":"https:\/\/dl-nordwest.com\/index.php\/wp-json\/wp\/v2\/pages\/492"}],"wp:attachment":[{"href":"https:\/\/dl-nordwest.com\/index.php\/wp-json\/wp\/v2\/media?parent=503"}],"curies":[{"name":"wp","href":"https:\/\/api.w.org\/{rel}","templated":true}]}}