{"id":48,"date":"2020-03-24T07:22:55","date_gmt":"2020-03-24T06:22:55","guid":{"rendered":"http:\/\/192.168.1.155\/?p=48"},"modified":"2023-03-17T07:53:41","modified_gmt":"2023-03-17T06:53:41","slug":"betriebstechnik","status":"publish","type":"page","link":"https:\/\/dl-nordwest.com\/index.php\/dl-nordwest\/betriebstechnik\/","title":{"rendered":"Betriebstechnik"},"content":{"rendered":"\n<figure class=\"wp-block-image size-full\"><img loading=\"lazy\" decoding=\"async\" width=\"529\" height=\"208\" src=\"https:\/\/dl-nordwest.com\/wp-content\/uploads\/2023\/03\/DLNW-logo-neu.gif\" alt=\"\" class=\"wp-image-1522\"\/><\/figure>\n\n\n\n<h2 class=\"wp-block-heading\">Einige Worte zur Betriebstechnik im digitalen Sprechfunk<\/h2>\n\n\n\n<p class=\"has-drop-cap\">Sprechfunk im digitalen Bereich ist etwas anders zu handhaben als im analogen Bereich. Man muss sich deswegen von einigen alten Gewohnheiten trennen. Beispielsweise ist es sehr wichtig Sprechpausen von etwa 3 &#8211; 5 Sekunden Pause zu lassen. Da hier nicht nur mehrere Relais sondern sogar einige Netze miteinander verkn\u00fcpft sind kommt es zu unterschiedlichen \u00dcbertragungszeiten (die sogenannten Latenzzeiten). Mit k\u00fcrzeren Pausen hat niemand eine Chance sich in das laufende QSO hinein zu melden. \u00dcbrigens hat diese Art Betrieb zu machen auch im analogen Bereich noch nie geschadet.<\/p>\n\n\n\n<p>Ganz wichtig ist es ebenfalls, nach dem Dr\u00fccken der PTT kurz zu warten bis man das Sprechen anf\u00e4ngt. Das gleiche gilt am Ende eures Durchgangs &#8211; Aufh\u00f6ren zu sprechen, etwas warten und dann erst die Taste loslassen. Das Funkger\u00e4t und der Repeater m\u00fcssen sich synchronisieren, denn digital wird vorab und am Ende ein Header ausgesendet. Ansonsten kann es vor kommen, dass der Anfang und\/oder das Ende des Durchgangs &#8222;verschluckt&#8220; wird<\/p>\n\n\n\n<p>In der Digital Technik werden sehr viele Ger\u00e4usche wie Motoren Ger\u00e4usche beim Autofahren usw. gefiltert. Leider nicht Atem und Pust Ger\u00e4usche, die als sehr laut und st\u00f6rend \u00fcbertragen werden. Deswegen die bitte das Mikrofon von der Seite zu besprechen und gen\u00fcgend Abstand zu halten.<\/p>\n\n\n\n<p>Reinpfeifen und Reinpusten zu Testzwecken l\u00e4sst die Lautsprecher der h\u00f6renden Stationen in die Luft springen \u2013 leider nicht vor Freude!!<\/p>\n\n\n\n<p>Auch im digitalen Bereich sollte man daran denken, sein Rufzeichen zu nennen. Auch wenn das eigene Ger\u00e4t das Rufzeichen aussendet, wird es nicht immer an alle verkn\u00fcpften Netze \u00fcbertragen. Und bitte macht bei mehr als zwei anwesenden Stationen eindeutige Mikrofon\u00fcbergaben, damit jeder auch wei\u00df wann er angesprochen ist. <\/p>\n","protected":false},"excerpt":{"rendered":"<p>Einige Worte zur Betriebstechnik im digitalen Sprechfunk<\/p>\n","protected":false},"author":2,"featured_media":0,"parent":492,"menu_order":1,"comment_status":"closed","ping_status":"closed","template":"","meta":{"footnotes":""},"class_list":["post-48","page","type-page","status-publish","hentry"],"_links":{"self":[{"href":"https:\/\/dl-nordwest.com\/index.php\/wp-json\/wp\/v2\/pages\/48","targetHints":{"allow":["GET"]}}],"collection":[{"href":"https:\/\/dl-nordwest.com\/index.php\/wp-json\/wp\/v2\/pages"}],"about":[{"href":"https:\/\/dl-nordwest.com\/index.php\/wp-json\/wp\/v2\/types\/page"}],"author":[{"embeddable":true,"href":"https:\/\/dl-nordwest.com\/index.php\/wp-json\/wp\/v2\/users\/2"}],"replies":[{"embeddable":true,"href":"https:\/\/dl-nordwest.com\/index.php\/wp-json\/wp\/v2\/comments?post=48"}],"version-history":[{"count":0,"href":"https:\/\/dl-nordwest.com\/index.php\/wp-json\/wp\/v2\/pages\/48\/revisions"}],"up":[{"embeddable":true,"href":"https:\/\/dl-nordwest.com\/index.php\/wp-json\/wp\/v2\/pages\/492"}],"wp:attachment":[{"href":"https:\/\/dl-nordwest.com\/index.php\/wp-json\/wp\/v2\/media?parent=48"}],"curies":[{"name":"wp","href":"https:\/\/api.w.org\/{rel}","templated":true}]}}