{"id":41,"date":"2020-03-24T13:59:19","date_gmt":"2020-03-24T12:59:19","guid":{"rendered":"http:\/\/192.168.1.155\/?p=41"},"modified":"2026-01-06T08:34:40","modified_gmt":"2026-01-06T07:34:40","slug":"gateway","status":"publish","type":"page","link":"https:\/\/dl-nordwest.com\/","title":{"rendered":"Das Projekt DL-Nordwest"},"content":{"rendered":"\n<div class=\"wp-block-group ticss-3ef1e5f2\"><div class=\"wp-block-group__inner-container is-layout-constrained wp-block-group-is-layout-constrained\">\n<hr class=\"wp-block-separator has-alpha-channel-opacity ticss-bb5d321f\"\/>\n\n\n\n<div class=\"wp-block-columns is-layout-flex wp-container-core-columns-is-layout-9d6595d7 wp-block-columns-is-layout-flex\">\n<div class=\"wp-block-column is-layout-flow wp-block-column-is-layout-flow\" style=\"flex-basis:55px\">\n<p class=\"ticss-b18762c5\"><em>Neueste Beitr\u00e4ge<\/em>:<\/p>\n<\/div>\n\n\n\n<div class=\"wp-block-column is-layout-flow wp-block-column-is-layout-flow\"><ul class=\"wp-block-latest-posts__list ticss-3ab4bc44 wp-block-latest-posts\"><li><a class=\"wp-block-latest-posts__post-title\" href=\"https:\/\/dl-nordwest.com\/index.php\/2026\/04\/19\/neu-auf-dl-nordwest-live-audio-im-browser\/\">Neu auf DL-Nordwest: Live-Audio im Browser<\/a><\/li>\n<li><a class=\"wp-block-latest-posts__post-title\" href=\"https:\/\/dl-nordwest.com\/index.php\/2026\/04\/12\/urf421-neue-echo-funktion-im-modul-z\/\">URF421: Neue Echo-Funktion im Modul Z<\/a><\/li>\n<li><a class=\"wp-block-latest-posts__post-title\" href=\"https:\/\/dl-nordwest.com\/index.php\/2026\/04\/05\/wir-leben-noch-frohe-ostern\/\">Wir leben noch \u2013 Frohe Ostern<\/a><\/li>\n<li><a class=\"wp-block-latest-posts__post-title\" href=\"https:\/\/dl-nordwest.com\/index.php\/2026\/02\/28\/einsatz-des-usb-handmikrofons-qx-18b-mit-bluedv-peanut-echolink-und-jitsi-meet-unter-windows\/\">Einsatz des USB-Handmikrofons QX-18B mit BlueDV, Peanut, FreeDV, EchoLink und Jitsi Meet unter Windows<\/a><\/li>\n<li><a class=\"wp-block-latest-posts__post-title\" href=\"https:\/\/dl-nordwest.com\/index.php\/2026\/02\/24\/usb-handmikrofon-mit-jay-trx-link-app-unter-windows-nutzen\/\">USB-Handmikrofon mit JaY-TrX-Link App unter Windows nutzen<\/a><\/li>\n<\/ul><\/div>\n<\/div>\n\n\n\n<hr class=\"wp-block-separator has-alpha-channel-opacity ticss-e47de5cd\"\/>\n<\/div><\/div>\n\n\n\n<p>Wir haben lange \u00fcberlegt, wie wir den Anforderungen der heutigen digitalen Technik im Bereich des Amateurfunks gerecht werden k\u00f6nnen und einige digitale Betriebsarten miteinander zu verkn\u00fcpfen. Deswegen  haben wir uns im Sp\u00e4tsommer  2016 dazu entschieden dieses Projekt zu starten.<\/p>\n\n\n\n<p>Es geht unter anderem darum eine M\u00f6glichkeit zu schaffen, Funkamateure zusammen zu bringen, die aufgrund unterschiedlicher Systeme oder Netze sonst keinen Kontakt miteinander haben k\u00f6nnten. Selbstverst\u00e4ndlich sind auch User und Relais willkommen, die nicht aus dem Nordwesten kommen. <\/p>\n\n\n\n<p>Alle Informationen zu diesem Projekt findet ihr in der Rubrik <a href=\"\/index.php\/dl-nordwest\/\">DL-Nordwest<\/a>. Wenn ihr Fragen, Tipps und Anregungen habt, sendet diese bitte an <a href=\"mailto:sysop@dl-nordwest.com\">sysop@dl-nordwest.com<\/a><\/p>\n\n\n\n<p><\/p>\n\n\n\n<p>Wir w\u00fcnschen euch viel Spass<\/p>\n\n\n\n<p>73 de Stephan &amp; Bernd<\/p>\n","protected":false},"excerpt":{"rendered":"<p>Wir haben lange \u00fcberlegt, wie wir den Anforderungen der heutigen digitalen Technik im Bereich des Amateurfunks gerecht werden k\u00f6nnen und einige digitale Betriebsarten miteinander zu verkn\u00fcpfen. Deswegen haben wir uns im Sp\u00e4tsommer 2016 dazu entschieden dieses Projekt zu starten. Es geht unter anderem darum eine M\u00f6glichkeit zu schaffen, Funkamateure zusammen zu bringen, die aufgrund unterschiedlicher &hellip; <a href=\"https:\/\/dl-nordwest.com\/\" class=\"more-link\"><span class=\"screen-reader-text\">Das Projekt DL-Nordwest<\/span> weiterlesen<\/a><\/p>\n","protected":false},"author":2,"featured_media":449,"parent":0,"menu_order":0,"comment_status":"closed","ping_status":"closed","template":"","meta":{"rop_custom_images_group":[],"rop_custom_messages_group":[],"rop_publish_now":"initial","rop_publish_now_accounts":[],"rop_publish_now_history":[],"rop_publish_now_status":"pending","footnotes":""},"class_list":["post-41","page","type-page","status-publish","has-post-thumbnail","hentry"],"_links":{"self":[{"href":"https:\/\/dl-nordwest.com\/index.php\/wp-json\/wp\/v2\/pages\/41","targetHints":{"allow":["GET"]}}],"collection":[{"href":"https:\/\/dl-nordwest.com\/index.php\/wp-json\/wp\/v2\/pages"}],"about":[{"href":"https:\/\/dl-nordwest.com\/index.php\/wp-json\/wp\/v2\/types\/page"}],"author":[{"embeddable":true,"href":"https:\/\/dl-nordwest.com\/index.php\/wp-json\/wp\/v2\/users\/2"}],"replies":[{"embeddable":true,"href":"https:\/\/dl-nordwest.com\/index.php\/wp-json\/wp\/v2\/comments?post=41"}],"version-history":[{"count":2,"href":"https:\/\/dl-nordwest.com\/index.php\/wp-json\/wp\/v2\/pages\/41\/revisions"}],"predecessor-version":[{"id":8043,"href":"https:\/\/dl-nordwest.com\/index.php\/wp-json\/wp\/v2\/pages\/41\/revisions\/8043"}],"wp:featuredmedia":[{"embeddable":true,"href":"https:\/\/dl-nordwest.com\/index.php\/wp-json\/wp\/v2\/media\/449"}],"wp:attachment":[{"href":"https:\/\/dl-nordwest.com\/index.php\/wp-json\/wp\/v2\/media?parent=41"}],"curies":[{"name":"wp","href":"https:\/\/api.w.org\/{rel}","templated":true}]}}