{"id":3937,"date":"2024-03-06T00:42:40","date_gmt":"2024-03-05T23:42:40","guid":{"rendered":"https:\/\/dl-nordwest.com\/?page_id=3937"},"modified":"2024-03-06T01:08:12","modified_gmt":"2024-03-06T00:08:12","slug":"downloads-connect-systems","status":"publish","type":"page","link":"https:\/\/dl-nordwest.com\/index.php\/anleitungen\/downloads-connect-systems\/","title":{"rendered":"Downloads &#8211; Connect Systems"},"content":{"rendered":"\n<p><strong>Handb\u00fccher zu digitalen Funkger\u00e4ten der Firma Connect Systems Inc.<\/strong><\/p>\n\n\n<div class=\"child_pages child_pages-large\">\n<div id=\"child_page-3943\" class=\"child_page\" style=\"width:50%; max-width:100%;\"><div class=\"child_page-container\"><div class=\"post_thumb\"><a href=\"https:\/\/dl-nordwest.com\/index.php\/anleitungen\/downloads-connect-systems\/connect-systems-cs800d-plus\/\"><img decoding=\"async\" src=\"https:\/\/dl-nordwest.com\/wp-content\/uploads\/2024\/03\/downloads_cs-cs800dp-1-1024x1024.jpg\" class=\"attachment-large size-large wp-post-image\" alt=\"\" srcset=\"https:\/\/dl-nordwest.com\/wp-content\/uploads\/2024\/03\/downloads_cs-cs800dp-1-1024x1024.jpg 1024w, https:\/\/dl-nordwest.com\/wp-content\/uploads\/2024\/03\/downloads_cs-cs800dp-1-300x300.jpg 300w, https:\/\/dl-nordwest.com\/wp-content\/uploads\/2024\/03\/downloads_cs-cs800dp-1-150x150.jpg 150w, https:\/\/dl-nordwest.com\/wp-content\/uploads\/2024\/03\/downloads_cs-cs800dp-1-768x768.jpg 768w, https:\/\/dl-nordwest.com\/wp-content\/uploads\/2024\/03\/downloads_cs-cs800dp-1.jpg 1058w\" sizes=\"(max-width: 660px) 100vw, 660px\" \/><\/a><\/div><div class=\"post_content\"><h4><a href=\"https:\/\/dl-nordwest.com\/index.php\/anleitungen\/downloads-connect-systems\/connect-systems-cs800d-plus\/\">Connect Systems CS800D Plus<\/a><\/h4><div class=\"post_excerpt\">Informationen und Downloads zum Connect Systems CS800D Plus Stabile Firmware (DMR und analoges FM) Firmware mit erweitertem Funktionsumfang (DMR und analoges FM), siehe Tabelle Modul\u00fcbersicht Modul\u00fcbersicht Die GPS-Funktionen stehen aktuell nur in den USA zur Verf\u00fcgung! \u00dcbersicht \u00dcbertragungsmodi Bezeichnungen der Taster Pin-Belegung des Sub-D 15HD Zubeh\u00f6rverbinders F\u00fcr die in der CPS programmierbaren GPIO-Pins stehen aktuell &hellip; <a href=\"https:\/\/dl-nordwest.com\/index.php\/anleitungen\/downloads-connect-systems\/connect-systems-cs800d-plus\/\" class=\"more-link\"><span class=\"screen-reader-text\">Connect Systems CS800D Plus<\/span> weiterlesen<\/a><\/div><\/div><!-- .post_content  --><\/div><!-- .child_page-container --><\/div><!-- #child_page-3943\" -->\n<\/div>\n","protected":false},"excerpt":{"rendered":"<p>Handb\u00fccher zu digitalen Funkger\u00e4ten der Firma Connect Systems Inc.<\/p>\n","protected":false},"author":1,"featured_media":3941,"parent":56,"menu_order":5,"comment_status":"closed","ping_status":"closed","template":"","meta":{"rop_custom_images_group":[],"rop_custom_messages_group":[],"rop_publish_now":"initial","rop_publish_now_accounts":[],"rop_publish_now_history":[],"rop_publish_now_status":"pending","footnotes":""},"class_list":["post-3937","page","type-page","status-publish","has-post-thumbnail","hentry"],"_links":{"self":[{"href":"https:\/\/dl-nordwest.com\/index.php\/wp-json\/wp\/v2\/pages\/3937","targetHints":{"allow":["GET"]}}],"collection":[{"href":"https:\/\/dl-nordwest.com\/index.php\/wp-json\/wp\/v2\/pages"}],"about":[{"href":"https:\/\/dl-nordwest.com\/index.php\/wp-json\/wp\/v2\/types\/page"}],"author":[{"embeddable":true,"href":"https:\/\/dl-nordwest.com\/index.php\/wp-json\/wp\/v2\/users\/1"}],"replies":[{"embeddable":true,"href":"https:\/\/dl-nordwest.com\/index.php\/wp-json\/wp\/v2\/comments?post=3937"}],"version-history":[{"count":0,"href":"https:\/\/dl-nordwest.com\/index.php\/wp-json\/wp\/v2\/pages\/3937\/revisions"}],"up":[{"embeddable":true,"href":"https:\/\/dl-nordwest.com\/index.php\/wp-json\/wp\/v2\/pages\/56"}],"wp:featuredmedia":[{"embeddable":true,"href":"https:\/\/dl-nordwest.com\/index.php\/wp-json\/wp\/v2\/media\/3941"}],"wp:attachment":[{"href":"https:\/\/dl-nordwest.com\/index.php\/wp-json\/wp\/v2\/media?parent=3937"}],"curies":[{"name":"wp","href":"https:\/\/api.w.org\/{rel}","templated":true}]}}