{"id":3473,"date":"2024-01-18T08:02:16","date_gmt":"2024-01-18T07:02:16","guid":{"rendered":"https:\/\/dl-nordwest.com\/?page_id=3473"},"modified":"2026-01-26T05:35:35","modified_gmt":"2026-01-26T04:35:35","slug":"kenwood-th-d75e","status":"publish","type":"page","link":"https:\/\/dl-nordwest.com\/index.php\/anleitungen\/downloads-kenwood\/kenwood-th-d75e\/","title":{"rendered":"KENWOOD TH-D75E"},"content":{"rendered":"\n<p><strong>Downloads zum KENWOOD TH-D75E<\/strong><\/p>\n\n\n\n<div class=\"wp-block-group ticss-2d1621af has-light-pink-background-color has-background\"><div class=\"wp-block-group__inner-container is-layout-constrained wp-block-group-is-layout-constrained\">\n<p><strong>Repeaterlisten<\/strong> und <strong>Ger\u00e4teeinstellungen<\/strong> k\u00f6nnen auf der Webseite des OV-Wertheim A23 heruntergeladen werden:<\/p>\n\n\n\n<ul class=\"wp-block-list\">\n<li><a href=\"https:\/\/a23-wertheim.de\/downloads\/d-star\/repeater-listen\" target=\"_blank\" rel=\"noreferrer noopener\">D-STAR Repeater-\/Relaislisten<\/a><\/li>\n\n\n\n<li><a href=\"https:\/\/a23-wertheim.de\/downloads\/d-star\/settings-fuer-kenwood\" target=\"_blank\" rel=\"noreferrer noopener\">Ger\u00e4te Einstellungen KENWOOD<\/a><\/li>\n<\/ul>\n<\/div><\/div>\n\n\n\n<div style=\"height:40px\" aria-hidden=\"true\" class=\"wp-block-spacer\"><\/div>\n\n\n\n<div class=\"wp-block-group ticss-2d1621af has-white-color has-medium-pink-background-color has-text-color has-background has-link-color wp-elements-5fc1c84b0c240f48905d5abd6caefdc6\"><div class=\"wp-block-group__inner-container is-layout-constrained wp-block-group-is-layout-constrained\">\n<p><strong>Hinweis<\/strong>:<\/p>\n\n\n\n<p>Vor dem Firmware-Update ist unbedingt eine Sicherung von euren Einstellungen und Speicherkan\u00e4le zu erstellen, da das Firmware-Update das vollst\u00e4ndige Zur\u00fccksetzen des Funkger\u00e4tes (auf Werkseinstellungen) erfordert. Die Sicherung k\u00f6nnt ihr mit dem Memory Control Program (Programmiersoftware) vornehmen.<\/p>\n<\/div><\/div>\n\n\n\n<div style=\"height:40px\" aria-hidden=\"true\" class=\"wp-block-spacer\"><\/div>\n\n\n\n<ul class=\"wp-block-list\">\n<li>Firmware + Aktualisierungssoftware: <a href=\"https:\/\/www.kenwood.com\/i\/products\/info\/amateur\/thd75_update_e.html\" target=\"_blank\" rel=\"noreferrer noopener\">v1.03 (31.05.2024)<\/a><\/li>\n\n\n\n<li>Programmiersoftware: <a href=\"https:\/\/www.kenwood.com\/i\/products\/info\/amateur\/mcpd75_e.html\" target=\"_blank\" rel=\"noreferrer noopener\">v1.00 (16.01.2014)<\/a><\/li>\n\n\n\n<li>Fernbedienungssoftware: <a href=\"https:\/\/www.kenwood.com\/i\/products\/info\/amateur\/arfcd75_e.html\" target=\"_blank\" rel=\"noreferrer noopener\">v1.00 (16.01.2014)<\/a><\/li>\n\n\n\n<li>USB-Treiber: <a href=\"https:\/\/www.kenwood.com\/i\/products\/info\/amateur\/thd74_vcp_e.html\" target=\"_blank\" rel=\"noreferrer noopener\">v1.00 (16.01.2024)<\/a><\/li>\n<\/ul>\n\n\n<div class=\"sdm_download_item \"><div class=\"sdm_download_item_top\"><div class=\"sdm_download_thumbnail\"><\/div><div class=\"sdm_download_title\">KENWOOD TH-D75 \u2013 Bedienungsanleitung [DE]<\/div><\/div><div style=\"clear:both;\"><\/div><div class=\"sdm_download_description\"><p>Deutsche Bedienungsanleitung f\u00fcr das KENWOOD TH-D75E und TH-D75A<\/p>\n<\/div><div class=\"sdm_download_size\"><span class=\"sdm_download_size_label\">Gr\u00f6\u00dfe: <\/span><span class=\"sdm_download_size_value\">5.04 MB<\/span><\/div><div class=\"sdm_download_version\"><span class=\"sdm_download_version_label\">Version: <\/span><span class=\"sdm_download_version_value\">B5A-4505-00\/00_DE<\/span><\/div><div class=\"sdm_download_link\"><span class=\"sdm_download_button\"><a href=\"https:\/\/dl-nordwest.com\/?sdm_process_download=1&#038;download_id=5733\" class=\"sdm_download blue\" title=\"KENWOOD TH-D75 \u2013 Bedienungsanleitung [DE]\" target=\"_blank\">Jetzt herunterladen!<\/a><\/span><\/div><\/div><div class=\"sdm_clear_float\"><\/div>\n\n<div class=\"sdm_download_item \"><div class=\"sdm_download_item_top\"><div class=\"sdm_download_thumbnail\"><\/div><div class=\"sdm_download_title\">KENWOOD TH-D75 \u2013 Tipps zur Bedienung [DE]<\/div><\/div><div style=\"clear:both;\"><\/div><div class=\"sdm_download_description\"><\/div><div class=\"sdm_download_size\"><span class=\"sdm_download_size_label\">Gr\u00f6\u00dfe: <\/span><span class=\"sdm_download_size_value\">5.21 MB<\/span><\/div><div class=\"sdm_download_version\"><span class=\"sdm_download_version_label\">Version: <\/span><span class=\"sdm_download_version_value\">17.05.2024<\/span><\/div><div class=\"sdm_download_link\"><span class=\"sdm_download_button\"><a href=\"https:\/\/dl-nordwest.com\/?sdm_process_download=1&#038;download_id=4804\" class=\"sdm_download blue\" title=\"KENWOOD TH-D75 \u2013 Tipps zur Bedienung [DE]\" target=\"_blank\">Jetzt herunterladen!<\/a><\/span><\/div><\/div><div class=\"sdm_clear_float\"><\/div>\n\n<div class=\"sdm_download_item \"><div class=\"sdm_download_item_top\"><div class=\"sdm_download_thumbnail\"><\/div><div class=\"sdm_download_title\">KENWOOD TH-D75 \u2013 Service Manual [EN]<\/div><\/div><div style=\"clear:both;\"><\/div><div class=\"sdm_download_description\"><p>Englisches Wartungshandbuch f\u00fcr das KENWOOD TH-D75E und TH-D75A<\/p>\n<\/div><div class=\"sdm_download_size\"><span class=\"sdm_download_size_label\">Gr\u00f6\u00dfe: <\/span><span class=\"sdm_download_size_value\">8.62 MB<\/span><\/div><div class=\"sdm_download_version\"><span class=\"sdm_download_version_label\">Version: <\/span><span class=\"sdm_download_version_value\">No.RA096<\/span><\/div><div class=\"sdm_download_link\"><span class=\"sdm_download_button\"><a href=\"https:\/\/dl-nordwest.com\/?sdm_process_download=1&#038;download_id=5730\" class=\"sdm_download blue\" title=\"KENWOOD TH-D75 \u2013 Service Manual [EN]\" target=\"_blank\">Jetzt herunterladen!<\/a><\/span><\/div><\/div><div class=\"sdm_clear_float\"><\/div>\n\n\n<div style=\"height:40px\" aria-hidden=\"true\" class=\"wp-block-spacer\"><\/div>\n\n\n\n<p><em>Weitere Informationen zum KENWOOD TH-D75 findet ihr auf der <a href=\"https:\/\/www.kenwood.de\/comm\/amateur\/vhf_uhf\/TH-D75E\/\" target=\"_blank\" rel=\"noreferrer noopener\">deutschen KENWOOD Seite<\/a> sowie alle Downloads <a href=\"https:\/\/www.kenwood.com\/i\/products\/info\/amateur\/software_download.html\" target=\"_blank\" rel=\"noreferrer noopener\"><strong>hier<\/strong><\/a>.<\/em><\/p>\n\n\n\n<div class=\"wp-block-group\"><div class=\"wp-block-group__inner-container is-layout-constrained wp-block-group-is-layout-constrained\">\n<div class=\"wp-block-group\"><div class=\"wp-block-group__inner-container is-layout-constrained wp-block-group-is-layout-constrained\">\n<hr class=\"wp-block-separator has-alpha-channel-opacity\"\/>\n\n\n\n<h4 class=\"wp-block-heading\">Beitr\u00e4ge zum KENWOOD TH-D75E<\/h4>\n<\/div><\/div>\n\n\n<ul class=\"wp-block-latest-posts__list has-dates wp-block-latest-posts\"><li><div class=\"wp-block-latest-posts__featured-image alignleft\"><a href=\"https:\/\/dl-nordwest.com\/index.php\/2024\/06\/16\/ft8-und-ft4-unter-linux-mit-dem-kenwood-th-d74-75\/\" aria-label=\"FT8 und FT4 unter Linux mit dem KENWOOD TH-D74\/75\"><img loading=\"lazy\" decoding=\"async\" width=\"300\" height=\"184\" src=\"https:\/\/dl-nordwest.com\/wp-content\/uploads\/2024\/06\/kenwood_th-d75-ft8_title-300x184.jpg\" class=\"attachment-medium size-medium wp-post-image\" alt=\"\" style=\"\" srcset=\"https:\/\/dl-nordwest.com\/wp-content\/uploads\/2024\/06\/kenwood_th-d75-ft8_title-300x184.jpg 300w, https:\/\/dl-nordwest.com\/wp-content\/uploads\/2024\/06\/kenwood_th-d75-ft8_title-768x472.jpg 768w, https:\/\/dl-nordwest.com\/wp-content\/uploads\/2024\/06\/kenwood_th-d75-ft8_title-825x510.jpg 825w, https:\/\/dl-nordwest.com\/wp-content\/uploads\/2024\/06\/kenwood_th-d75-ft8_title.jpg 968w\" sizes=\"auto, (max-width: 300px) 100vw, 300px\" \/><\/a><\/div><a class=\"wp-block-latest-posts__post-title\" href=\"https:\/\/dl-nordwest.com\/index.php\/2024\/06\/16\/ft8-und-ft4-unter-linux-mit-dem-kenwood-th-d74-75\/\">FT8 und FT4 unter Linux mit dem KENWOOD TH-D74\/75<\/a><time datetime=\"2024-06-16T09:30:00+02:00\" class=\"wp-block-latest-posts__post-date\">16. Juni 2024<\/time><\/li>\n<li><div class=\"wp-block-latest-posts__featured-image alignleft\"><a href=\"https:\/\/dl-nordwest.com\/index.php\/2024\/06\/01\/kenwood-th-d75-neue-firmware-erhaeltlich\/\" aria-label=\"KENWOOD TH-D75 &#8211; Neue Firmware erh\u00e4ltlich\"><img loading=\"lazy\" decoding=\"async\" width=\"300\" height=\"184\" src=\"https:\/\/dl-nordwest.com\/wp-content\/uploads\/2024\/05\/kenwood_th-d75_fv103_title-1-300x184.jpg\" class=\"attachment-medium size-medium wp-post-image\" alt=\"\" style=\"\" srcset=\"https:\/\/dl-nordwest.com\/wp-content\/uploads\/2024\/05\/kenwood_th-d75_fv103_title-1-300x184.jpg 300w, https:\/\/dl-nordwest.com\/wp-content\/uploads\/2024\/05\/kenwood_th-d75_fv103_title-1-768x472.jpg 768w, https:\/\/dl-nordwest.com\/wp-content\/uploads\/2024\/05\/kenwood_th-d75_fv103_title-1-825x510.jpg 825w, https:\/\/dl-nordwest.com\/wp-content\/uploads\/2024\/05\/kenwood_th-d75_fv103_title-1.jpg 968w\" sizes=\"auto, (max-width: 300px) 100vw, 300px\" \/><\/a><\/div><a class=\"wp-block-latest-posts__post-title\" href=\"https:\/\/dl-nordwest.com\/index.php\/2024\/06\/01\/kenwood-th-d75-neue-firmware-erhaeltlich\/\">KENWOOD TH-D75 &#8211; Neue Firmware erh\u00e4ltlich<\/a><time datetime=\"2024-06-01T09:30:00+02:00\" class=\"wp-block-latest-posts__post-date\">1. Juni 2024<\/time><\/li>\n<li><div class=\"wp-block-latest-posts__featured-image alignleft\"><a href=\"https:\/\/dl-nordwest.com\/index.php\/2024\/05\/19\/kenwood-th-d75-neues-handbuch-tipps-zur-bedienung\/\" aria-label=\"KENWOOD TH-D75 \u2013 Neues Handbuch: Tipps zur Bedienung\"><img loading=\"lazy\" decoding=\"async\" width=\"300\" height=\"184\" src=\"https:\/\/dl-nordwest.com\/wp-content\/uploads\/2024\/05\/th-d75_tipps_title-300x184.jpg\" class=\"attachment-medium size-medium wp-post-image\" alt=\"\" style=\"\" srcset=\"https:\/\/dl-nordwest.com\/wp-content\/uploads\/2024\/05\/th-d75_tipps_title-300x184.jpg 300w, https:\/\/dl-nordwest.com\/wp-content\/uploads\/2024\/05\/th-d75_tipps_title-768x472.jpg 768w, https:\/\/dl-nordwest.com\/wp-content\/uploads\/2024\/05\/th-d75_tipps_title-825x510.jpg 825w, https:\/\/dl-nordwest.com\/wp-content\/uploads\/2024\/05\/th-d75_tipps_title.jpg 968w\" sizes=\"auto, (max-width: 300px) 100vw, 300px\" \/><\/a><\/div><a class=\"wp-block-latest-posts__post-title\" href=\"https:\/\/dl-nordwest.com\/index.php\/2024\/05\/19\/kenwood-th-d75-neues-handbuch-tipps-zur-bedienung\/\">KENWOOD TH-D75 \u2013 Neues Handbuch: Tipps zur Bedienung<\/a><time datetime=\"2024-05-19T09:30:00+02:00\" class=\"wp-block-latest-posts__post-date\">19. Mai 2024<\/time><\/li>\n<li><div class=\"wp-block-latest-posts__featured-image alignleft\"><a href=\"https:\/\/dl-nordwest.com\/index.php\/2024\/03\/17\/b-b-link-kenwood-th-d74-75-mit-der-aprs-fi-app-auf-dem-iphone-verbinden\/\" aria-label=\"B.B.Link: Kenwood TH-D74\/75 mit der aprs.fi App auf dem iPhone verbinden\"><img loading=\"lazy\" decoding=\"async\" width=\"300\" height=\"184\" src=\"https:\/\/dl-nordwest.com\/wp-content\/uploads\/2024\/03\/bblink_title-300x184.jpg\" class=\"attachment-medium size-medium wp-post-image\" alt=\"\" style=\"\" srcset=\"https:\/\/dl-nordwest.com\/wp-content\/uploads\/2024\/03\/bblink_title-300x184.jpg 300w, https:\/\/dl-nordwest.com\/wp-content\/uploads\/2024\/03\/bblink_title-768x472.jpg 768w, https:\/\/dl-nordwest.com\/wp-content\/uploads\/2024\/03\/bblink_title-825x510.jpg 825w, https:\/\/dl-nordwest.com\/wp-content\/uploads\/2024\/03\/bblink_title.jpg 968w\" sizes=\"auto, (max-width: 300px) 100vw, 300px\" \/><\/a><\/div><a class=\"wp-block-latest-posts__post-title\" href=\"https:\/\/dl-nordwest.com\/index.php\/2024\/03\/17\/b-b-link-kenwood-th-d74-75-mit-der-aprs-fi-app-auf-dem-iphone-verbinden\/\">B.B.Link: Kenwood TH-D74\/75 mit der aprs.fi App auf dem iPhone verbinden<\/a><time datetime=\"2024-03-17T09:30:00+01:00\" class=\"wp-block-latest-posts__post-date\">17. M\u00e4rz 2024<\/time><\/li>\n<li><div class=\"wp-block-latest-posts__featured-image alignleft\"><a href=\"https:\/\/dl-nordwest.com\/index.php\/2024\/01\/20\/kenwood-th-d75-user-manual-und-software-verfuegbar\/\" aria-label=\"KENWOOD TH-D75 &#8211; User Manual und Software verf\u00fcgbar\"><img loading=\"lazy\" decoding=\"async\" width=\"300\" height=\"184\" src=\"https:\/\/dl-nordwest.com\/wp-content\/uploads\/2024\/01\/kenwood_th-d75_um_title-300x184.jpg\" class=\"attachment-medium size-medium wp-post-image\" alt=\"\" style=\"\" srcset=\"https:\/\/dl-nordwest.com\/wp-content\/uploads\/2024\/01\/kenwood_th-d75_um_title-300x184.jpg 300w, https:\/\/dl-nordwest.com\/wp-content\/uploads\/2024\/01\/kenwood_th-d75_um_title-768x472.jpg 768w, https:\/\/dl-nordwest.com\/wp-content\/uploads\/2024\/01\/kenwood_th-d75_um_title-825x510.jpg 825w, https:\/\/dl-nordwest.com\/wp-content\/uploads\/2024\/01\/kenwood_th-d75_um_title.jpg 968w\" sizes=\"auto, (max-width: 300px) 100vw, 300px\" \/><\/a><\/div><a class=\"wp-block-latest-posts__post-title\" href=\"https:\/\/dl-nordwest.com\/index.php\/2024\/01\/20\/kenwood-th-d75-user-manual-und-software-verfuegbar\/\">KENWOOD TH-D75 &#8211; User Manual und Software verf\u00fcgbar<\/a><time datetime=\"2024-01-20T10:41:04+01:00\" class=\"wp-block-latest-posts__post-date\">20. Januar 2024<\/time><\/li>\n<li><div class=\"wp-block-latest-posts__featured-image alignleft\"><a href=\"https:\/\/dl-nordwest.com\/index.php\/2024\/01\/14\/bluedv-connect-fuer-das-kenwood-th-d75\/\" aria-label=\"BlueDV Connect f\u00fcr das KENWOOD TH-D75\"><img loading=\"lazy\" decoding=\"async\" width=\"300\" height=\"184\" src=\"https:\/\/dl-nordwest.com\/wp-content\/uploads\/2024\/01\/bluedv-con_title-300x184.jpg\" class=\"attachment-medium size-medium wp-post-image\" alt=\"\" style=\"\" srcset=\"https:\/\/dl-nordwest.com\/wp-content\/uploads\/2024\/01\/bluedv-con_title-300x184.jpg 300w, https:\/\/dl-nordwest.com\/wp-content\/uploads\/2024\/01\/bluedv-con_title-768x472.jpg 768w, https:\/\/dl-nordwest.com\/wp-content\/uploads\/2024\/01\/bluedv-con_title-825x510.jpg 825w, https:\/\/dl-nordwest.com\/wp-content\/uploads\/2024\/01\/bluedv-con_title.jpg 968w\" sizes=\"auto, (max-width: 300px) 100vw, 300px\" \/><\/a><\/div><a class=\"wp-block-latest-posts__post-title\" href=\"https:\/\/dl-nordwest.com\/index.php\/2024\/01\/14\/bluedv-connect-fuer-das-kenwood-th-d75\/\">BlueDV Connect f\u00fcr das KENWOOD TH-D75<\/a><time datetime=\"2024-01-14T09:30:00+01:00\" class=\"wp-block-latest-posts__post-date\">14. Januar 2024<\/time><\/li>\n<li><div class=\"wp-block-latest-posts__featured-image alignleft\"><a href=\"https:\/\/dl-nordwest.com\/index.php\/2023\/10\/16\/kenwood-th-d75-user-guide\/\" aria-label=\"KENWOOD TH-D75: User guide\"><img loading=\"lazy\" decoding=\"async\" width=\"300\" height=\"184\" src=\"https:\/\/dl-nordwest.com\/wp-content\/uploads\/2024\/01\/th-d75_userguide_title-300x184.jpg\" class=\"attachment-medium size-medium wp-post-image\" alt=\"\" style=\"\" srcset=\"https:\/\/dl-nordwest.com\/wp-content\/uploads\/2024\/01\/th-d75_userguide_title-300x184.jpg 300w, https:\/\/dl-nordwest.com\/wp-content\/uploads\/2024\/01\/th-d75_userguide_title-768x472.jpg 768w, https:\/\/dl-nordwest.com\/wp-content\/uploads\/2024\/01\/th-d75_userguide_title-825x510.jpg 825w, https:\/\/dl-nordwest.com\/wp-content\/uploads\/2024\/01\/th-d75_userguide_title.jpg 968w\" sizes=\"auto, (max-width: 300px) 100vw, 300px\" \/><\/a><\/div><a class=\"wp-block-latest-posts__post-title\" href=\"https:\/\/dl-nordwest.com\/index.php\/2023\/10\/16\/kenwood-th-d75-user-guide\/\">KENWOOD TH-D75: User guide<\/a><time datetime=\"2023-10-16T08:30:00+02:00\" class=\"wp-block-latest-posts__post-date\">16. Oktober 2023<\/time><\/li>\n<li><div class=\"wp-block-latest-posts__featured-image alignleft\"><a href=\"https:\/\/dl-nordwest.com\/index.php\/2023\/05\/19\/neues-handfunkgeraet-von-kenwood-angekuendigt-th-d75e\/\" aria-label=\"Neues Handfunkger\u00e4t von KENWOOD angek\u00fcndigt: TH-D75E\"><img loading=\"lazy\" decoding=\"async\" width=\"300\" height=\"184\" src=\"https:\/\/dl-nordwest.com\/wp-content\/uploads\/2024\/01\/kenwood_th-d75_title-1-300x184.jpg\" class=\"attachment-medium size-medium wp-post-image\" alt=\"\" style=\"\" srcset=\"https:\/\/dl-nordwest.com\/wp-content\/uploads\/2024\/01\/kenwood_th-d75_title-1-300x184.jpg 300w, https:\/\/dl-nordwest.com\/wp-content\/uploads\/2024\/01\/kenwood_th-d75_title-1-768x472.jpg 768w, https:\/\/dl-nordwest.com\/wp-content\/uploads\/2024\/01\/kenwood_th-d75_title-1-825x510.jpg 825w, https:\/\/dl-nordwest.com\/wp-content\/uploads\/2024\/01\/kenwood_th-d75_title-1.jpg 968w\" sizes=\"auto, (max-width: 300px) 100vw, 300px\" \/><\/a><\/div><a class=\"wp-block-latest-posts__post-title\" href=\"https:\/\/dl-nordwest.com\/index.php\/2023\/05\/19\/neues-handfunkgeraet-von-kenwood-angekuendigt-th-d75e\/\">Neues Handfunkger\u00e4t von KENWOOD angek\u00fcndigt: TH-D75E<\/a><time datetime=\"2023-05-19T07:03:52+02:00\" class=\"wp-block-latest-posts__post-date\">19. Mai 2023<\/time><\/li>\n<\/ul><\/div><\/div>\n","protected":false},"excerpt":{"rendered":"<p>Downloads zum KENWOOD TH-D75E Weitere Informationen zum KENWOOD TH-D75 findet ihr auf der deutschen KENWOOD Seite sowie alle Downloads hier. Beitr\u00e4ge zum KENWOOD TH-D75E<\/p>\n","protected":false},"author":1,"featured_media":3478,"parent":445,"menu_order":5,"comment_status":"closed","ping_status":"closed","template":"","meta":{"rop_custom_images_group":[],"rop_custom_messages_group":[],"rop_publish_now":"initial","rop_publish_now_accounts":[],"rop_publish_now_history":[],"rop_publish_now_status":"pending","footnotes":""},"class_list":["post-3473","page","type-page","status-publish","has-post-thumbnail","hentry"],"_links":{"self":[{"href":"https:\/\/dl-nordwest.com\/index.php\/wp-json\/wp\/v2\/pages\/3473","targetHints":{"allow":["GET"]}}],"collection":[{"href":"https:\/\/dl-nordwest.com\/index.php\/wp-json\/wp\/v2\/pages"}],"about":[{"href":"https:\/\/dl-nordwest.com\/index.php\/wp-json\/wp\/v2\/types\/page"}],"author":[{"embeddable":true,"href":"https:\/\/dl-nordwest.com\/index.php\/wp-json\/wp\/v2\/users\/1"}],"replies":[{"embeddable":true,"href":"https:\/\/dl-nordwest.com\/index.php\/wp-json\/wp\/v2\/comments?post=3473"}],"version-history":[{"count":1,"href":"https:\/\/dl-nordwest.com\/index.php\/wp-json\/wp\/v2\/pages\/3473\/revisions"}],"predecessor-version":[{"id":7402,"href":"https:\/\/dl-nordwest.com\/index.php\/wp-json\/wp\/v2\/pages\/3473\/revisions\/7402"}],"up":[{"embeddable":true,"href":"https:\/\/dl-nordwest.com\/index.php\/wp-json\/wp\/v2\/pages\/445"}],"wp:featuredmedia":[{"embeddable":true,"href":"https:\/\/dl-nordwest.com\/index.php\/wp-json\/wp\/v2\/media\/3478"}],"wp:attachment":[{"href":"https:\/\/dl-nordwest.com\/index.php\/wp-json\/wp\/v2\/media?parent=3473"}],"curies":[{"name":"wp","href":"https:\/\/api.w.org\/{rel}","templated":true}]}}