{"id":3207,"date":"2024-01-13T15:00:00","date_gmt":"2024-01-13T14:00:00","guid":{"rendered":"https:\/\/dl-nordwest.com\/?page_id=3207"},"modified":"2024-05-10T09:52:36","modified_gmt":"2024-05-10T07:52:36","slug":"raum-deutschland","status":"publish","type":"page","link":"https:\/\/dl-nordwest.com\/index.php\/raum-deutschland\/","title":{"rendered":"Raum Deutschland"},"content":{"rendered":"\n<p><strong>Informationen und Beitr\u00e4ge zum Raum Deutschland<\/strong><\/p>\n\n\n\n<p><\/p>\n\n\n\n<p><em><mark style=\"background-color:rgba(0, 0, 0, 0)\" class=\"has-inline-color has-medium-pink-color\">News 10.05.2024<\/mark><\/em><\/p>\n\n\n\n<p>Es ist mal wieder Zeit auf eine paar Neuerungen des YSF Deutschland Reflektors hinzuweisen.<\/p>\n\n\n\n<p>Die Anzahl der angeschlossenen R\u00e4ume hat es notwendig gemacht, eine neue Dashboard Ansicht einzuf\u00fchren. Mit \u201cLast Heard\u201d sieht man nun jedes Rufzeichen nur mit dem letzten Durchgang, \u00e4hnlich der Ansicht auf den Dashboards der XLX Server. Weiterhin erscheinen jetzt die Vornamen der User, sofern sie eine DMR_ID haben. Quelle dieser Namen ist\u00a0<a href=\"https:\/\/radioid.net\/\" target=\"_blank\" rel=\"noreferrer noopener\">https:\/\/radioid.net<\/a>, die zentrale Registrierung f\u00fcr die DMR_ID\u2019s.<br>In der \u201cAll Heard\u201d Liste ist eine Sortierungsfunktion und Volltext Suche hinzugekommen.<\/p>\n\n\n\n<p>Details k\u00f6nnt Ihr unter&nbsp;dem Button <a href=\"https:\/\/ysf-deutschland.de\/news.php\" target=\"_blank\" rel=\"noreferrer noopener\">News auf dem Deutschland-Reflektor<\/a>&nbsp;entnehmen.<\/p>\n\n\n\n<p><\/p>\n\n\n\n<p>Im Dezember 2023 kamen Michael <a href=\"https:\/\/www.qrz.com\/db\/dc9vq\" target=\"_blank\" rel=\"noreferrer noopener\">DC9VQ<\/a> vom <a href=\"https:\/\/c4fm.dehessen.de\/\" target=\"_blank\" rel=\"noreferrer noopener\">Raum Hessen\/RLP #00169<\/a> und wir vom <a href=\"http:\/\/ysf.dl-nordwest.com\" target=\"_blank\" rel=\"noreferrer noopener\">Raum DL-Nordwest #54919<\/a> (Bernd <a href=\"https:\/\/www.qrz.com\/db\/dk5bs\" target=\"_blank\" rel=\"noreferrer noopener\">DK5BS<\/a>, Stephan <a href=\"https:\/\/www.qrz.com\/db\/9v1lh\" target=\"_blank\" rel=\"noreferrer noopener\">9V1LH<\/a> \/ <a href=\"https:\/\/www.qrz.com\/db\/\" target=\"_blank\" rel=\"noreferrer noopener\">DG1BGS<\/a>) auf den Gedanken, unseren seit fast 2 Jahren weniger frequentierten Raum Deutschland etwas sinnvoller zu nutzen und mit dem von Antonio (<a href=\"https:\/\/www.qrz.com\/db\/IU5JAE\" target=\"_blank\" rel=\"noreferrer noopener\">IU5JAE<\/a>) programmierten <a href=\"https:\/\/github.com\/iu5jae\/pYSFReflector3\" target=\"_blank\" rel=\"noreferrer noopener\">Multi Stream Reflector<\/a> einen Raum und vor allem ein <a href=\"https:\/\/ysf-deutschland.de\" target=\"_blank\" rel=\"noreferrer noopener\">Dashboard<\/a> zu schaffen, in dem mehrere deutsche YSF R\u00e4ume gleichzeitig zu sehen sind. Wenn ihr direkt in diesen Raum ein Relais oder einen Hotspot einloggt, k\u00f6nnt ihr sogar \u00fcber eine <strong>DG-ID<\/strong> direkt einen dieser R\u00e4ume ansprechen. Ferner gibt es die M\u00f6glichkeit \u00fcber einige XLX wie dem <a href=\"http:\/\/xlx.dl-nordwest.com\/\" target=\"_blank\" rel=\"noreferrer noopener\"><strong>XLX421<\/strong><\/a> auch in den Betriebsarten <strong>D-Star<\/strong> und <strong>DMR<\/strong> hier in dem Raum Deutschland (<strong>DG-ID 63<\/strong>) am Funkverkehr teil zu nehmen.<\/p>\n\n\n<div class=\"wp-caption alignnone\" style=\"width:670px;\"><div class=\"browser-shot \"><a href=\"https:\/\/ysf-deutschland.de\/\"  target=\"blank\"><img loading=\"lazy\" decoding=\"async\" src=\"https:\/\/s0.wp.com\/mshots\/v1\/https%3A%2F%2Fysf-deutschland.de%2F?w=660&#038;h=450\" alt=\"Screenshot von ysf-deutschland.de\" width=\"660\" height=\"450\" class=\"\" \/><\/a><\/div><p class=\"wp-caption-text\">Dashboard des Multi Stream Reflectors Deutschland<\/p><\/div>\n\n\n\n<p class=\"ticss-decc6712\"><u><em>Erkl\u00e4rung der Statusmeldungen:<\/em><\/u><\/p>\n\n\n\n<ul class=\"wp-block-list\">\n<li>TB = <u>T<\/u>ransmission <u>b<\/u>locked &#8211; Durchgang geblockt<\/li>\n\n\n\n<li>TC = <u>T<\/u>erminated <u>C<\/u>all &#8211; Durchgang beendet<\/li>\n\n\n\n<li>TD = <u>D<\/u>G-ID changed &#8211; Wechsel der DG-ID<\/li>\n\n\n\n<li>TO = <u>T<\/u>ime <u>O<\/u>ut &#8211; Sprechzeit \u00dcberschreitung<\/li>\n\n\n\n<li>TX = <u>T<\/u>ransmission &#8211; Auf Sendung<\/li>\n\n\n\n<li>WD = <u>W<\/u>atch<u>d<\/u>og &#8211; \u00dcberwacht die Aussendung<\/li>\n<\/ul>\n\n\n\n<p>Eine bebilderte Anleitung findet ihr <a href=\"https:\/\/ysf-deutschland.de\/anleitung.php\" target=\"_blank\" rel=\"noreferrer noopener\"><strong>hier<\/strong><\/a><\/p>\n\n\n\n<p>Stand 10. Januar sind immerhin <strong>7<\/strong> Zusammenschaltungen zu dem Raum Deutschland (<strong>#26200<\/strong>)  geschaltet und <strong>5<\/strong> XLX R\u00e4ume mit dem <strong>Modul C<\/strong> (Deutschland) verbunden.<\/p>\n\n\n\n<figure class=\"wp-block-image size-large\"><img loading=\"lazy\" decoding=\"async\" width=\"1024\" height=\"573\" src=\"https:\/\/dl-nordwest.com\/wp-content\/uploads\/2024\/01\/image-1-1024x573.png\" alt=\"\" class=\"wp-image-3247\" srcset=\"https:\/\/dl-nordwest.com\/wp-content\/uploads\/2024\/01\/image-1-1024x573.png 1024w, https:\/\/dl-nordwest.com\/wp-content\/uploads\/2024\/01\/image-1-300x168.png 300w, https:\/\/dl-nordwest.com\/wp-content\/uploads\/2024\/01\/image-1-768x430.png 768w, https:\/\/dl-nordwest.com\/wp-content\/uploads\/2024\/01\/image-1.png 1487w\" sizes=\"auto, (max-width: 1024px) 100vw, 1024px\" \/><figcaption class=\"wp-element-caption\">Angebundene YSF-R\u00e4ume und deren DG-IDs im Raum DE-Deutschland, Stand: 11.01.2024<\/figcaption><\/figure>\n\n\n\n<figure class=\"wp-block-image size-large\"><img loading=\"lazy\" decoding=\"async\" width=\"1024\" height=\"770\" src=\"https:\/\/dl-nordwest.com\/wp-content\/uploads\/2024\/01\/image-1024x770.png\" alt=\"\" class=\"wp-image-3245\" srcset=\"https:\/\/dl-nordwest.com\/wp-content\/uploads\/2024\/01\/image-1024x770.png 1024w, https:\/\/dl-nordwest.com\/wp-content\/uploads\/2024\/01\/image-300x226.png 300w, https:\/\/dl-nordwest.com\/wp-content\/uploads\/2024\/01\/image-768x578.png 768w, https:\/\/dl-nordwest.com\/wp-content\/uploads\/2024\/01\/image.png 1240w\" sizes=\"auto, (max-width: 1024px) 100vw, 1024px\" \/><figcaption class=\"wp-element-caption\">An den Raum DE-Deutschland angebundene XLX-Server, Stand: 11.01.2024<\/figcaption><\/figure>\n\n\n\n<p>Wir stehen nat\u00fcrlich noch ganz am Anfang. Wenn ihr Interesse daran habt, bei diesem Projekt dabei zu sein, um auch euren Raum etwas bekannter und pr\u00e4senter zu machen, dann schreibt uns einfach eine Email oder sprecht uns direkt an.<\/p>\n\n\n\n<p>F\u00fcr eventuell auftretende Fragen haben wir eine <a href=\"https:\/\/t.me\/YSF_Deutschland\" target=\"_blank\" rel=\"noreferrer noopener\">Telegram-Gruppe<\/a> f\u00fcr euch erstellt.<\/p>\n\n\n<div class=\"wp-block-image\">\n<figure class=\"aligncenter size-full\"><a href=\"https:\/\/t.me\/YSF_Deutschland\" target=\"_blank\" rel=\"noopener\"><img loading=\"lazy\" decoding=\"async\" width=\"300\" height=\"300\" src=\"https:\/\/dl-nordwest.com\/wp-content\/uploads\/2024\/01\/t.me_dl-ysf_qr.png\" alt=\"\" class=\"wp-image-3556\" srcset=\"https:\/\/dl-nordwest.com\/wp-content\/uploads\/2024\/01\/t.me_dl-ysf_qr.png 300w, https:\/\/dl-nordwest.com\/wp-content\/uploads\/2024\/01\/t.me_dl-ysf_qr-150x150.png 150w\" sizes=\"auto, (max-width: 300px) 100vw, 300px\" \/><\/a><figcaption class=\"wp-element-caption\">Telegram-Gruppe: Raum Deutschland YSF26200 Fragen und Antworten (<a href=\"https:\/\/t.me\/YSF_Deutschland\" target=\"_blank\" rel=\"noreferrer noopener\">https:\/\/t.me\/YSF_Deutschland<\/a>)<\/figcaption><\/figure>\n<\/div>\n\n\n<div style=\"height:40px\" aria-hidden=\"true\" class=\"wp-block-spacer\"><\/div>\n\n\n\n<hr class=\"wp-block-separator has-alpha-channel-opacity\"\/>\n\n\n\n<p>Anleitungen zum Einstieg via <strong>DMR<\/strong> findet ihr hier:<\/p>\n\n\n<ul class=\"wp-block-latest-posts__list has-dates wp-block-latest-posts\"><li><div class=\"wp-block-latest-posts__featured-image alignleft\"><a href=\"https:\/\/dl-nordwest.com\/index.php\/2024\/01\/13\/xlx-zugang-mit-pi-star-in-dmr\/\" aria-label=\"XLX-Zugang mit Pi-Star in DMR\"><img loading=\"lazy\" decoding=\"async\" width=\"300\" height=\"184\" src=\"https:\/\/dl-nordwest.com\/wp-content\/uploads\/2024\/01\/pistar-xlx-dmr_title-300x184.jpg\" class=\"attachment-medium size-medium wp-post-image\" alt=\"\" style=\"\" srcset=\"https:\/\/dl-nordwest.com\/wp-content\/uploads\/2024\/01\/pistar-xlx-dmr_title-300x184.jpg 300w, https:\/\/dl-nordwest.com\/wp-content\/uploads\/2024\/01\/pistar-xlx-dmr_title-768x472.jpg 768w, https:\/\/dl-nordwest.com\/wp-content\/uploads\/2024\/01\/pistar-xlx-dmr_title-825x510.jpg 825w, https:\/\/dl-nordwest.com\/wp-content\/uploads\/2024\/01\/pistar-xlx-dmr_title.jpg 968w\" sizes=\"auto, (max-width: 300px) 100vw, 300px\" \/><\/a><\/div><a class=\"wp-block-latest-posts__post-title\" href=\"https:\/\/dl-nordwest.com\/index.php\/2024\/01\/13\/xlx-zugang-mit-pi-star-in-dmr\/\">XLX-Zugang mit Pi-Star in DMR<\/a><time datetime=\"2024-01-13T09:30:00+01:00\" class=\"wp-block-latest-posts__post-date\">13. Januar 2024<\/time><\/li>\n<li><div class=\"wp-block-latest-posts__featured-image alignleft\"><a href=\"https:\/\/dl-nordwest.com\/index.php\/2020\/03\/22\/openspot\/\" aria-label=\"XLX-Zugang mit openSPOT in DMR\"><img loading=\"lazy\" decoding=\"async\" width=\"300\" height=\"184\" src=\"https:\/\/dl-nordwest.com\/wp-content\/uploads\/2024\/01\/os-xlx-dmr_title-300x184.jpg\" class=\"attachment-medium size-medium wp-post-image\" alt=\"\" style=\"\" srcset=\"https:\/\/dl-nordwest.com\/wp-content\/uploads\/2024\/01\/os-xlx-dmr_title-300x184.jpg 300w, https:\/\/dl-nordwest.com\/wp-content\/uploads\/2024\/01\/os-xlx-dmr_title-768x472.jpg 768w, https:\/\/dl-nordwest.com\/wp-content\/uploads\/2024\/01\/os-xlx-dmr_title-825x510.jpg 825w, https:\/\/dl-nordwest.com\/wp-content\/uploads\/2024\/01\/os-xlx-dmr_title.jpg 968w\" sizes=\"auto, (max-width: 300px) 100vw, 300px\" \/><\/a><\/div><a class=\"wp-block-latest-posts__post-title\" href=\"https:\/\/dl-nordwest.com\/index.php\/2020\/03\/22\/openspot\/\">XLX-Zugang mit openSPOT in DMR<\/a><time datetime=\"2020-03-22T06:50:05+01:00\" class=\"wp-block-latest-posts__post-date\">22. M\u00e4rz 2020<\/time><\/li>\n<\/ul>\n\n\n<div style=\"height:40px\" aria-hidden=\"true\" class=\"wp-block-spacer\"><\/div>\n\n\n\n<hr class=\"wp-block-separator has-alpha-channel-opacity\"\/>\n\n\n\n<p>Hier findet ihr weitere Beitr\u00e4ge zum Raum Deutschland:<\/p>\n\n\n<ul class=\"wp-block-latest-posts__list has-dates wp-block-latest-posts\"><li><div class=\"wp-block-latest-posts__featured-image alignleft\"><a href=\"https:\/\/dl-nordwest.com\/index.php\/2023\/12\/24\/multi-stream-reflector\/\" aria-label=\"Multi Stream Reflector  ???\"><img loading=\"lazy\" decoding=\"async\" width=\"300\" height=\"184\" src=\"https:\/\/dl-nordwest.com\/wp-content\/uploads\/2023\/12\/Beitragsbild-Multi-Reflektor-300x184.jpg\" class=\"attachment-medium size-medium wp-post-image\" alt=\"\" style=\"\" srcset=\"https:\/\/dl-nordwest.com\/wp-content\/uploads\/2023\/12\/Beitragsbild-Multi-Reflektor-300x184.jpg 300w, https:\/\/dl-nordwest.com\/wp-content\/uploads\/2023\/12\/Beitragsbild-Multi-Reflektor-768x472.jpg 768w, https:\/\/dl-nordwest.com\/wp-content\/uploads\/2023\/12\/Beitragsbild-Multi-Reflektor-825x510.jpg 825w, https:\/\/dl-nordwest.com\/wp-content\/uploads\/2023\/12\/Beitragsbild-Multi-Reflektor.jpg 968w\" sizes=\"auto, (max-width: 300px) 100vw, 300px\" \/><\/a><\/div><a class=\"wp-block-latest-posts__post-title\" href=\"https:\/\/dl-nordwest.com\/index.php\/2023\/12\/24\/multi-stream-reflector\/\">Multi Stream Reflector  ???<\/a><time datetime=\"2023-12-24T09:30:00+01:00\" class=\"wp-block-latest-posts__post-date\">24. Dezember 2023<\/time><\/li>\n<li><div class=\"wp-block-latest-posts__featured-image alignleft\"><a href=\"https:\/\/dl-nordwest.com\/index.php\/2023\/12\/17\/deutschland-xlx-modul-c\/\" aria-label=\"Deutschland XLX Modul C\"><img loading=\"lazy\" decoding=\"async\" width=\"300\" height=\"169\" src=\"https:\/\/dl-nordwest.com\/wp-content\/uploads\/2023\/12\/xlx421c_cover-300x169.jpg\" class=\"attachment-medium size-medium wp-post-image\" alt=\"\" style=\"\" srcset=\"https:\/\/dl-nordwest.com\/wp-content\/uploads\/2023\/12\/xlx421c_cover-300x169.jpg 300w, https:\/\/dl-nordwest.com\/wp-content\/uploads\/2023\/12\/xlx421c_cover-1024x576.jpg 1024w, https:\/\/dl-nordwest.com\/wp-content\/uploads\/2023\/12\/xlx421c_cover-768x432.jpg 768w, https:\/\/dl-nordwest.com\/wp-content\/uploads\/2023\/12\/xlx421c_cover.jpg 1058w\" sizes=\"auto, (max-width: 300px) 100vw, 300px\" \/><\/a><\/div><a class=\"wp-block-latest-posts__post-title\" href=\"https:\/\/dl-nordwest.com\/index.php\/2023\/12\/17\/deutschland-xlx-modul-c\/\">Deutschland XLX Modul C<\/a><time datetime=\"2023-12-17T09:30:00+01:00\" class=\"wp-block-latest-posts__post-date\">17. Dezember 2023<\/time><\/li>\n<\/ul>","protected":false},"excerpt":{"rendered":"<p>Informationen und Beitr\u00e4ge zum Raum Deutschland News 10.05.2024 Es ist mal wieder Zeit auf eine paar Neuerungen des YSF Deutschland Reflektors hinzuweisen. Die Anzahl der angeschlossenen R\u00e4ume hat es notwendig gemacht, eine neue Dashboard Ansicht einzuf\u00fchren. Mit \u201cLast Heard\u201d sieht man nun jedes Rufzeichen nur mit dem letzten Durchgang, \u00e4hnlich der Ansicht auf den Dashboards &hellip; <a href=\"https:\/\/dl-nordwest.com\/index.php\/raum-deutschland\/\" class=\"more-link\"><span class=\"screen-reader-text\">Raum Deutschland<\/span> weiterlesen<\/a><\/p>\n","protected":false},"author":1,"featured_media":0,"parent":0,"menu_order":0,"comment_status":"closed","ping_status":"closed","template":"","meta":{"rop_custom_images_group":[],"rop_custom_messages_group":[],"rop_publish_now":"initial","rop_publish_now_accounts":[],"rop_publish_now_history":[],"rop_publish_now_status":"pending","footnotes":""},"class_list":["post-3207","page","type-page","status-publish","hentry"],"_links":{"self":[{"href":"https:\/\/dl-nordwest.com\/index.php\/wp-json\/wp\/v2\/pages\/3207","targetHints":{"allow":["GET"]}}],"collection":[{"href":"https:\/\/dl-nordwest.com\/index.php\/wp-json\/wp\/v2\/pages"}],"about":[{"href":"https:\/\/dl-nordwest.com\/index.php\/wp-json\/wp\/v2\/types\/page"}],"author":[{"embeddable":true,"href":"https:\/\/dl-nordwest.com\/index.php\/wp-json\/wp\/v2\/users\/1"}],"replies":[{"embeddable":true,"href":"https:\/\/dl-nordwest.com\/index.php\/wp-json\/wp\/v2\/comments?post=3207"}],"version-history":[{"count":0,"href":"https:\/\/dl-nordwest.com\/index.php\/wp-json\/wp\/v2\/pages\/3207\/revisions"}],"wp:attachment":[{"href":"https:\/\/dl-nordwest.com\/index.php\/wp-json\/wp\/v2\/media?parent=3207"}],"curies":[{"name":"wp","href":"https:\/\/api.w.org\/{rel}","templated":true}]}}