{"id":306,"date":"2020-03-29T05:42:33","date_gmt":"2020-03-29T03:42:33","guid":{"rendered":"http:\/\/dl-nordwest.com\/?page_id=306"},"modified":"2020-03-29T06:40:03","modified_gmt":"2020-03-29T04:40:03","slug":"impressum","status":"publish","type":"page","link":"https:\/\/dl-nordwest.com\/index.php\/impressum\/","title":{"rendered":"Impressum"},"content":{"rendered":"\n<p><strong>Dieses ist eine private Webseite.<\/strong><\/p>\n\n\n<p><strong>Angaben gem\u00e4\u00df \u00a7 5 TMG:<\/strong><br><!--StartFragment--><\/p>\n\n\n<p>Stephan Grensemann<br>60 Elias Road<br>02-02 Oasis @ Elias<br>Singapore 519938<br>E-Mail: 9v1lh@gmx.com<\/p>\n\n\n\n<p>Bernd Suchomel<br>Fenderstr. 28<br>26817 Rhauderfehn<br>E-Mail: dk5bs@darc.de<\/p>\n\n\n\n<p><strong>Verantwortlich f\u00fcr den Inhalt nach \u00a7 55 Abs. 2 RStV:<\/strong>  Stephan Grensemann und Bernd Suchomel (Anschrift wie oben)<\/p>\n\n\n\n<h2 class=\"wp-block-heading\"> Haftung f\u00fcr Inhalte <\/h2>\n\n\n\n<p>Die Inhalte unserer Seiten wurden mit gr\u00f6\u00dfter Sorgfalt erstellt. F\u00fcr die  Richtigkeit, Vollst\u00e4ndigkeit und Aktualit\u00e4t der Inhalte k\u00f6nnen wir  jedoch keine Gew\u00e4hr \u00fcbernehmen. Als Diensteanbieter sind wir gem\u00e4\u00df \u00a7 7  Abs.1 TMG f\u00fcr eigene Inhalte auf diesen Seiten nach den allgemeinen  Gesetzen verantwortlich. Nach \u00a7\u00a7 8 bis 10 TMG sind wir als  Diensteanbieter jedoch nicht verpflichtet, \u00fcbermittelte oder  gespeicherte fremde Informationen zu \u00fcberwachen oder nach Umst\u00e4nden zu  forschen, die auf eine rechtswidrige T\u00e4tigkeit hinweisen.  Verpflichtungen zur Entfernung oder Sperrung der Nutzung von  Informationen nach den allgemeinen Gesetzen bleiben hiervon unber\u00fchrt.  Eine diesbez\u00fcgliche Haftung ist jedoch erst ab dem Zeitpunkt der  Kenntnis einer konkreten Rechtsverletzung m\u00f6glich. Bei Bekanntwerden von  entsprechenden Rechtsverletzungen werden wir diese Inhalte umgehend  entfernen.<\/p>\n\n\n\n<h2 class=\"wp-block-heading\"> Haftung f\u00fcr Links <\/h2>\n\n\n\n<p>Unser Angebot enth\u00e4lt Links zu externen Webseiten Dritter, auf deren  Inhalte wir keinen Einfluss haben. Deshalb k\u00f6nnen wir f\u00fcr diese fremden  Inhalte auch keine Gew\u00e4hr \u00fcbernehmen. F\u00fcr die Inhalte der verlinkten  Seiten ist stets der jeweilige Anbieter oder Betreiber der Seiten  verantwortlich. Die verlinkten Seiten wurden zum Zeitpunkt der  Verlinkung auf m\u00f6gliche Rechtsverst\u00f6\u00dfe \u00fcberpr\u00fcft. Rechtswidrige Inhalte  waren zum Zeitpunkt der Verlinkung nicht erkennbar. Eine permanente  inhaltliche Kontrolle der verlinkten Seiten ist jedoch ohne konkrete  Anhaltspunkte einer Rechtsverletzung nicht zumutbar. Bei Bekanntwerden  von Rechtsverletzungen werden wir derartige Links umgehend entfernen.<\/p>\n\n\n\n<h2 class=\"wp-block-heading\"> Urheberrecht <\/h2>\n\n\n\n<p>Die durch die Seitenbetreiber erstellten Inhalte und Werke auf diesen\n Seiten unterliegen dem deutschen Urheberrecht. Die Vervielf\u00e4ltigung, \nBearbeitung, Verbreitung und jede Art der Verwertung au\u00dferhalb der \nGrenzen des Urheberrechtes bed\u00fcrfen der schriftlichen Zustimmung des \njeweiligen Autors bzw. Erstellers. Downloads und Kopien dieser Seite \nsind nur f\u00fcr den privaten, nicht kommerziellen Gebrauch gestattet. \nSoweit die Inhalte auf dieser Seite nicht vom Betreiber erstellt wurden,\n werden die Urheberrechte Dritter beachtet. Insbesondere werden Inhalte \nDritter als solche gekennzeichnet. Sollten Sie trotzdem auf eine \nUrheberrechtsverletzung aufmerksam werden, bitten wir um einen \nentsprechenden Hinweis. Bei Bekanntwerden von Rechtsverletzungen werden \nwir derartige Inhalte umgehend entfernen.<\/p>\n\n\n\n<p>Die Nutzung unserer Webseite ist in der Regel ohne Angabe \npersonenbezogener Daten m\u00f6glich. Soweit auf unseren Seiten \npersonenbezogene Daten (beispielsweise Name, Anschrift oder \neMail-Adressen) erhoben werden, erfolgt dies, soweit m\u00f6glich, stets auf \nfreiwilliger Basis. Diese Daten werden ohne Ihre ausdr\u00fcckliche \nZustimmung nicht an Dritte weitergegeben.<\/p>\n\n\n\n<p>Wir weisen darauf hin, dass die Daten\u00fcbertragung im Internet (z.B. \nbei der Kommunikation per E-Mail) Sicherheitsl\u00fccken aufweisen kann. Ein \nl\u00fcckenloser Schutz der Daten vor dem Zugriff durch Dritte ist nicht \nm\u00f6glich.<\/p>\n\n\n\n<p>Der Nutzung von im Rahmen der Impressumspflicht ver\u00f6ffentlichten  Kontaktdaten durch Dritte zur \u00dcbersendung von nicht ausdr\u00fccklich  angeforderter Werbung und Informationsmaterialien wird hiermit  ausdr\u00fccklich widersprochen. Die Betreiber der Seiten behalten sich  ausdr\u00fccklich rechtliche Schritte im Falle der unverlangten Zusendung von  Werbeinformationen, etwa durch Spam-Mails, vor.<\/p>\n\n\n\n<p><\/p>\n\n\n\n<p>Quelle: <a href=\"http:\/\/www.datenschutz.org\">www.datenschutz.org<\/a><\/p>\n","protected":false},"excerpt":{"rendered":"<p>Dieses ist eine private Webseite. Angaben gem\u00e4\u00df \u00a7 5 TMG: Stephan Grensemann60 Elias Road02-02 Oasis @ EliasSingapore 519938E-Mail: 9v1lh@gmx.com Bernd SuchomelFenderstr. 2826817 RhauderfehnE-Mail: dk5bs@darc.de Verantwortlich f\u00fcr den Inhalt nach \u00a7 55 Abs. 2 RStV: Stephan Grensemann und Bernd Suchomel (Anschrift wie oben) Haftung f\u00fcr Inhalte Die Inhalte unserer Seiten wurden mit gr\u00f6\u00dfter Sorgfalt erstellt. F\u00fcr &hellip; <a href=\"https:\/\/dl-nordwest.com\/index.php\/impressum\/\" class=\"more-link\"><span class=\"screen-reader-text\">Impressum<\/span> weiterlesen<\/a><\/p>\n","protected":false},"author":1,"featured_media":0,"parent":0,"menu_order":0,"comment_status":"closed","ping_status":"closed","template":"","meta":{"footnotes":""},"class_list":["post-306","page","type-page","status-publish","hentry"],"_links":{"self":[{"href":"https:\/\/dl-nordwest.com\/index.php\/wp-json\/wp\/v2\/pages\/306","targetHints":{"allow":["GET"]}}],"collection":[{"href":"https:\/\/dl-nordwest.com\/index.php\/wp-json\/wp\/v2\/pages"}],"about":[{"href":"https:\/\/dl-nordwest.com\/index.php\/wp-json\/wp\/v2\/types\/page"}],"author":[{"embeddable":true,"href":"https:\/\/dl-nordwest.com\/index.php\/wp-json\/wp\/v2\/users\/1"}],"replies":[{"embeddable":true,"href":"https:\/\/dl-nordwest.com\/index.php\/wp-json\/wp\/v2\/comments?post=306"}],"version-history":[{"count":0,"href":"https:\/\/dl-nordwest.com\/index.php\/wp-json\/wp\/v2\/pages\/306\/revisions"}],"wp:attachment":[{"href":"https:\/\/dl-nordwest.com\/index.php\/wp-json\/wp\/v2\/media?parent=306"}],"curies":[{"name":"wp","href":"https:\/\/api.w.org\/{rel}","templated":true}]}}