{"id":1368,"date":"2023-02-01T13:33:15","date_gmt":"2023-02-01T12:33:15","guid":{"rendered":"https:\/\/dl-nordwest.com\/?page_id=1368"},"modified":"2026-01-26T10:40:39","modified_gmt":"2026-01-26T09:40:39","slug":"icom-id-52e","status":"publish","type":"page","link":"https:\/\/dl-nordwest.com\/index.php\/anleitungen\/downloads-icom\/icom-id-52e\/","title":{"rendered":"ICOM ID-52E (Plus)"},"content":{"rendered":"\n<p><strong>Downloads zum ICOM ID-52E, ID-52 60-Jahre Jubil\u00e4umsedition und ID-52Plus<\/strong><\/p>\n\n\n\n<div class=\"wp-block-group ticss-2d1621af has-light-pink-background-color has-background\"><div class=\"wp-block-group__inner-container is-layout-constrained wp-block-group-is-layout-constrained\">\n<p><strong>Repeaterlisten<\/strong> und <strong>Ger\u00e4teeinstellungen<\/strong> k\u00f6nnen auf der Webseite des OV-Wertheim A23 heruntergeladen werden:<\/p>\n\n\n\n<ul class=\"wp-block-list\">\n<li><a href=\"https:\/\/a23-wertheim.de\/downloads\/d-star\/repeater-listen\" target=\"_blank\" rel=\"noreferrer noopener\">D-STAR Repeater-\/Relaislisten<\/a><\/li>\n\n\n\n<li><a href=\"https:\/\/a23-wertheim.de\/downloads\/d-star\/settings-fuer-icom\" target=\"_blank\" rel=\"noreferrer noopener\">Ger\u00e4te Einstellungen ICOM<\/a><\/li>\n<\/ul>\n<\/div><\/div>\n\n\n\n<div style=\"height:40px\" aria-hidden=\"true\" class=\"wp-block-spacer\"><\/div>\n\n\n\n<hr class=\"wp-block-separator has-alpha-channel-opacity\"\/>\n\n\n\n<p class=\"ticss-de5a7a8b\"><strong>ID-52E Plus \/ 60-Jahre Jubil\u00e4umsedition<\/strong><\/p>\n\n\n\n<ul class=\"wp-block-list\">\n<li>Firmware: <a href=\"https:\/\/www.icomjapan.com\/support\/firmware_driver\/4523\/\" target=\"_blank\" rel=\"noreferrer noopener\">v1.13 (25.12.2025)<\/a><\/li>\n\n\n\n<li>Programmiersoftware: <a href=\"https:\/\/www.icomjapan.com\/support\/firmware_driver\/4372\/\" target=\"_blank\" rel=\"noreferrer noopener\">v1.11 (07.05.2025)<\/a><\/li>\n\n\n\n<li>USB-Treiber: <a href=\"https:\/\/www.icomjapan.com\/support\/firmware_driver\/4491\/\" target=\"_blank\" rel=\"noreferrer noopener\">v1.70 (13.11.2025)<\/a><\/li>\n<\/ul>\n\n\n\n<p><em>Weitere Downloads zum ICOM ID-52E Plus findet ihr auf der <a href=\"https:\/\/www.icomjapan.com\/lineup\/products\/ID-52EPLUS\/?open=4\" target=\"_blank\" rel=\"noreferrer noopener\">ICOM-Seite<\/a>.<\/em><\/p>\n\n\n\n<hr class=\"wp-block-separator has-alpha-channel-opacity\"\/>\n\n\n\n<p class=\"ticss-de5a7a8b\"><strong>ID-52E<\/strong><\/p>\n\n\n\n<ul class=\"wp-block-list\">\n<li>Firmware: <a href=\"https:\/\/www.icomjapan.com\/support\/firmware_driver\/4273\/\" target=\"_blank\" rel=\"noreferrer noopener\">v1.27 (23.12.2024)<\/a><\/li>\n\n\n\n<li>Programmiersoftware: <a href=\"https:\/\/www.icomjapan.com\/support\/firmware_driver\/4371\/\" target=\"_blank\" rel=\"noreferrer noopener\">v1.23 (07.05.2025)<\/a><\/li>\n\n\n\n<li>USB-Treiber: <a href=\"https:\/\/www.icomjapan.com\/support\/firmware_driver\/4143\/\" target=\"_blank\" rel=\"noreferrer noopener\">v1.50 (12.07.2024)<\/a><\/li>\n<\/ul>\n\n\n\n<p><em>Weitere Downloads zum ICOM ID-52E findet ihr auf der <a href=\"https:\/\/www.icomjapan.com\/lineup\/products\/ID-52E\/?open=4\" target=\"_blank\" rel=\"noreferrer noopener\">ICOM-Seite<\/a>.<\/em><\/p>\n\n\n<div class=\"sdm_download_item \"><div class=\"sdm_download_item_top\"><div class=\"sdm_download_thumbnail\"><\/div><div class=\"sdm_download_title\">ID-52 Bedienungsanleitung<\/div><\/div><div style=\"clear:both;\"><\/div><div class=\"sdm_download_description\"><\/div><div class=\"sdm_download_link\"><span class=\"sdm_download_button\"><a href=\"https:\/\/dl-nordwest.com\/?sdm_process_download=1&#038;download_id=1366\" class=\"sdm_download blue\" title=\"ID-52 Bedienungsanleitung\" target=\"_blank\">Jetzt herunterladen!<\/a><\/span><\/div><\/div><div class=\"sdm_clear_float\"><\/div>\n\n<div class=\"sdm_download_item \"><div class=\"sdm_download_item_top\"><div class=\"sdm_download_thumbnail\"><\/div><div class=\"sdm_download_title\">ID-52E Erweiterte Bedienungsanleitung<\/div><\/div><div style=\"clear:both;\"><\/div><div class=\"sdm_download_description\"><\/div><div class=\"sdm_download_link\"><span class=\"sdm_download_button\"><a href=\"https:\/\/dl-nordwest.com\/?sdm_process_download=1&#038;download_id=1367\" class=\"sdm_download blue\" title=\"ID-52E Erweiterte Bedienungsanleitung\" target=\"_self\">Jetzt herunterladen!<\/a><\/span><\/div><\/div><div class=\"sdm_clear_float\"><\/div>\n\n\n<div class=\"wp-block-group\"><div class=\"wp-block-group__inner-container is-layout-constrained wp-block-group-is-layout-constrained\">\n<div class=\"wp-block-group\"><div class=\"wp-block-group__inner-container is-layout-constrained wp-block-group-is-layout-constrained\">\n<hr class=\"wp-block-separator has-alpha-channel-opacity\"\/>\n\n\n\n<h4 class=\"wp-block-heading\">Beitr\u00e4ge zum ICOM ID-52E (Plus)<\/h4>\n<\/div><\/div>\n\n\n<ul class=\"wp-block-latest-posts__list has-dates wp-block-latest-posts\"><li><div class=\"wp-block-latest-posts__featured-image alignleft\"><a href=\"https:\/\/dl-nordwest.com\/index.php\/2024\/11\/25\/icom-id-52-firmware-update-v1-26\/\" aria-label=\"ICOM ID-52: Firmware Update v1.26\"><img loading=\"lazy\" decoding=\"async\" width=\"300\" height=\"184\" src=\"https:\/\/dl-nordwest.com\/wp-content\/uploads\/2024\/11\/icom-id52_fw126_title-300x184.jpg\" class=\"attachment-medium size-medium wp-post-image\" alt=\"\" style=\"\" srcset=\"https:\/\/dl-nordwest.com\/wp-content\/uploads\/2024\/11\/icom-id52_fw126_title-300x184.jpg 300w, https:\/\/dl-nordwest.com\/wp-content\/uploads\/2024\/11\/icom-id52_fw126_title-768x472.jpg 768w, https:\/\/dl-nordwest.com\/wp-content\/uploads\/2024\/11\/icom-id52_fw126_title-825x510.jpg 825w, https:\/\/dl-nordwest.com\/wp-content\/uploads\/2024\/11\/icom-id52_fw126_title.jpg 968w\" sizes=\"auto, (max-width: 300px) 100vw, 300px\" \/><\/a><\/div><a class=\"wp-block-latest-posts__post-title\" href=\"https:\/\/dl-nordwest.com\/index.php\/2024\/11\/25\/icom-id-52-firmware-update-v1-26\/\">ICOM ID-52: Firmware Update v1.26<\/a><time datetime=\"2024-11-25T08:30:00+01:00\" class=\"wp-block-latest-posts__post-date\">25. November 2024<\/time><\/li>\n<li><div class=\"wp-block-latest-posts__featured-image alignleft\"><a href=\"https:\/\/dl-nordwest.com\/index.php\/2024\/11\/23\/icom-id-52-plus-firmware-update-v1-10\/\" aria-label=\"ICOM ID-52 Plus: Firmware Update v1.10\"><img loading=\"lazy\" decoding=\"async\" width=\"300\" height=\"184\" src=\"https:\/\/dl-nordwest.com\/wp-content\/uploads\/2024\/11\/id-52p-fw110_title-300x184.jpg\" class=\"attachment-medium size-medium wp-post-image\" alt=\"\" style=\"\" srcset=\"https:\/\/dl-nordwest.com\/wp-content\/uploads\/2024\/11\/id-52p-fw110_title-300x184.jpg 300w, https:\/\/dl-nordwest.com\/wp-content\/uploads\/2024\/11\/id-52p-fw110_title-768x472.jpg 768w, https:\/\/dl-nordwest.com\/wp-content\/uploads\/2024\/11\/id-52p-fw110_title-825x510.jpg 825w, https:\/\/dl-nordwest.com\/wp-content\/uploads\/2024\/11\/id-52p-fw110_title.jpg 968w\" sizes=\"auto, (max-width: 300px) 100vw, 300px\" \/><\/a><\/div><a class=\"wp-block-latest-posts__post-title\" href=\"https:\/\/dl-nordwest.com\/index.php\/2024\/11\/23\/icom-id-52-plus-firmware-update-v1-10\/\">ICOM ID-52 Plus: Firmware Update v1.10<\/a><time datetime=\"2024-11-23T08:30:00+01:00\" class=\"wp-block-latest-posts__post-date\">23. November 2024<\/time><\/li>\n<li><div class=\"wp-block-latest-posts__featured-image alignleft\"><a href=\"https:\/\/dl-nordwest.com\/index.php\/2024\/07\/14\/icom-id-52-plus-limitierte-auflage-zum-60-jahrestag\/\" aria-label=\"ICOM ID-52 Plus (Limitierte Auflage zum 60. Jahrestag)\"><img loading=\"lazy\" decoding=\"async\" width=\"300\" height=\"184\" src=\"https:\/\/dl-nordwest.com\/wp-content\/uploads\/2024\/07\/id-52p_title-300x184.jpg\" class=\"attachment-medium size-medium wp-post-image\" alt=\"\" style=\"\" srcset=\"https:\/\/dl-nordwest.com\/wp-content\/uploads\/2024\/07\/id-52p_title-300x184.jpg 300w, https:\/\/dl-nordwest.com\/wp-content\/uploads\/2024\/07\/id-52p_title-768x472.jpg 768w, https:\/\/dl-nordwest.com\/wp-content\/uploads\/2024\/07\/id-52p_title-825x510.jpg 825w, https:\/\/dl-nordwest.com\/wp-content\/uploads\/2024\/07\/id-52p_title.jpg 968w\" sizes=\"auto, (max-width: 300px) 100vw, 300px\" \/><\/a><\/div><a class=\"wp-block-latest-posts__post-title\" href=\"https:\/\/dl-nordwest.com\/index.php\/2024\/07\/14\/icom-id-52-plus-limitierte-auflage-zum-60-jahrestag\/\">ICOM ID-52 Plus (Limitierte Auflage zum 60. Jahrestag)<\/a><time datetime=\"2024-07-14T09:30:00+02:00\" class=\"wp-block-latest-posts__post-date\">14. Juli 2024<\/time><\/li>\n<li><div class=\"wp-block-latest-posts__featured-image alignleft\"><a href=\"https:\/\/dl-nordwest.com\/index.php\/2023\/08\/05\/und-fast-taeglich-gruesst-das-murmeltier-icom-id-52-v1-25\/\" aria-label=\"Und (fast) t\u00e4glich gr\u00fc\u00dft das Murmeltier&#8230; ICOM ID-52   v1.25\"><img loading=\"lazy\" decoding=\"async\" width=\"300\" height=\"184\" src=\"https:\/\/dl-nordwest.com\/wp-content\/uploads\/2024\/01\/icom_fw125_title-300x184.jpg\" class=\"attachment-medium size-medium wp-post-image\" alt=\"\" style=\"\" srcset=\"https:\/\/dl-nordwest.com\/wp-content\/uploads\/2024\/01\/icom_fw125_title-300x184.jpg 300w, https:\/\/dl-nordwest.com\/wp-content\/uploads\/2024\/01\/icom_fw125_title-768x472.jpg 768w, https:\/\/dl-nordwest.com\/wp-content\/uploads\/2024\/01\/icom_fw125_title-825x510.jpg 825w, https:\/\/dl-nordwest.com\/wp-content\/uploads\/2024\/01\/icom_fw125_title.jpg 968w\" sizes=\"auto, (max-width: 300px) 100vw, 300px\" \/><\/a><\/div><a class=\"wp-block-latest-posts__post-title\" href=\"https:\/\/dl-nordwest.com\/index.php\/2023\/08\/05\/und-fast-taeglich-gruesst-das-murmeltier-icom-id-52-v1-25\/\">Und (fast) t\u00e4glich gr\u00fc\u00dft das Murmeltier&#8230; ICOM ID-52   v1.25<\/a><time datetime=\"2023-08-05T08:52:50+02:00\" class=\"wp-block-latest-posts__post-date\">5. August 2023<\/time><\/li>\n<li><div class=\"wp-block-latest-posts__featured-image alignleft\"><a href=\"https:\/\/dl-nordwest.com\/index.php\/2023\/07\/29\/icom-id-52-firmware-update-v1-24\/\" aria-label=\"ICOM ID-52: Firmware Update v1.24\"><img loading=\"lazy\" decoding=\"async\" width=\"300\" height=\"184\" src=\"https:\/\/dl-nordwest.com\/wp-content\/uploads\/2024\/01\/icom_fw124_title-300x184.jpg\" class=\"attachment-medium size-medium wp-post-image\" alt=\"\" style=\"\" srcset=\"https:\/\/dl-nordwest.com\/wp-content\/uploads\/2024\/01\/icom_fw124_title-300x184.jpg 300w, https:\/\/dl-nordwest.com\/wp-content\/uploads\/2024\/01\/icom_fw124_title-768x472.jpg 768w, https:\/\/dl-nordwest.com\/wp-content\/uploads\/2024\/01\/icom_fw124_title-825x510.jpg 825w, https:\/\/dl-nordwest.com\/wp-content\/uploads\/2024\/01\/icom_fw124_title.jpg 968w\" sizes=\"auto, (max-width: 300px) 100vw, 300px\" \/><\/a><\/div><a class=\"wp-block-latest-posts__post-title\" href=\"https:\/\/dl-nordwest.com\/index.php\/2023\/07\/29\/icom-id-52-firmware-update-v1-24\/\">ICOM ID-52: Firmware Update v1.24<\/a><time datetime=\"2023-07-29T09:08:31+02:00\" class=\"wp-block-latest-posts__post-date\">29. Juli 2023<\/time><\/li>\n<\/ul><\/div><\/div>\n","protected":false},"excerpt":{"rendered":"<p>Downloads zum ICOM ID-52E, ID-52 60-Jahre Jubil\u00e4umsedition und ID-52Plus ID-52E Plus \/ 60-Jahre Jubil\u00e4umsedition Weitere Downloads zum ICOM ID-52E Plus findet ihr auf der ICOM-Seite. ID-52E Weitere Downloads zum ICOM ID-52E findet ihr auf der ICOM-Seite. Beitr\u00e4ge zum ICOM ID-52E (Plus)<\/p>\n","protected":false},"author":2,"featured_media":1365,"parent":670,"menu_order":2,"comment_status":"closed","ping_status":"closed","template":"","meta":{"rop_custom_images_group":[],"rop_custom_messages_group":[],"rop_publish_now":"initial","rop_publish_now_accounts":[],"rop_publish_now_history":[],"rop_publish_now_status":"pending","footnotes":""},"class_list":["post-1368","page","type-page","status-publish","has-post-thumbnail","hentry"],"_links":{"self":[{"href":"https:\/\/dl-nordwest.com\/index.php\/wp-json\/wp\/v2\/pages\/1368","targetHints":{"allow":["GET"]}}],"collection":[{"href":"https:\/\/dl-nordwest.com\/index.php\/wp-json\/wp\/v2\/pages"}],"about":[{"href":"https:\/\/dl-nordwest.com\/index.php\/wp-json\/wp\/v2\/types\/page"}],"author":[{"embeddable":true,"href":"https:\/\/dl-nordwest.com\/index.php\/wp-json\/wp\/v2\/users\/2"}],"replies":[{"embeddable":true,"href":"https:\/\/dl-nordwest.com\/index.php\/wp-json\/wp\/v2\/comments?post=1368"}],"version-history":[{"count":4,"href":"https:\/\/dl-nordwest.com\/index.php\/wp-json\/wp\/v2\/pages\/1368\/revisions"}],"predecessor-version":[{"id":8113,"href":"https:\/\/dl-nordwest.com\/index.php\/wp-json\/wp\/v2\/pages\/1368\/revisions\/8113"}],"up":[{"embeddable":true,"href":"https:\/\/dl-nordwest.com\/index.php\/wp-json\/wp\/v2\/pages\/670"}],"wp:featuredmedia":[{"embeddable":true,"href":"https:\/\/dl-nordwest.com\/index.php\/wp-json\/wp\/v2\/media\/1365"}],"wp:attachment":[{"href":"https:\/\/dl-nordwest.com\/index.php\/wp-json\/wp\/v2\/media?parent=1368"}],"curies":[{"name":"wp","href":"https:\/\/api.w.org\/{rel}","templated":true}]}}