{"id":1348,"date":"2023-02-01T09:13:56","date_gmt":"2023-02-01T08:13:56","guid":{"rendered":"https:\/\/dl-nordwest.com\/?page_id=1348"},"modified":"2025-07-21T14:30:14","modified_gmt":"2025-07-21T12:30:14","slug":"apco25-nxdn","status":"publish","type":"page","link":"https:\/\/dl-nordwest.com\/index.php\/dl-nordwest\/die-raeume\/apco25-nxdn\/","title":{"rendered":"APCO25, M17 &amp; NXDN"},"content":{"rendered":"\n<p>Ferner haben wir noch einen URF Reflector erstellt, in dem wir die hier genannten zusammenfassen, weil sie mehr experimentellen Charakter haben, aber nat\u00fcrlich voll funktionsf\u00e4hig sind.<\/p>\n\n\n\n<p>Es handelt sich um die Betriebsarten APCO25, M17 und NXDN. Hierzu k\u00f6nnt ihr sowohl im Cross-Mode als auch mit den daf\u00fcr vorgesehenen Funkger\u00e4ten einsteigen.<\/p>\n\n\n\n<p>F\u00fcr APCO25 nutzt bitte die TG10421 den solltet ihr in der Liste eures Hotspot finden. <\/p>\n\n\n\n<p>F\u00fcr NXDN nutzt bitte die TG20421 auch der steht in euren Listen<\/p>\n\n\n\n<p>Besonderheit ist M17 auf dem Modul T den wir rein f\u00fcr Test QSO\u00b4  s angelegt haben. Zus\u00e4tzlich zu dem bekannten Modul D auf dem dann alles in DL-Nordwest weitergeleitet und Transcodiert wird.<\/p>\n\n\n\n<p>Das Transcoding in die anderen Betriebsarten erfolgt nat\u00fcrlich wieder automatisch.<\/p>\n\n\n\n<p>Viel Erfolg beim Experimentieren.<\/p>\n\n\n\n<p><\/p>\n\n\n\n<p><\/p>\n","protected":false},"excerpt":{"rendered":"<p>Ferner haben wir noch 2 R\u00e4ume erstellt, die wir hier zusammenfassen<\/p>\n","protected":false},"author":2,"featured_media":1350,"parent":20,"menu_order":5,"comment_status":"closed","ping_status":"closed","template":"","meta":{"rop_custom_images_group":[],"rop_custom_messages_group":[],"rop_publish_now":"initial","rop_publish_now_accounts":[],"rop_publish_now_history":[],"rop_publish_now_status":"pending","footnotes":""},"class_list":["post-1348","page","type-page","status-publish","has-post-thumbnail","hentry"],"_links":{"self":[{"href":"https:\/\/dl-nordwest.com\/index.php\/wp-json\/wp\/v2\/pages\/1348","targetHints":{"allow":["GET"]}}],"collection":[{"href":"https:\/\/dl-nordwest.com\/index.php\/wp-json\/wp\/v2\/pages"}],"about":[{"href":"https:\/\/dl-nordwest.com\/index.php\/wp-json\/wp\/v2\/types\/page"}],"author":[{"embeddable":true,"href":"https:\/\/dl-nordwest.com\/index.php\/wp-json\/wp\/v2\/users\/2"}],"replies":[{"embeddable":true,"href":"https:\/\/dl-nordwest.com\/index.php\/wp-json\/wp\/v2\/comments?post=1348"}],"version-history":[{"count":1,"href":"https:\/\/dl-nordwest.com\/index.php\/wp-json\/wp\/v2\/pages\/1348\/revisions"}],"predecessor-version":[{"id":7556,"href":"https:\/\/dl-nordwest.com\/index.php\/wp-json\/wp\/v2\/pages\/1348\/revisions\/7556"}],"up":[{"embeddable":true,"href":"https:\/\/dl-nordwest.com\/index.php\/wp-json\/wp\/v2\/pages\/20"}],"wp:featuredmedia":[{"embeddable":true,"href":"https:\/\/dl-nordwest.com\/index.php\/wp-json\/wp\/v2\/media\/1350"}],"wp:attachment":[{"href":"https:\/\/dl-nordwest.com\/index.php\/wp-json\/wp\/v2\/media?parent=1348"}],"curies":[{"name":"wp","href":"https:\/\/api.w.org\/{rel}","templated":true}]}}